{"id":3028,"date":"2025-03-06T10:27:07","date_gmt":"2025-03-06T09:27:07","guid":{"rendered":"https:\/\/www.hsu-hh.de\/vw\/?page_id=3028"},"modified":"2026-01-14T10:42:06","modified_gmt":"2026-01-14T09:42:06","slug":"chancen-herausforderungen-und-gestaltungspotentiale-der-digitalen-transformation-in-der-sozialen-selbstverwaltung-kurz-change-digits","status":"publish","type":"page","link":"https:\/\/www.hsu-hh.de\/vw\/chancen-herausforderungen-und-gestaltungspotentiale-der-digitalen-transformation-in-der-sozialen-selbstverwaltung-kurz-change-digits","title":{"rendered":"Chancen, Herausforderungen und Gestaltungspotentiale der digitalen Transformation in der sozialen Selbstverwaltung (kurz: ChanGe DigiTs)"},"content":{"rendered":"\n<p>Das Forschungsnetzwerk Alterssicherung finanziert Kooperation der Helmut-Schmidt-Universit\u00e4t und der Universit\u00e4t Graz.<\/p>\n\n\n\n<p>Das von <abbr title=\"Professor\">Prof.<\/abbr> <abbr title=\"Doktor\">Dr.<\/abbr> Tanja Klenk (Helmut-Schmidt-Universit\u00e4t) und <abbr title=\"Professor\">Prof.<\/abbr> <abbr title=\"Doktor\">Dr.<\/abbr> Juliane Jarke sowie <abbr title=\"Doktor\">Dr.<\/abbr> Anja Eder (Universit\u00e4t Graz) geleitete Projekt erforscht die Chancen und Herausforderungen der Digitalisierung anhand der Deutschen Rentenversicherung \u2013 und greift hierf\u00fcr eine organisatorische Besonderheit der Deutschen Rentenversicherung auf: die soziale Selbstverwaltung als partizipatives Organisationsmodell.<\/p>\n\n\n\n<p>Das Verwaltungsmodell der gesetzlichen Rentenversicherungstr\u00e4ger st\u00fctzt sich auf verschiedene Mechanismen, die den Versicherten helfen, Verwaltungsaufwand zu bew\u00e4ltigen und ihre Anliegen vorzubringen. Zwei Schl\u00fcsselbereiche der Selbstverwaltung sind besonders relevant: Widerspruchsaussch\u00fcsse, in denen gew\u00e4hlte Vertreter F\u00e4lle \u00fcberpr\u00fcfen, in denen die Verwaltung Antr\u00e4ge der Versicherten abgelehnt hat, und ehrenamtliche Beraterinnen und Berater, die die Versicherten bei der Rentenantragsstellung unterst\u00fctzen und Ausk\u00fcnfte rund um die gesetzliche Rentenversicherung erteilen. In beiden F\u00e4llen arbeiten diese Akteure auf freiwilliger Basis, werden von Gewerkschaften oder anderen Organisationen delegiert, die als legitime Vertreter der Versicherten anerkannt sind, und durch Wahl und\/oder Entsendung eine individuelle Legitimation erhalten.<\/p>\n\n\n\n<p>In der zweij\u00e4hrigen Projektlaufzeit wird untersucht, (1) wie sich die Strukturen, Prozesse und Praktiken der sozialen Selbstverwaltung durch Digitalisierung wandeln, (2) welche Chancen und Herausforderungen damit verbundenen sind und (3) welchen Beitrag die soziale Selbstverwaltung zu einer inklusiven und b\u00fcrger- und b\u00fcrgerinnenorientierten digitalen Rentenversicherung leisten kann.<\/p>\n\n\n\n<p>Um diesen Forschungsfragen nachzugehen, untersucht das Projekt mit einem Mixed-Methods-Ansatz die Auswirkungen der Digitalisierung auf die ehrenamtliche Versichertenberatung sowie die Prozesse der Widerspruchsaussch\u00fcsse. Qualitative Methoden wie explorative Interviews werden mit quantitativen Methoden wie einer Fragebogenerhebung kombiniert, um facettenreiche Einblicke in die Auswirkungen der digitalen Transformation auf Selbstverwaltung zu erhalten.<\/p>\n\n\n\n<p>Das Datenschutzkonzept f\u00fcr das Projekt ChangeDigits finden Sie <a href=\"https:\/\/www.hsu-hh.de\/vw\/wp-content\/uploads\/sites\/685\/2026\/01\/ChangeDigits-Datenschutzerklaerung.pdf\" target=\"_blank\" rel=\"noreferrer noopener\">hier<\/a>.<\/p>\n","protected":false},"excerpt":{"rendered":"<p>Das Forschungsnetzwerk Alterssicherung finanziert Kooperation der Helmut-Schmidt-Universit\u00e4t und der Universit\u00e4t Graz. Das von Prof. Dr. Tanja Klenk (Helmut-Schmidt-Universit\u00e4t) und Prof. Dr. Juliane Jarke sowie Dr. Anja Eder (Universit\u00e4t Graz) geleitete [&hellip;]<\/p>\n","protected":false},"author":95,"featured_media":0,"parent":0,"menu_order":0,"comment_status":"closed","ping_status":"closed","template":"","meta":{"footnotes":""},"categories":[4],"tags":[],"class_list":["post-3028","page","type-page","status-publish","hentry","category-forschung"],"_links":{"self":[{"href":"https:\/\/www.hsu-hh.de\/vw\/wp-json\/wp\/v2\/pages\/3028","targetHints":{"allow":["GET"]}}],"collection":[{"href":"https:\/\/www.hsu-hh.de\/vw\/wp-json\/wp\/v2\/pages"}],"about":[{"href":"https:\/\/www.hsu-hh.de\/vw\/wp-json\/wp\/v2\/types\/page"}],"author":[{"embeddable":true,"href":"https:\/\/www.hsu-hh.de\/vw\/wp-json\/wp\/v2\/users\/95"}],"replies":[{"embeddable":true,"href":"https:\/\/www.hsu-hh.de\/vw\/wp-json\/wp\/v2\/comments?post=3028"}],"version-history":[{"count":5,"href":"https:\/\/www.hsu-hh.de\/vw\/wp-json\/wp\/v2\/pages\/3028\/revisions"}],"predecessor-version":[{"id":3328,"href":"https:\/\/www.hsu-hh.de\/vw\/wp-json\/wp\/v2\/pages\/3028\/revisions\/3328"}],"wp:attachment":[{"href":"https:\/\/www.hsu-hh.de\/vw\/wp-json\/wp\/v2\/media?parent=3028"}],"wp:term":[{"taxonomy":"category","embeddable":true,"href":"https:\/\/www.hsu-hh.de\/vw\/wp-json\/wp\/v2\/categories?post=3028"},{"taxonomy":"post_tag","embeddable":true,"href":"https:\/\/www.hsu-hh.de\/vw\/wp-json\/wp\/v2\/tags?post=3028"}],"curies":[{"name":"wp","href":"https:\/\/api.w.org\/{rel}","templated":true}]}}