{"id":295,"date":"2018-02-15T11:02:54","date_gmt":"2018-02-15T10:02:54","guid":{"rendered":"https:\/\/www.hsu-hh.de\/vw\/?page_id=295"},"modified":"2025-03-06T10:28:12","modified_gmt":"2025-03-06T09:28:12","slug":"drittmittelprojekte","status":"publish","type":"page","link":"https:\/\/www.hsu-hh.de\/vw\/drittmittelprojekte","title":{"rendered":"Drittmittelprojekte"},"content":{"rendered":"<p><strong>Laufende Forschungsprojekte<\/strong><\/p>\n<ul>\n<li><a href=\"https:\/\/www.hsu-hh.de\/vw\/der-oegd-als-arbeitgeber\" target=\"_blank\" rel=\"noopener\">Der \u00d6GD als Arbeitgeber<\/a><\/li>\n<li><a href=\"https:\/\/www.hsu-hh.de\/vw\/smart-und-agil-statt-entleert-und-abgehaengt-den-digitalen-wandel-im-laendlichen-raum-gestalten\" target=\"_blank\" rel=\"noopener\">Smart und agil, statt entleert und abgeh\u00e4ngt: Den digitalen Wandel im l\u00e4ndlichen Raum gestalten<\/a><\/li>\n<li><a href=\"https:\/\/www.hsu-hh.de\/vw\/chancen-herausforderungen-und-gestaltungspotentiale-der-digitalen-transformation-in-der-sozialen-selbstverwaltung-kurz-change-digits\" target=\"_blank\" rel=\"noopener\">Chancen, Herausforderungen und Gestaltungspotentiale der digitalen Transformation in der sozialen Selbstverwaltung (kurz: ChanGe DigiTs)<\/a><\/li>\n<\/ul>\n\n\n<hr class=\"wp-block-separator has-alpha-channel-opacity\" \/>\n\n\n\n<p><strong>Abgeschlossene Forschungsprojekte<\/strong><\/p>\n\n\n\n<ul class=\"wp-block-list\">\n<li><a href=\"https:\/\/www.hsu-hh.de\/vw\/public-administration-models-and-principles-some-methodological-issues-and-applications-in-slovenia-and-germany\" target=\"_blank\" rel=\"noreferrer noopener\">Public administration models and principles: some methodological issues and applications in Slovenia and Germany<\/a><\/li>\n\n\n\n<li><a href=\"https:\/\/www.hsu-hh.de\/vw\/nachwuchsgruppe-die-sozialgerichtsbarkeit-und-die-entwicklung-von-sozialrecht-und-sozialpolitik-in-der-brd\" target=\"_blank\" rel=\"noreferrer noopener\">Nachwuchsgruppe Die Sozialgerichtsbarkeit und die Entwicklung von Sozialrecht und Sozialpolitik in der BRD<\/a><\/li>\n\n\n\n<li><a href=\"https:\/\/www.hsu-hh.de\/vw\/street-level-bureaucrats-in-a-choice-based-social-services-environment-comparing-germany-and-israel\" target=\"_blank\" rel=\"noreferrer noopener\">Street-Level Bureaucrats in A Choice-Based Social Services Environment: Comparing Germany and Israel<\/a><\/li>\n\n\n\n<li><a href=\"https:\/\/www.hsu-hh.de\/vw\/arrangements-vorbeugender-sozialpolitik\" target=\"_blank\" rel=\"noreferrer noopener\">Arrangements vorbeugender Sozialpolitik<\/a><\/li>\n\n\n\n<li><a href=\"https:\/\/www.hsu-hh.de\/vw\/comparing-explaining-and-assessing-performance-management-schemes-in-three-northern-european-health-systems\" target=\"_blank\" rel=\"noreferrer noopener\">Comparing, Explaining and Assessing Performance Management Schemes in Three Northern European Health Systems<\/a><\/li>\n\n\n\n<li><a href=\"https:\/\/www.hsu-hh.de\/vw\/changes-in-the-public-administration-and-the-welfare-state-comparative-analyses\" target=\"_blank\" rel=\"noreferrer noopener\">Changes in the Public Administration and the Welfare State \u2013 Comparative Analyses<\/a><\/li>\n\n\n\n<li><a href=\"https:\/\/www.hsu-hh.de\/vw\/soziale-selbstverwaltung-traditionsreicher-steuerungsmechanismus-mit-welcher-zukunft\" target=\"_blank\" rel=\"noreferrer noopener\">Soziale Selbstverwaltung. Traditionsreicher Steuerungsmechanismus &#8211; Mit welcher Zukunft?<\/a><\/li>\n\n\n\n<li><a href=\"https:\/\/www.hsu-hh.de\/vw\/the-governance-of-welfare-markets-how-to-cope-with-mobility-and-diversity\" target=\"_blank\" rel=\"noreferrer noopener\">The governance of welfare markets \u2013 how to cope with mobility and diversity?<\/a><\/li>\n\n\n\n<li><a href=\"https:\/\/www.hsu-hh.de\/vw\/leitungsreformen-als-handlungsfeld-der-verwaltungsmodernisierung\" target=\"_blank\" rel=\"noreferrer noopener\">Leitungsreformen als Handlungsfeld der Verwaltungsmodernisierung<\/a><\/li>\n<\/ul>\n","protected":false},"excerpt":{"rendered":"<p>Laufende Forschungsprojekte Der \u00d6GD als Arbeitgeber Smart und agil, statt entleert und abgeh\u00e4ngt: Den digitalen Wandel im l\u00e4ndlichen Raum gestalten Chancen, Herausforderungen und Gestaltungspotentiale der digitalen Transformation in der sozialen [&hellip;]<\/p>\n","protected":false},"author":1481,"featured_media":0,"parent":0,"menu_order":0,"comment_status":"closed","ping_status":"closed","template":"","meta":{"footnotes":""},"categories":[4],"tags":[],"class_list":["post-295","page","type-page","status-publish","hentry","category-forschung"],"_links":{"self":[{"href":"https:\/\/www.hsu-hh.de\/vw\/wp-json\/wp\/v2\/pages\/295","targetHints":{"allow":["GET"]}}],"collection":[{"href":"https:\/\/www.hsu-hh.de\/vw\/wp-json\/wp\/v2\/pages"}],"about":[{"href":"https:\/\/www.hsu-hh.de\/vw\/wp-json\/wp\/v2\/types\/page"}],"author":[{"embeddable":true,"href":"https:\/\/www.hsu-hh.de\/vw\/wp-json\/wp\/v2\/users\/1481"}],"replies":[{"embeddable":true,"href":"https:\/\/www.hsu-hh.de\/vw\/wp-json\/wp\/v2\/comments?post=295"}],"version-history":[{"count":28,"href":"https:\/\/www.hsu-hh.de\/vw\/wp-json\/wp\/v2\/pages\/295\/revisions"}],"predecessor-version":[{"id":3030,"href":"https:\/\/www.hsu-hh.de\/vw\/wp-json\/wp\/v2\/pages\/295\/revisions\/3030"}],"wp:attachment":[{"href":"https:\/\/www.hsu-hh.de\/vw\/wp-json\/wp\/v2\/media?parent=295"}],"wp:term":[{"taxonomy":"category","embeddable":true,"href":"https:\/\/www.hsu-hh.de\/vw\/wp-json\/wp\/v2\/categories?post=295"},{"taxonomy":"post_tag","embeddable":true,"href":"https:\/\/www.hsu-hh.de\/vw\/wp-json\/wp\/v2\/tags?post=295"}],"curies":[{"name":"wp","href":"https:\/\/api.w.org\/{rel}","templated":true}]}}