{"id":2938,"date":"2024-10-30T15:22:15","date_gmt":"2024-10-30T14:22:15","guid":{"rendered":"https:\/\/www.hsu-hh.de\/vw\/?page_id=2938"},"modified":"2024-10-30T15:23:07","modified_gmt":"2024-10-30T14:23:07","slug":"magdalena-koeppen","status":"publish","type":"page","link":"https:\/\/www.hsu-hh.de\/vw\/magdalena-koeppen","title":{"rendered":"Magdalena K\u00f6ppen"},"content":{"rendered":"\n<p>Arbeitstitel f\u00fcr die Dissertation: &#8222;Konfliktpotenziale und Konfliktbearbeitung in der Grundsicherung f\u00fcr Arbeitsuchende (SGB II)&#8220;<\/p>\n\n\n\n<hr class=\"wp-block-separator has-alpha-channel-opacity\" \/>\n\n\n\n<p>Magdalena K\u00f6ppen studierte Politikwissenschaft und Economics (B.A. Abschluss 2020) an der Ruprecht-Karls-Universit\u00e4t Heidelberg sowie Public Administration (M.A. Abschluss 2022) an der Deutschen Universit\u00e4t f\u00fcr Verwaltungswissenschaften in Speyer. Sie ist seit 2022 Lehrbeauftragte an der Hochschule der Bundesagentur f\u00fcr Arbeit in Mannheim. Seit 2023 ist sie wissenschaftliche Mitarbeiterin am Institut f\u00fcr Arbeitsmarkt- und Berufsforschung (IAB) in N\u00fcrnberg.<\/p>\n","protected":false},"excerpt":{"rendered":"<p>Arbeitstitel f\u00fcr die Dissertation: &#8222;Konfliktpotenziale und Konfliktbearbeitung in der Grundsicherung f\u00fcr Arbeitsuchende (SGB II)&#8220; Magdalena K\u00f6ppen studierte Politikwissenschaft und Economics (B.A. Abschluss 2020) an der Ruprecht-Karls-Universit\u00e4t Heidelberg sowie Public Administration [&hellip;]<\/p>\n","protected":false},"author":95,"featured_media":0,"parent":0,"menu_order":0,"comment_status":"closed","ping_status":"closed","template":"","meta":{"footnotes":""},"categories":[4],"tags":[],"class_list":["post-2938","page","type-page","status-publish","hentry","category-forschung"],"_links":{"self":[{"href":"https:\/\/www.hsu-hh.de\/vw\/wp-json\/wp\/v2\/pages\/2938","targetHints":{"allow":["GET"]}}],"collection":[{"href":"https:\/\/www.hsu-hh.de\/vw\/wp-json\/wp\/v2\/pages"}],"about":[{"href":"https:\/\/www.hsu-hh.de\/vw\/wp-json\/wp\/v2\/types\/page"}],"author":[{"embeddable":true,"href":"https:\/\/www.hsu-hh.de\/vw\/wp-json\/wp\/v2\/users\/95"}],"replies":[{"embeddable":true,"href":"https:\/\/www.hsu-hh.de\/vw\/wp-json\/wp\/v2\/comments?post=2938"}],"version-history":[{"count":2,"href":"https:\/\/www.hsu-hh.de\/vw\/wp-json\/wp\/v2\/pages\/2938\/revisions"}],"predecessor-version":[{"id":2941,"href":"https:\/\/www.hsu-hh.de\/vw\/wp-json\/wp\/v2\/pages\/2938\/revisions\/2941"}],"wp:attachment":[{"href":"https:\/\/www.hsu-hh.de\/vw\/wp-json\/wp\/v2\/media?parent=2938"}],"wp:term":[{"taxonomy":"category","embeddable":true,"href":"https:\/\/www.hsu-hh.de\/vw\/wp-json\/wp\/v2\/categories?post=2938"},{"taxonomy":"post_tag","embeddable":true,"href":"https:\/\/www.hsu-hh.de\/vw\/wp-json\/wp\/v2\/tags?post=2938"}],"curies":[{"name":"wp","href":"https:\/\/api.w.org\/{rel}","templated":true}]}}