{"id":2934,"date":"2024-10-30T15:18:03","date_gmt":"2024-10-30T14:18:03","guid":{"rendered":"https:\/\/www.hsu-hh.de\/vw\/?page_id=2934"},"modified":"2024-10-30T15:25:27","modified_gmt":"2024-10-30T14:25:27","slug":"dr-henry-wittke","status":"publish","type":"page","link":"https:\/\/www.hsu-hh.de\/vw\/dr-henry-wittke","title":{"rendered":"Dr. Henry Wittke"},"content":{"rendered":"\n<p><a href=\"mailto:h.wittke@hsu-hh.de\" rel='nofollow'>h.wittke@hsu-hh.de<\/a><\/p>\n\n\n\n<hr class=\"wp-block-separator has-alpha-channel-opacity\" \/>\n\n\n\n<p><strong>Akademische Kurzvita:<\/strong><\/p>\n\n\n\n<p>Zuletzt: Promotion im Bereich K\u00fcnstlicher Intelligenz in Deutschland (s. Forschungsschwerpunkte\/ Publikationen)<\/p>\n\n\n\n<p>09\/2014-09\/2018: Bachelor- und Masterstudium Politik an der <abbr title=\"Helmut Schmidt Universit\u00e4t\">HSU<\/abbr> in Hamburg (M.A. mit Auszeichnung).<\/p>\n\n\n\n<p>04\/2018-07\/2018: Forschungsaufenthalt im Rahmen seiner bi-nationalen Masterarbeit \u00fcber die sozio-\u00f6konomischen Auswirkungen von KI an der Harvard Kennedy School, Ash Center for Democratic Governance and Innovation, Cambridge, USA<\/p>\n\n\n\n<p>06\/2017-08\/2017: Auslandsstudium an der Stanford University, Californien, USA<\/p>\n\n\n\n<p>2016: Auslandsstudium an der University of California Berkeley, Californien, USA.<\/p>\n\n\n\n<hr class=\"wp-block-separator has-alpha-channel-opacity\" \/>\n\n\n\n<p><strong>Abstrakt zur Qualifikationsarbeit<\/strong><br>K\u00fcnstliche Intelligenz (KI) inspiriert und polarisiert. Globale Machtk\u00e4mpfe haben begonnen. Die Regulierung von KI ist bereits zentraler Gegenstand politischer Diskurse. Akteure aus Politik, Wissenschaft, Wirtschaft und Zivilgesellschaft formen diesen politischen Diskurs. Dieses Buch zeigt auf, inwiefern technologischer Wandel mit einem Wandel von politischen Regelungsstrukturen einhergeht. Wer sind diese Akteure und wie interagieren sie? Mit Hilfe welcher Institutionen <abbr title=\"beziehungsweise\">bzw.<\/abbr> Instrumente formulieren sie regulative Ziele? Neben weiteren empirischen Fragen, befasst sich das Buch vor allem auch mit methodischen Fragen: Wie kann der Entstehungs- und Entwicklungsprozess dieses Politikfeldes empirisch untersucht, mess- und vergleichbar gemacht werden? Das entstandene Werk adressiert diese sowie theoretische Fragen und kombiniert hierf\u00fcr Denkans\u00e4tze aus der Wirtschafts- und Verwaltungsforschung, der sozialen Netzwerkforschung und der Graphentheorie.<\/p>\n\n\n\n<p>Weitere Informationen zum Buch finden Sie hier: <a href=\"https:\/\/link.springer.com\/book\/10.1007\/978-3-658-42999-7\" rel='nofollow'>https:\/\/link.springer.com\/book\/10.1007\/978-3-658-42999-7<\/a><\/p>\n\n\n\n<hr class=\"wp-block-separator has-alpha-channel-opacity\" \/>\n\n\n\n<p><strong>Forschungsschwerpunkte:<\/strong><br>&#8211; K\u00fcnstliche Intelligenz und Automatisierung<br>&#8211; Digitalisierungsforschung<br>&#8211; Innovationsforschung\/ Public sector innovation<br>&#8211; Graphentheorie\/ Netzwerkforschung (SNA)<br>&#8211; Governance\/ Politikfeldtheorien<br>&#8211; Policy-Prozess Theorien<br>&#8211; Mixed Methods<br>&#8211; Gesundheits-\/ Verwaltungs- und Sicherheitspolitik<\/p>\n\n\n\n<hr class=\"wp-block-separator has-alpha-channel-opacity\" \/>\n\n\n\n<p><strong>Publikationen:<\/strong><br>&#8211; Behm, Moritz E.; Wittke, Henry A.; Klenk, Tanja (2024): Digitalisierung im Gesundheitssektor \u2013 2. Auflage, in: Handbuch Digitalisierung in Staat und Verwaltung. Wiesbaden: Springer VS. <a href=\"https:\/\/doi.org\/10.1007\/978-3-658-23669-4_44-3\" rel='nofollow'>https:\/\/doi.org\/10.1007\/978-3-658-23669-4_44-3<\/a><br>&#8211; Wittke, Henry Alexander (2023): Die Entstehung eines Politikfeldes f\u00fcr K\u00fcnstliche Intelligenz in Deutschland. Eine Analyse von Policy-Netzwerken im Zeitraum von 2017 bis 2021. Wiesbaden: Springer VS. <a href=\"https:\/\/doi.org\/10.1007\/978-3-658-42999-7\" rel='nofollow'>https:\/\/doi.org\/10.1007\/978-3-658-42999-7<\/a><br>&#8211; Wittke, Henry Alexander (2023): Der Einsatz Digitaler Plattformen und K\u00fcnstlicher Intelligenz im Gesundheitswesen \u2013 eine analytische Ann\u00e4herung, in: Plattform\u00f6konomie im Gesundheitswesen. Health-as-a-Service. Digitale Gesch\u00e4ftsmodelle f\u00fcr bessere Behandlungsqualit\u00e4t und Patienten-Experience. Wiesbaden: Springer Fachmedien. <a href=\"https:\/\/doi.org\/10.1007\/978-3-658-35991-1_15\" rel='nofollow'>https:\/\/doi.org\/10.1007\/978-3-658-35991-1_15<\/a><br>&#8211; Wittke, Henry Alexander (2022): Beitrag auf der N3GZ-Fr\u00fchjahrstagung, Policy-Netzwerke zur Erkl\u00e4rung des Entstehungsprozesses eines Politikfeldes f\u00fcr KI, online unter: <a href=\"https:\/\/n3gz.org\/2022\/12\/09\/policy-netzwerke-zur-erklaerung-des-entstehungsprozesses-eines-politikfeldes-fuer-ki\/\" rel='nofollow'>https:\/\/n3gz.org\/2022\/12\/09\/policy-netzwerke-zur-erklaerung-des-entstehungsprozesses-eines-politikfeldes-fuer-ki\/<\/a><br>&#8211; Wittke, Henry Alexander (2020): KI. Zwischen Fluch und Segen, in: Innovative Verwaltung, 4\/2020. Wiesbaden: Springer Fachmedien.<br>&#8211; Wittke, Henry Alexander (2020): Artificial Intelligence. An Approach to Assess the Impact on the Information Economy. Baden-Baden: Tectum Verlag, Nomos Verlagsgesellschaft.<br>&#8211; Wittke, Henry Alexander (2019): Big Data pr\u00e4gt das Gesundheitswesen, online unter: <a href=\"https:\/\/gids-hamburg.de\/big-data-praegt-das-gesundheitswesen\/\" rel='nofollow'>https:\/\/gids-hamburg.de\/big-data-praegt-das-gesundheitswesen\/<\/a><br>&#8211; Wittke, Henry Alexander (2018): Das Mietrechtsnovellierungsgesetz (Mietpreisbremse). Eine Analyse der deutschen Wohnungsmarktregulierung mithilfe des Multiple-Streams-Ansatzes. M\u00fcnchen: Grin Verlag.<br>&#8211; Wittke, Henry Alexander (2017): Is Blockchain in Line with Modern Democratic Principles?, in: Philosophy and Emerging Technologies, Stanford University.<\/p>\n","protected":false},"excerpt":{"rendered":"<p>h.wittke@hsu-hh.de Akademische Kurzvita: Zuletzt: Promotion im Bereich K\u00fcnstlicher Intelligenz in Deutschland (s. Forschungsschwerpunkte\/ Publikationen) 09\/2014-09\/2018: Bachelor- und Masterstudium Politik an der HSU in Hamburg (M.A. mit Auszeichnung). 04\/2018-07\/2018: Forschungsaufenthalt im [&hellip;]<\/p>\n","protected":false},"author":95,"featured_media":0,"parent":0,"menu_order":0,"comment_status":"closed","ping_status":"closed","template":"","meta":{"footnotes":""},"categories":[4],"tags":[],"class_list":["post-2934","page","type-page","status-publish","hentry","category-forschung"],"_links":{"self":[{"href":"https:\/\/www.hsu-hh.de\/vw\/wp-json\/wp\/v2\/pages\/2934","targetHints":{"allow":["GET"]}}],"collection":[{"href":"https:\/\/www.hsu-hh.de\/vw\/wp-json\/wp\/v2\/pages"}],"about":[{"href":"https:\/\/www.hsu-hh.de\/vw\/wp-json\/wp\/v2\/types\/page"}],"author":[{"embeddable":true,"href":"https:\/\/www.hsu-hh.de\/vw\/wp-json\/wp\/v2\/users\/95"}],"replies":[{"embeddable":true,"href":"https:\/\/www.hsu-hh.de\/vw\/wp-json\/wp\/v2\/comments?post=2934"}],"version-history":[{"count":3,"href":"https:\/\/www.hsu-hh.de\/vw\/wp-json\/wp\/v2\/pages\/2934\/revisions"}],"predecessor-version":[{"id":2944,"href":"https:\/\/www.hsu-hh.de\/vw\/wp-json\/wp\/v2\/pages\/2934\/revisions\/2944"}],"wp:attachment":[{"href":"https:\/\/www.hsu-hh.de\/vw\/wp-json\/wp\/v2\/media?parent=2934"}],"wp:term":[{"taxonomy":"category","embeddable":true,"href":"https:\/\/www.hsu-hh.de\/vw\/wp-json\/wp\/v2\/categories?post=2934"},{"taxonomy":"post_tag","embeddable":true,"href":"https:\/\/www.hsu-hh.de\/vw\/wp-json\/wp\/v2\/tags?post=2934"}],"curies":[{"name":"wp","href":"https:\/\/api.w.org\/{rel}","templated":true}]}}