{"id":2931,"date":"2024-10-30T14:53:28","date_gmt":"2024-10-30T13:53:28","guid":{"rendered":"https:\/\/www.hsu-hh.de\/vw\/?page_id=2931"},"modified":"2024-10-30T15:23:40","modified_gmt":"2024-10-30T14:23:40","slug":"dr-alexander-berzel","status":"publish","type":"page","link":"https:\/\/www.hsu-hh.de\/vw\/dr-alexander-berzel","title":{"rendered":"Dr. Alexander Berzel"},"content":{"rendered":"\n<p><abbr title=\"Doktor\">Dr.<\/abbr> Alexander Berzel ist Referent im Referat &#8222;Hessische Arbeitsmarktf\u00f6rderung&#8220; des Hessischen Ministeriums f\u00fcr Arbeit,\u00a0Integration, Jugend und Soziales. Zuvor forschte er an der Universit\u00e4t Kassel, war Gastwissenschaftler an der Helmut-Schmidt-Universit\u00e4t Hamburg und Stipendiat der Friedrich-Ebert-Stiftung mit den Forschungsschwerpunkten Governance, F\u00f6deralismus und Arbeitsmarktpolitik.<\/p>\n\n\n\n<hr class=\"wp-block-separator has-alpha-channel-opacity\" \/>\n\n\n\n<p><a href=\"https:\/\/link.springer.com\/book\/10.1007\/978-3-658-43699-5\" target=\"_blank\" rel=\"noreferrer noopener\"><strong>Dissertation<\/strong>:<\/a><br>Die digitale Transformation der Arbeitswelt setzt Politik auf allen Ebenen und in verschiedenen Ressorts unter Handlungsdruck. Dieses Buch bietet einen tiefen Einblick in das dynamische Policy-Making der deutschen L\u00e4nder zwischen Arbeitsmarktpolitik und Wirtschaftsf\u00f6rderung. Am Beispiel der digitalen Transformation der Arbeitswelt wird eruiert, wo sich M\u00f6glichkeiten der Landesregierungen f\u00fcr eigenst\u00e4ndige Schwerpunktsetzungen bieten, inwiefern sich ihre Aktivit\u00e4ten unterscheiden und ob die sektoralen Logiken zwischen den genannten Politikfeldern aufgebrochen werden. Dadurch dass klassische Analysewege verstellt sind, stehen neben diesen empirischen auch theoretische Fragen im Zentrum des Buchs. Aus einer doppelten Perspektive von vergleichender Policyanalyse und F\u00f6deralismusforschung heraus wird ein Analysesetting entwickelt, das in den Fokus r\u00fcckt, was sonst wenig sichtbar ist: die vielf\u00e4ltigen Handlungsspielr\u00e4ume der Landesregierungen und damit die (versteckten) Policy-Dynamiken im Exekutivf\u00f6deralismus.<\/p>\n","protected":false},"excerpt":{"rendered":"<p>Dr. Alexander Berzel ist Referent im Referat &#8222;Hessische Arbeitsmarktf\u00f6rderung&#8220; des Hessischen Ministeriums f\u00fcr Arbeit,\u00a0Integration, Jugend und Soziales. Zuvor forschte er an der Universit\u00e4t Kassel, war Gastwissenschaftler an der Helmut-Schmidt-Universit\u00e4t Hamburg [&hellip;]<\/p>\n","protected":false},"author":95,"featured_media":0,"parent":0,"menu_order":0,"comment_status":"closed","ping_status":"closed","template":"","meta":{"footnotes":""},"categories":[4],"tags":[],"class_list":["post-2931","page","type-page","status-publish","hentry","category-forschung"],"_links":{"self":[{"href":"https:\/\/www.hsu-hh.de\/vw\/wp-json\/wp\/v2\/pages\/2931","targetHints":{"allow":["GET"]}}],"collection":[{"href":"https:\/\/www.hsu-hh.de\/vw\/wp-json\/wp\/v2\/pages"}],"about":[{"href":"https:\/\/www.hsu-hh.de\/vw\/wp-json\/wp\/v2\/types\/page"}],"author":[{"embeddable":true,"href":"https:\/\/www.hsu-hh.de\/vw\/wp-json\/wp\/v2\/users\/95"}],"replies":[{"embeddable":true,"href":"https:\/\/www.hsu-hh.de\/vw\/wp-json\/wp\/v2\/comments?post=2931"}],"version-history":[{"count":2,"href":"https:\/\/www.hsu-hh.de\/vw\/wp-json\/wp\/v2\/pages\/2931\/revisions"}],"predecessor-version":[{"id":2942,"href":"https:\/\/www.hsu-hh.de\/vw\/wp-json\/wp\/v2\/pages\/2931\/revisions\/2942"}],"wp:attachment":[{"href":"https:\/\/www.hsu-hh.de\/vw\/wp-json\/wp\/v2\/media?parent=2931"}],"wp:term":[{"taxonomy":"category","embeddable":true,"href":"https:\/\/www.hsu-hh.de\/vw\/wp-json\/wp\/v2\/categories?post=2931"},{"taxonomy":"post_tag","embeddable":true,"href":"https:\/\/www.hsu-hh.de\/vw\/wp-json\/wp\/v2\/tags?post=2931"}],"curies":[{"name":"wp","href":"https:\/\/api.w.org\/{rel}","templated":true}]}}