{"id":293,"date":"2018-02-15T11:02:01","date_gmt":"2018-02-15T10:02:01","guid":{"rendered":"https:\/\/www.hsu-hh.de\/vw\/?page_id=293"},"modified":"2026-03-17T12:12:42","modified_gmt":"2026-03-17T11:12:42","slug":"dissertationsprojekte","status":"publish","type":"page","link":"https:\/\/www.hsu-hh.de\/vw\/dissertationsprojekte","title":{"rendered":"Dissertationsprojekte"},"content":{"rendered":"\n<p><em><mark class=\"has-inline-color has-grey-color\">Laufende Arbeiten:<\/mark><\/em><\/p>\n\n\n\n<p><strong>Simon Bogumil<\/strong><\/p>\n\n\n\n<hr class=\"wp-block-separator has-alpha-channel-opacity\" \/>\n\n\n\n<p><strong>Freya Brockstedt<\/strong><\/p>\n\n\n\n<p><em>Arbeitstitel der Dissertation: \u201eDigital Transformation of Public Administration: Social, Institutional, and Normative Dimensions\u201c<\/em><br>Das kumulative Dissertationsprojekt untersucht die digitale Transformation der \u00f6ffentlichen Verwaltung und ihre Auswirkungen auf administrative Belastungen, soziale Ungleichheiten und die institutionelle Legitimit\u00e4t staatlichen Handelns. Im Zentrum steht die Frage, wie digitale Technologien \u2013 von E-Government bis hin zu K\u00fcnstlicher Intelligenz \u2013 Interaktionen zwischen Staat und B\u00fcrger:innen sowie interne Verwaltungsprozesse ver\u00e4ndern. Das Projekt greift auf unterschiedliche theoretische Perspektiven zur\u00fcck, darunter das Konzept der Administrative Burden sowie organisations- und governancebezogene Ans\u00e4tze. Empirisch analysiert es die Erfahrungen und Wahrnehmungen unterschiedlicher Akteur:innen im Kontext \u00f6ffentlicher Verwaltung. Ziel ist es, ein vertieftes Verst\u00e4ndnis der sozialen und organisatorischen Bedingungen digitaler Verwaltungsmodernisierung zu entwickeln.<\/p>\n\n\n\n<hr class=\"wp-block-separator has-alpha-channel-opacity\" \/>\n\n\n\n<p><strong>Nina Felgendreher<\/strong><\/p>\n\n\n\n<p><em>Arbeitstitel der Dissertation: Politisierung im Wandel der Zeit<\/em><br>Das Dissertationsprojekt untersucht die Politisierung in verschiedenen Dimensionen, insbesondere im Kontext von Populismus und Resilienz innerhalb der Verwaltung. Es wird analysiert, welche Rolle Politisierung in diesen Bereichen spielt und wie sie die Funktionsweise \u00f6ffentlicher Institutionen beeinflusst. Dar\u00fcber hinaus wird der Einfluss von Integrit\u00e4tsstandards, Transparenz und Skandalen untersucht, insbesondere in Bezug auf Interessenskonflikte und die Frage, wie Politisierung durch strukturelle Rahmenbedingungen beg\u00fcnstigt, begrenzt oder reguliert werden kann. Ziel des Projekts ist es, Politisierung in all ihren Facetten zu verstehen und die Mechanismen zu erfassen, durch die sie die \u00f6ffentliche Verwaltung pr\u00e4gt.<\/p>\n\n\n\n<hr class=\"wp-block-separator has-alpha-channel-opacity\" \/>\n\n\n\n<p><strong>Magdalena K\u00f6ppen<\/strong><\/p>\n\n\n\n<p><em>Arbeitstitel f\u00fcr die Dissertation: \u201eKonfliktpotenziale und Konfliktbearbeitung in der Grundsicherung f\u00fcr Arbeitsuchende (SGB II)\u201c<\/em><br>Magdalena K\u00f6ppen studierte Politikwissenschaft und Economics (B.A. Abschluss 2020) an der Ruprecht-Karls-Universit\u00e4t Heidelberg sowie Public Administration (M.A. Abschluss 2022) an der Deutschen Universit\u00e4t f\u00fcr Verwaltungswissenschaften in Speyer. Sie ist seit 2022 Lehrbeauftragte an der Hochschule der Bundesagentur f\u00fcr Arbeit in Mannheim. Seit 2023 ist sie wissenschaftliche Mitarbeiterin am Institut f\u00fcr Arbeitsmarkt- und Berufsforschung (IAB) in N\u00fcrnberg.<\/p>\n\n\n\n<hr class=\"wp-block-separator has-alpha-channel-opacity\" \/>\n\n\n\n<p><strong>Laura Kollmann<\/strong><\/p>\n\n\n\n<p><em>Arbeitstitel der Dissertation: &#8222;Die Rolle von street-level bureaucrats in der \u00f6ffentlichen Arbeitsverwaltung in Schweden und Deutschland&#8220;<\/em><br>Die Doktorarbeit von Frau Kollmann befasst sich mit dem Rollenverst\u00e4ndnis von street-level bureaucrats in der \u00f6ffentlichen Arbeitsverwaltung in Schweden und Deutschland. Es wird untersucht, wie Mitarbeitende Aktivierungspolitiken wahrnehmen, umsetzen und pr\u00e4gen. In diesem Zusammenhang wird ein besonderes Augenmerk darauf gerichtet, wie sich Aktivierungspolitiken auf das Verh\u00e4ltnis zu Arbeitssuchenden und Dynamiken von Vertrauen und Misstrauen auswirken. Die Studie folgt einem Constructivist Grounded Theory Ansatz und nutzt Problem-Zentrierte Interviews mit Mitarbeitenden sowie teilnehmende Beobachtung bei Aktivierungsveranstaltungen.<\/p>\n\n\n\n<hr class=\"wp-block-separator has-alpha-channel-opacity\" \/>\n\n\n\n<p><strong>Ron M\u00fcller<\/strong><\/p>\n\n\n\n<p><em>Arbeitstitel der Dissertation: Die Ver\u00e4nderung der Selbstverwaltung im Gesundheitswesen durch die Gesetzgebung auf Bundesebene<\/em><\/p>\n\n\n\n<p>Im Dissertationsvorhaben wurden innerhalb des Betrachtungszeitraums von 2002 bis 2023 achtundzwanzig Gesetze identifiziert, f\u00fcr die es eine Ver\u00e4nderung der Selbstverwaltung festzustellen gilt. Diese enthalten zwischen 700 und 1.000 gesetzliche Einzelma\u00dfnahmen f\u00fcr die eine Bewertung vorzunehmen ist, ob und welche Ver\u00e4nderung der Selbstverwaltung durch den Gesetzgeber auf Bundesebene vorlag. In die Betrachtung eingeschlossen werden hierbei 26 Organe der sozialen Selbstverwaltung und 17 Organe der gemeinsamen Selbstverwaltung. Das genutzte Verfahren ist eine genuine Dokumentenanalyse, bei der ein Regelwerk zur Bildung eines Index aufgestellt wurde, um das Wirken des Gesetzgebers auf die Selbstverwaltung systematisch analysieren zu k\u00f6nnen. Ziel des Projektes ist es, eine Datenlage zu schaffen, damit in der regelm\u00e4\u00dfig wiederkehrenden kritischen Debatte \u00fcber die Notwendigkeit der Selbstverwaltung im Gesundheitswesen einbezogen werden kann, wie der Gesetzgeber auf diese Form der Handlungskoordination gesetzgebend Einfluss nimmt.<\/p>\n\n\n\n<hr class=\"wp-block-separator has-alpha-channel-opacity\" \/>\n\n\n\n<p><strong>Marianna Rovner<\/strong><\/p>\n\n\n\n<p>Marianna Rovner ist wissenschaftliche Mitarbeiterin an der Hochschule f\u00fcr Technik und Wirtschaft Dresden und externe Doktorandin an der Helmut-Schmidt-Universit\u00e4t\/ Universit\u00e4t der Bundeswehr Hamburg an der Professur f\u00fcr Verwaltungswissenschaft. Ihr Studium in Politikwissenschaft absolvierte sie in Duisburg und Frankfurt am Main. Praktische Erfahrungen sammelte sie <abbr title=\"unter anderem\">u.a.<\/abbr> am Lehrstuhl f\u00fcr Politik- und Verwaltungswissenschaft an der Universit\u00e4t Duisburg-Essen und in der Bundes- und Kommunalverwaltung. Sie forscht zur akteurszentrierten und institutionellen Transformation der \u00f6ffentlichen Verwaltung sowie der Wahrnehmung und Akzeptanz von Verwaltungshandeln.<\/p>\n\n\n\n<p>Forschungsinteressen: Public Administration, Governance, Akzeptanzforschung, Verwaltungstransformation, Politikfeldanalyse, Netzwerkanalyse, qualitative Forschungsmethoden<\/p>\n\n\n\n<hr class=\"wp-block-separator has-alpha-channel-opacity\" \/>\n\n\n\n<hr class=\"wp-block-separator has-alpha-channel-opacity\" \/>\n\n\n\n<p><em><mark class=\"has-inline-color has-grey-color\">Abgeschlossene Arbeiten<\/mark><\/em><\/p>\n\n\n\n<p><a href=\"https:\/\/www.hsu-hh.de\/vw\/baptiste-aguila\" target=\"_blank\" rel=\"noreferrer noopener\">Baptiste Aguila<\/a><\/p>\n\n\n\n<p><abbr title=\"Doktor\">Dr.<\/abbr> Moritz Behm<\/p>\n\n\n\n<p><a href=\"https:\/\/www.hsu-hh.de\/vw\/dr-alexander-berzel\" target=\"_blank\" rel=\"noreferrer noopener\"><abbr title=\"Doktor\">Dr.<\/abbr> Alexander Berzel<\/a><\/p>\n\n\n\n<p>Maximilian Nagel<\/p>\n\n\n\n<p><a href=\"https:\/\/www.hsu-hh.de\/vw\/dr-henry-wittke\" target=\"_blank\" rel=\"noreferrer noopener\"><abbr title=\"Doktor\">Dr.<\/abbr> Henry Wittke<\/a><\/p>\n","protected":false},"excerpt":{"rendered":"<p>Laufende Arbeiten: Simon Bogumil Freya Brockstedt Arbeitstitel der Dissertation: \u201eDigital Transformation of Public Administration: Social, Institutional, and Normative Dimensions\u201cDas kumulative Dissertationsprojekt untersucht die digitale Transformation der \u00f6ffentlichen Verwaltung und ihre [&hellip;]<\/p>\n","protected":false},"author":1481,"featured_media":0,"parent":0,"menu_order":0,"comment_status":"closed","ping_status":"closed","template":"","meta":{"footnotes":""},"categories":[4],"tags":[],"class_list":["post-293","page","type-page","status-publish","hentry","category-forschung"],"_links":{"self":[{"href":"https:\/\/www.hsu-hh.de\/vw\/wp-json\/wp\/v2\/pages\/293","targetHints":{"allow":["GET"]}}],"collection":[{"href":"https:\/\/www.hsu-hh.de\/vw\/wp-json\/wp\/v2\/pages"}],"about":[{"href":"https:\/\/www.hsu-hh.de\/vw\/wp-json\/wp\/v2\/types\/page"}],"author":[{"embeddable":true,"href":"https:\/\/www.hsu-hh.de\/vw\/wp-json\/wp\/v2\/users\/1481"}],"replies":[{"embeddable":true,"href":"https:\/\/www.hsu-hh.de\/vw\/wp-json\/wp\/v2\/comments?post=293"}],"version-history":[{"count":38,"href":"https:\/\/www.hsu-hh.de\/vw\/wp-json\/wp\/v2\/pages\/293\/revisions"}],"predecessor-version":[{"id":3365,"href":"https:\/\/www.hsu-hh.de\/vw\/wp-json\/wp\/v2\/pages\/293\/revisions\/3365"}],"wp:attachment":[{"href":"https:\/\/www.hsu-hh.de\/vw\/wp-json\/wp\/v2\/media?parent=293"}],"wp:term":[{"taxonomy":"category","embeddable":true,"href":"https:\/\/www.hsu-hh.de\/vw\/wp-json\/wp\/v2\/categories?post=293"},{"taxonomy":"post_tag","embeddable":true,"href":"https:\/\/www.hsu-hh.de\/vw\/wp-json\/wp\/v2\/tags?post=293"}],"curies":[{"name":"wp","href":"https:\/\/api.w.org\/{rel}","templated":true}]}}