{"id":2866,"date":"2024-07-31T15:01:42","date_gmt":"2024-07-31T13:01:42","guid":{"rendered":"https:\/\/www.hsu-hh.de\/vw\/?page_id=2866"},"modified":"2024-07-31T15:01:42","modified_gmt":"2024-07-31T13:01:42","slug":"soziale-selbstverwaltung-traditionsreicher-steuerungsmechanismus-mit-welcher-zukunft","status":"publish","type":"page","link":"https:\/\/www.hsu-hh.de\/vw\/soziale-selbstverwaltung-traditionsreicher-steuerungsmechanismus-mit-welcher-zukunft","title":{"rendered":"Soziale Selbstverwaltung. Traditionsreicher Steuerungsmechanismus &#8211; Mit welcher Zukunft?"},"content":{"rendered":"\n<p>Die soziale Selbstverwaltung ist ein konstitutives Merkmal des demokratisch verfassten Sozialstaats der Bundesrepublik Deutschland \u2013 sie ist aber keineswegs unumstritten. Im Rhythmus der Sozialwahlen wird sowohl in der massenmedialen \u00d6ffentlichkeit als auch in wissenschaftlichen Fachkreisen Kritik an diesem Verwaltungstypus laut. Dies war auch bei der 10. Sozialwahl in der Geschichte der Bundesrepublik Deutschland, die im Fr\u00fchjahr 2005 mit einer Wahlbeteiligung auf historischem Tiefstand stattfand, zu beobachten. Der Kritik an Intransparenz und Bedeutungslosigkeit der sozialen Selbstverwaltung, an Verbandsdominanz und Ineffektivit\u00e4t steht in der \u00d6ffentlichkeit die allgemeine Wertsch\u00e4tzung des Prinzips partizipativer Verwaltung gegen\u00fcber. Die Debatte \u00fcber die Zukunftsf\u00e4higkeit der sozialen Selbstverwaltung wird bei allen Beteiligten jedoch ohne einen Blick auf die Gestaltung von Selbstverwaltungseinrichtungen in anderen L\u00e4ndern gef\u00fchrt. Weder in der Rechtswissenschaft noch in der Politikwissenschaft findet sich ein mehrere L\u00e4nder umfassender Vergleich der Organisationsentwicklung und -reform sozialer Selbstverwaltung.<\/p>\n\n\n\n<p>Im Projekt wurde erstmalig ein systematischer Vergleich der Entwicklungen der sozialen Selbstverwaltung in den L\u00e4ndern der Europ\u00e4ischen Union in den drei Sicherungsbereichen Alter, Krankheit und Arbeitslosigkeit unternommen. Neben der Bundesrepublik Deutschland wurden sieben weitere europ\u00e4ische L\u00e4nder mit Selbstverwaltungseinrichtungen in die Untersuchung einbezogen (Frankreich, Belgien, Luxemburg, Niederlande, \u00d6sterreich, Tschechische Republik und Ungarn). Durch den Vergleich der Organisationsans\u00e4tze, -reformen und -reformdiskussionen seit 1990 wurde der Debatte \u00fcber die Zukunft ein wissenschaftliches Fundament geliefert.<\/p>\n\n\n\n<p>Das Projekt wurde von der Fritz-Thyssen-Stiftung gef\u00f6rdert und gemeinsam <abbr title=\"Professor\">Prof.<\/abbr> <abbr title=\"Doktor\">Dr.<\/abbr> Frank Nullmeier, Universit\u00e4t Bremen durchgef\u00fchrt. Im Projektteam haben <abbr title=\"Doktor\">Dr.<\/abbr> Philine Weyrauch, <abbr title=\"Doktor\">Dr.<\/abbr> Alexander Haarmann) mitgearbeitet.<\/p>\n\n\n\n<p>Projektpublikation: http:\/\/www.campus.de\/buecher-campus-verlag\/wissenschaft\/politikwissenschaft\/abkehr_vom_korporatismus-3720.html<\/p>\n","protected":false},"excerpt":{"rendered":"<p>Die soziale Selbstverwaltung ist ein konstitutives Merkmal des demokratisch verfassten Sozialstaats der Bundesrepublik Deutschland \u2013 sie ist aber keineswegs unumstritten. Im Rhythmus der Sozialwahlen wird sowohl in der massenmedialen \u00d6ffentlichkeit [&hellip;]<\/p>\n","protected":false},"author":95,"featured_media":0,"parent":0,"menu_order":0,"comment_status":"closed","ping_status":"closed","template":"","meta":{"footnotes":""},"categories":[4],"tags":[],"class_list":["post-2866","page","type-page","status-publish","hentry","category-forschung"],"_links":{"self":[{"href":"https:\/\/www.hsu-hh.de\/vw\/wp-json\/wp\/v2\/pages\/2866","targetHints":{"allow":["GET"]}}],"collection":[{"href":"https:\/\/www.hsu-hh.de\/vw\/wp-json\/wp\/v2\/pages"}],"about":[{"href":"https:\/\/www.hsu-hh.de\/vw\/wp-json\/wp\/v2\/types\/page"}],"author":[{"embeddable":true,"href":"https:\/\/www.hsu-hh.de\/vw\/wp-json\/wp\/v2\/users\/95"}],"replies":[{"embeddable":true,"href":"https:\/\/www.hsu-hh.de\/vw\/wp-json\/wp\/v2\/comments?post=2866"}],"version-history":[{"count":1,"href":"https:\/\/www.hsu-hh.de\/vw\/wp-json\/wp\/v2\/pages\/2866\/revisions"}],"predecessor-version":[{"id":2867,"href":"https:\/\/www.hsu-hh.de\/vw\/wp-json\/wp\/v2\/pages\/2866\/revisions\/2867"}],"wp:attachment":[{"href":"https:\/\/www.hsu-hh.de\/vw\/wp-json\/wp\/v2\/media?parent=2866"}],"wp:term":[{"taxonomy":"category","embeddable":true,"href":"https:\/\/www.hsu-hh.de\/vw\/wp-json\/wp\/v2\/categories?post=2866"},{"taxonomy":"post_tag","embeddable":true,"href":"https:\/\/www.hsu-hh.de\/vw\/wp-json\/wp\/v2\/tags?post=2866"}],"curies":[{"name":"wp","href":"https:\/\/api.w.org\/{rel}","templated":true}]}}