{"id":2859,"date":"2024-07-31T14:58:36","date_gmt":"2024-07-31T12:58:36","guid":{"rendered":"https:\/\/www.hsu-hh.de\/vw\/?page_id=2859"},"modified":"2024-07-31T14:58:37","modified_gmt":"2024-07-31T12:58:37","slug":"arrangements-vorbeugender-sozialpolitik","status":"publish","type":"page","link":"https:\/\/www.hsu-hh.de\/vw\/arrangements-vorbeugender-sozialpolitik","title":{"rendered":"Arrangements vorbeugender Sozialpolitik"},"content":{"rendered":"\n<p>Arrangements vorbeugender Sozialpolitik. Konzeption und Umsetzung vorbeugender Sozialpolitik auf Ebene der Bundesl\u00e4nder \u2013 Lern- und Transferm\u00f6glichkeiten (Forschungsinstitut f\u00fcr gesellschaftliche Weiterentwicklung, FGW; gef\u00f6rdert durch das Ministerium f\u00fcr Innovation, Wissenschaft und Forschung des Landes Nordrhein-Westfalen<br>In den vergangenen Jahren gewannen nicht nur Konzeptionen zu vorbeugender Sozialpolitik an Reife und Substanz. Auch auf politisch-administrativer Ebene k\u00f6nnen in der Bundesrepublik innovative Arrangements beobachtet werden, welche die traditionelle nachsorgende Sozialpolitik um Modelle der Vorsorge und Prophylaxe erg\u00e4nzen. Insbesondere auf Ebene der Bundesl\u00e4nder existiert eine plurale Landschaft verschiedener Arrangements und Regelungsmuster, die allerdings sektoral und konzeptionell stark fragmentiert ist. Eine systematische Aufarbeitung dieser Arrangements vorbeugender Sozialpolitik fehlt bisher. Das Projekt untersucht deshalb, (1) welche Konzeptionen und Typen pr\u00e4ventiver Sozialpolitik auf Ebene der deutschen Bundesl\u00e4nder existieren, (2) welche innovativen Handlungsans\u00e4tze, Instrumente und Netzwerk-Konstellationen in der Politikimplementation identifiziert und (3) welche Lern- und Transferm\u00f6glichkeiten ausgemacht werden k\u00f6nnen .<\/p>\n\n\n\n<p>Workshop &#8218;Governance vorbeugender Sozialpolitik &#8211; Herausforderungen staatlicher Steuerung&#8216;: Am 21.-22.2.2018 haben die Universit\u00e4t Kassel (<abbr title=\"Professor\">Prof.<\/abbr> <abbr title=\"Doktor\">Dr.<\/abbr> Schroeder) und die <abbr title=\"Helmut Schmidt Universit\u00e4t\">HSU<\/abbr> Hamburg (<abbr title=\"Professor\">Prof.<\/abbr> <abbr title=\"Doktor\">Dr.<\/abbr> Klenk) einen Workshop zur &#8218;Governance vorbeugender Sozialpolitik &#8211; Herausforderungen staatlicher Steuerung&#8216; durchgef\u00fchrt.<br>Das Workshop-Programm finden Sie hier:<br>Die Dokumentation der Veranstaltung finden Sie hier:<br>http:\/\/www.fgw-nrw.de\/dokumentation\/mediale-dokumentation\/news\/dokumentation-des-workshops-governance-vorbeugender-sozialpolitik-herausforderungen-staatlicher-s.html<\/p>\n\n\n\n<p>Abschlussbericht: Schroeder, Wolfgang\/Klenk, Tanja\/Berzel, Alexander\/St\u00f6ber, Maren\/Akel, Alexander (2018): \u201eVorbeugende Sozialpolitik als Antwort auf soziale Ungleichheiten und neue soziale Risiken. Kommunikation und Steuerung vorbeugender Sozialpolitik in den Bundesl\u00e4ndern.\u201c FGW-Studie.<br>Zusammenfassung: Schroeder, Wolfgang\/Klenk, Tanja\/Berzel, Alexander\/St\u00f6ber, Maren\/Akel, Alexander (2018): \u201eVorbeugende Sozialpolitik als Antwort auf soziale Ungleichheiten und neue soziale Risiken. Kommunikation und Steuerung vorbeugender Sozialpolitik in den Bundesl\u00e4ndern.\u201c FGW-Impuls.<\/p>\n\n\n\n<p>Projektleitung: <abbr title=\"Professor\">Prof.<\/abbr> <abbr title=\"Doktor\">Dr.<\/abbr> Wolfgang Schroeder und <abbr title=\"Professor\">Prof.<\/abbr> <abbr title=\"Doktor\">Dr.<\/abbr> Tanja Klenk<br>Projektbearbeitung: Alexander Berzel, Maren St\u00f6ber<\/p>\n","protected":false},"excerpt":{"rendered":"<p>Arrangements vorbeugender Sozialpolitik. Konzeption und Umsetzung vorbeugender Sozialpolitik auf Ebene der Bundesl\u00e4nder \u2013 Lern- und Transferm\u00f6glichkeiten (Forschungsinstitut f\u00fcr gesellschaftliche Weiterentwicklung, FGW; gef\u00f6rdert durch das Ministerium f\u00fcr Innovation, Wissenschaft und Forschung [&hellip;]<\/p>\n","protected":false},"author":95,"featured_media":0,"parent":0,"menu_order":0,"comment_status":"closed","ping_status":"closed","template":"","meta":{"footnotes":""},"categories":[4],"tags":[],"class_list":["post-2859","page","type-page","status-publish","hentry","category-forschung"],"_links":{"self":[{"href":"https:\/\/www.hsu-hh.de\/vw\/wp-json\/wp\/v2\/pages\/2859","targetHints":{"allow":["GET"]}}],"collection":[{"href":"https:\/\/www.hsu-hh.de\/vw\/wp-json\/wp\/v2\/pages"}],"about":[{"href":"https:\/\/www.hsu-hh.de\/vw\/wp-json\/wp\/v2\/types\/page"}],"author":[{"embeddable":true,"href":"https:\/\/www.hsu-hh.de\/vw\/wp-json\/wp\/v2\/users\/95"}],"replies":[{"embeddable":true,"href":"https:\/\/www.hsu-hh.de\/vw\/wp-json\/wp\/v2\/comments?post=2859"}],"version-history":[{"count":1,"href":"https:\/\/www.hsu-hh.de\/vw\/wp-json\/wp\/v2\/pages\/2859\/revisions"}],"predecessor-version":[{"id":2860,"href":"https:\/\/www.hsu-hh.de\/vw\/wp-json\/wp\/v2\/pages\/2859\/revisions\/2860"}],"wp:attachment":[{"href":"https:\/\/www.hsu-hh.de\/vw\/wp-json\/wp\/v2\/media?parent=2859"}],"wp:term":[{"taxonomy":"category","embeddable":true,"href":"https:\/\/www.hsu-hh.de\/vw\/wp-json\/wp\/v2\/categories?post=2859"},{"taxonomy":"post_tag","embeddable":true,"href":"https:\/\/www.hsu-hh.de\/vw\/wp-json\/wp\/v2\/tags?post=2859"}],"curies":[{"name":"wp","href":"https:\/\/api.w.org\/{rel}","templated":true}]}}