{"id":2854,"date":"2024-07-31T14:56:25","date_gmt":"2024-07-31T12:56:25","guid":{"rendered":"https:\/\/www.hsu-hh.de\/vw\/?page_id=2854"},"modified":"2024-07-31T14:56:25","modified_gmt":"2024-07-31T12:56:25","slug":"nachwuchsgruppe-die-sozialgerichtsbarkeit-und-die-entwicklung-von-sozialrecht-und-sozialpolitik-in-der-brd","status":"publish","type":"page","link":"https:\/\/www.hsu-hh.de\/vw\/nachwuchsgruppe-die-sozialgerichtsbarkeit-und-die-entwicklung-von-sozialrecht-und-sozialpolitik-in-der-brd","title":{"rendered":"Nachwuchsgruppe Die Sozialgerichtsbarkeit und die Entwicklung von Sozialrecht und Sozialpolitik in der BRD"},"content":{"rendered":"\n<p>Die Sozialgerichtsbarkeit und die Entwicklung von Sozialrecht und Sozialpolitik in der Bundesrepublik Deutschland<\/p>\n\n\n\n<p>Die interdisziplin\u00e4re rechts- und sozialwissenschaftliche Nachwuchsgruppe soll einen Beitrag zur Erforschung der deutschen Sozialgerichtsbarkeit als eine wesentliche Institution im Gef\u00fcge des sozialen Rechtsstaats und der Sozialpolitik der Bundesrepublik Deutschland leisten. Dabei ist insbesondere die spezifische Rechtskultur der Sozialgerichtsbarkeit von Interesse, die den Anspruch erhebt, einen niedrigschwelligen Zugang zum Recht zu gew\u00e4hrleisten, der Verwirklichung sozialer Rechte zu dienen und die sozialpolitischen Interessen sowohl durch ehrenamtliche Richterschaft wie als Prozessparteien einzubinden.<\/p>\n\n\n\n<p>Ziel der gemeinsamen Arbeit der Nachwuchsgruppe ist es, sozialwissenschaftliche, politikwissenschaftliche und rechtswissenschaftliche Konzepte zur Erforschung von Sozialrecht und Sozialpolitik systematisch weiterzuentwickeln, so dass am Ende des F\u00f6rderzeitraumes Konturen eines transdisziplin\u00e4ren Ansatzes sichtbar werden und qualifizierter Nachwuchs zur weiteren Bearbeitung des Themenbereichs zur Verf\u00fcgung steht. Die interdisziplin\u00e4re Nachwuchsgruppe soll insbesondere Themen aus drei Schwerpunkten bearbeiten. Schwerpunkt 1 Sozialgerichtsbarkeit und Sozialpolitik soll setzt sich grunds\u00e4tzlich damit auseinander, inwieweit die Gestaltung und der Wandel der Sozialgerichtsbarkeit mit Hilfe rechtswissenschaftlicher, politikwissenschaftlicher und soziologischer Konzepte und Theorien erfasst werden kann. Im Schwerpunkt 2 Sozialpolitikforschung mit Sozialgerichtsdaten der Nachwuchsgruppe soll unter rechtssoziologisch-methodischen Aspekten systematisch aufgearbeitet werden, welche Erkenntnischancen sich f\u00fcr Fragestellungen f\u00fcr die Sozialrechts- und Sozialpolitikforschung ergeben, indem verf\u00fcgbare Statistiken zu sozialrechtlichen Themen konsequent und kontinuierlich als Datenquellen genutzt werden. Im dritten Schwerpunkt Rechtsschutz im Sozialstaat im internationalen Vergleich der Nachwuchsgruppe soll vergleichend untersucht werden, inwiefern sich der Rechtsschutz in Angelegenheiten des Sozialrechts in Deutschland von dem in anderen entwickelten L\u00e4ndern mit sozialem Sicherungssystem innerhalb und au\u00dferhalb der EU unterscheidet. Hier soll insbesondere herausgearbeitet werden, wie die in anderen europ\u00e4ischen L\u00e4ndern praktizierte Integration des Rechtsschutzes im Sozialrecht in Arbeits- oder Verwaltungsgerichtsbarkeiten oder der im au\u00dfereurop\u00e4ischen Ausland stark zur\u00fcckgenommene Rechtsschutz sich auf die Ausgestaltung des Sozialstaats im Ganzen auswirkt.<\/p>\n\n\n\n<p>Am 5. und 6. Juli 2018 fand ein Workshop der Nachwuchsgruppe \u201eSozialgerichtsbarkeit und Sozialpolitik&#8220; in Kassel statt. Das Programm und ein Bericht \u00fcber den Verlauf des Workshops finden Sie <a href=\"https:\/\/www.fis-netzwerk.de\/foerderung\/gefoerderte-projekte\/nachwuchsgruppen\/die-sozialgerichtsbarkeit-und-die-entwicklung-von-sozialrecht-und-sozialpolitik-in-der-bundesrepublik-deutschland\/auftakt-hertie\/\" target=\"_blank\" rel=\"noreferrer noopener\">hier<\/a>.<\/p>\n","protected":false},"excerpt":{"rendered":"<p>Die Sozialgerichtsbarkeit und die Entwicklung von Sozialrecht und Sozialpolitik in der Bundesrepublik Deutschland Die interdisziplin\u00e4re rechts- und sozialwissenschaftliche Nachwuchsgruppe soll einen Beitrag zur Erforschung der deutschen Sozialgerichtsbarkeit als eine wesentliche [&hellip;]<\/p>\n","protected":false},"author":95,"featured_media":0,"parent":0,"menu_order":0,"comment_status":"closed","ping_status":"closed","template":"","meta":{"footnotes":""},"categories":[4],"tags":[],"class_list":["post-2854","page","type-page","status-publish","hentry","category-forschung"],"_links":{"self":[{"href":"https:\/\/www.hsu-hh.de\/vw\/wp-json\/wp\/v2\/pages\/2854","targetHints":{"allow":["GET"]}}],"collection":[{"href":"https:\/\/www.hsu-hh.de\/vw\/wp-json\/wp\/v2\/pages"}],"about":[{"href":"https:\/\/www.hsu-hh.de\/vw\/wp-json\/wp\/v2\/types\/page"}],"author":[{"embeddable":true,"href":"https:\/\/www.hsu-hh.de\/vw\/wp-json\/wp\/v2\/users\/95"}],"replies":[{"embeddable":true,"href":"https:\/\/www.hsu-hh.de\/vw\/wp-json\/wp\/v2\/comments?post=2854"}],"version-history":[{"count":1,"href":"https:\/\/www.hsu-hh.de\/vw\/wp-json\/wp\/v2\/pages\/2854\/revisions"}],"predecessor-version":[{"id":2855,"href":"https:\/\/www.hsu-hh.de\/vw\/wp-json\/wp\/v2\/pages\/2854\/revisions\/2855"}],"wp:attachment":[{"href":"https:\/\/www.hsu-hh.de\/vw\/wp-json\/wp\/v2\/media?parent=2854"}],"wp:term":[{"taxonomy":"category","embeddable":true,"href":"https:\/\/www.hsu-hh.de\/vw\/wp-json\/wp\/v2\/categories?post=2854"},{"taxonomy":"post_tag","embeddable":true,"href":"https:\/\/www.hsu-hh.de\/vw\/wp-json\/wp\/v2\/tags?post=2854"}],"curies":[{"name":"wp","href":"https:\/\/api.w.org\/{rel}","templated":true}]}}