{"id":2852,"date":"2024-07-31T14:55:20","date_gmt":"2024-07-31T12:55:20","guid":{"rendered":"https:\/\/www.hsu-hh.de\/vw\/?page_id=2852"},"modified":"2024-07-31T14:55:20","modified_gmt":"2024-07-31T12:55:20","slug":"public-administration-models-and-principles-some-methodological-issues-and-applications-in-slovenia-and-germany","status":"publish","type":"page","link":"https:\/\/www.hsu-hh.de\/vw\/public-administration-models-and-principles-some-methodological-issues-and-applications-in-slovenia-and-germany","title":{"rendered":"Public administration models and principles: some methodological issues and applications in Slovenia and Germany"},"content":{"rendered":"\n<p>Studie \u201eSteuerung in der \u00f6ffentlichen Verwaltung: Werte, F\u00fchrung, Prozesse und Organisationskultur\u201c<\/p>\n\n\n\n<p>Verwaltungshandeln unterliegt sich stetig \u00e4ndernden Erwartungen und Anforderungen. Demografische Entwicklung, kommunale Haushaltssituation, Digitalisierung oder die aktuelle Corona-Krise sind nur einige beispielgebende Themen, die unweigerlich Einfluss auf das Steuerungsinstrumentarium der \u00f6ffentlichen Verwaltung haben.<\/p>\n\n\n\n<p>Im Rahmen der Untersuchung befassen wir uns mit dem Einsatz und Wandel von Steuerungsinstrumenten sowie deren Auswirkungen auf Werte, F\u00fchrung, Prozesse und Organisationskultur in der Kommunalverwaltung. Befragt werden Verwaltungsf\u00fchrung und die Organisationsleitung in den Bereichen Finanzen und Soziales der f\u00fcnf gr\u00f6\u00dften St\u00e4dte je Bundesland sowie der Stadtstaaten.<\/p>\n\n\n\n<p>Ziel der Studie ist es unter anderem, zwischen den Politikfeldern Finanzen und Soziales m\u00f6gliche Unterschiede und Gemeinsamkeiten im Einsatz und Wandel von Steuerungsinstrumenten herauszuarbeiten. Hierbei wird es ebenfalls darum gehen, welchen Einfluss die Befragten der Corona-Pandemie auf einzelne Steuerungsaspekte sowohl in der Binnen- als auch Au\u00dfenperspektive beimessen. Die Untersuchungsergebnisse werden vor dem Hintergrund ausgew\u00e4hlter Governance-Prinzipien und Reformmodelle bewertet.<\/p>\n\n\n\n<p>Projektleitung: <abbr title=\"Professor\">Prof.<\/abbr> <abbr title=\"Doktor\">Dr.<\/abbr> Tanja Klenk<\/p>\n\n\n\n<p>Projekt-Team: Simon Bogumil, Benjamin Friedl\u00e4nder, Stefanie Vedder (Universit\u00e4t Kassel)<\/p>\n\n\n\n<p>Die Studie findet im Rahmen einer projektbezogenen Partnerschaft mit der Universit\u00e4t Ljubljana (Kooperationspartner: <abbr title=\"Professor\">Prof.<\/abbr> <abbr title=\"Doktor\">Dr.<\/abbr> Aleksander Aristovnik) statt und wird vom DAAD gef\u00f6rdert.<\/p>\n","protected":false},"excerpt":{"rendered":"<p>Studie \u201eSteuerung in der \u00f6ffentlichen Verwaltung: Werte, F\u00fchrung, Prozesse und Organisationskultur\u201c Verwaltungshandeln unterliegt sich stetig \u00e4ndernden Erwartungen und Anforderungen. Demografische Entwicklung, kommunale Haushaltssituation, Digitalisierung oder die aktuelle Corona-Krise sind nur [&hellip;]<\/p>\n","protected":false},"author":95,"featured_media":0,"parent":0,"menu_order":0,"comment_status":"closed","ping_status":"closed","template":"","meta":{"footnotes":""},"categories":[4],"tags":[],"class_list":["post-2852","page","type-page","status-publish","hentry","category-forschung"],"_links":{"self":[{"href":"https:\/\/www.hsu-hh.de\/vw\/wp-json\/wp\/v2\/pages\/2852","targetHints":{"allow":["GET"]}}],"collection":[{"href":"https:\/\/www.hsu-hh.de\/vw\/wp-json\/wp\/v2\/pages"}],"about":[{"href":"https:\/\/www.hsu-hh.de\/vw\/wp-json\/wp\/v2\/types\/page"}],"author":[{"embeddable":true,"href":"https:\/\/www.hsu-hh.de\/vw\/wp-json\/wp\/v2\/users\/95"}],"replies":[{"embeddable":true,"href":"https:\/\/www.hsu-hh.de\/vw\/wp-json\/wp\/v2\/comments?post=2852"}],"version-history":[{"count":1,"href":"https:\/\/www.hsu-hh.de\/vw\/wp-json\/wp\/v2\/pages\/2852\/revisions"}],"predecessor-version":[{"id":2853,"href":"https:\/\/www.hsu-hh.de\/vw\/wp-json\/wp\/v2\/pages\/2852\/revisions\/2853"}],"wp:attachment":[{"href":"https:\/\/www.hsu-hh.de\/vw\/wp-json\/wp\/v2\/media?parent=2852"}],"wp:term":[{"taxonomy":"category","embeddable":true,"href":"https:\/\/www.hsu-hh.de\/vw\/wp-json\/wp\/v2\/categories?post=2852"},{"taxonomy":"post_tag","embeddable":true,"href":"https:\/\/www.hsu-hh.de\/vw\/wp-json\/wp\/v2\/tags?post=2852"}],"curies":[{"name":"wp","href":"https:\/\/api.w.org\/{rel}","templated":true}]}}