{"id":2850,"date":"2024-07-31T14:50:54","date_gmt":"2024-07-31T12:50:54","guid":{"rendered":"https:\/\/www.hsu-hh.de\/vw\/?page_id=2850"},"modified":"2024-07-31T14:50:55","modified_gmt":"2024-07-31T12:50:55","slug":"smart-und-agil-statt-entleert-und-abgehaengt-den-digitalen-wandel-im-laendlichen-raum-gestalten","status":"publish","type":"page","link":"https:\/\/www.hsu-hh.de\/vw\/smart-und-agil-statt-entleert-und-abgehaengt-den-digitalen-wandel-im-laendlichen-raum-gestalten","title":{"rendered":"Smart und agil, statt entleert und abgeh\u00e4ngt: Den digitalen Wandel im l\u00e4ndlichen Raum gestalten"},"content":{"rendered":"\n<p>Das \u00fcbergeordnete Ziel des Projektes ist es, nachhaltige Entwicklungsimpulse f\u00fcr die digitale Daseinsvorsorge in ausgew\u00e4hlten l\u00e4ndlichen Regionen zu setzen, um damit zur Herstellung <abbr title=\"beziehungsweise\">bzw.<\/abbr> Erhaltung gleichwertiger Lebensverh\u00e4ltnisse beizutragen. Die Weiterentwicklung des Angebots an digitaler \u00f6ffentlicher Infrastruktur im l\u00e4ndlichen Raum wird im Kontext dieses Projektes nicht nur als technische, sondern auch und gerade als eine wirtschaftliche, politisch-administrative, soziale und kulturelle Herausforderung verstanden. Der Mehrwert des Projektes besteht in der Zusammenf\u00fchrung von zwei aktuellen Reformstr\u00e4ngen: der Debatte \u00fcber digitale Innovationen in Staat und Verwaltung und die Diskussion \u00fcber Start-ups, Social Entrepreneurs und Hochschulen als Innovationsakteure, gerade auch in strukturschwachen, l\u00e4ndlichen R\u00e4umen. Das Projekt hat vor dem Hintergrund der anhaltenden \u00f6ffentlichen Debatte \u00fcber die Herstellung von <abbr title=\"beziehungsweise\">bzw.<\/abbr> die Gew\u00e4hrleistung von gleichwertigen Lebensverh\u00e4ltnissen in Deutschland nicht nur eine hohe wirtschaftliche, sondern auch eine politische und gesellschaftliche Relevanz.<\/p>\n\n\n\n<p>Hier geht es zur <a href=\"https:\/\/dtecbw.de\/home\/forschung\/hsu\" target=\"_blank\" rel=\"noreferrer noopener\">Homepage<\/a><\/p>\n","protected":false},"excerpt":{"rendered":"<p>Das \u00fcbergeordnete Ziel des Projektes ist es, nachhaltige Entwicklungsimpulse f\u00fcr die digitale Daseinsvorsorge in ausgew\u00e4hlten l\u00e4ndlichen Regionen zu setzen, um damit zur Herstellung bzw. Erhaltung gleichwertiger Lebensverh\u00e4ltnisse beizutragen. Die Weiterentwicklung [&hellip;]<\/p>\n","protected":false},"author":95,"featured_media":0,"parent":0,"menu_order":0,"comment_status":"closed","ping_status":"closed","template":"","meta":{"footnotes":""},"categories":[4],"tags":[],"class_list":["post-2850","page","type-page","status-publish","hentry","category-forschung"],"_links":{"self":[{"href":"https:\/\/www.hsu-hh.de\/vw\/wp-json\/wp\/v2\/pages\/2850","targetHints":{"allow":["GET"]}}],"collection":[{"href":"https:\/\/www.hsu-hh.de\/vw\/wp-json\/wp\/v2\/pages"}],"about":[{"href":"https:\/\/www.hsu-hh.de\/vw\/wp-json\/wp\/v2\/types\/page"}],"author":[{"embeddable":true,"href":"https:\/\/www.hsu-hh.de\/vw\/wp-json\/wp\/v2\/users\/95"}],"replies":[{"embeddable":true,"href":"https:\/\/www.hsu-hh.de\/vw\/wp-json\/wp\/v2\/comments?post=2850"}],"version-history":[{"count":1,"href":"https:\/\/www.hsu-hh.de\/vw\/wp-json\/wp\/v2\/pages\/2850\/revisions"}],"predecessor-version":[{"id":2851,"href":"https:\/\/www.hsu-hh.de\/vw\/wp-json\/wp\/v2\/pages\/2850\/revisions\/2851"}],"wp:attachment":[{"href":"https:\/\/www.hsu-hh.de\/vw\/wp-json\/wp\/v2\/media?parent=2850"}],"wp:term":[{"taxonomy":"category","embeddable":true,"href":"https:\/\/www.hsu-hh.de\/vw\/wp-json\/wp\/v2\/categories?post=2850"},{"taxonomy":"post_tag","embeddable":true,"href":"https:\/\/www.hsu-hh.de\/vw\/wp-json\/wp\/v2\/tags?post=2850"}],"curies":[{"name":"wp","href":"https:\/\/api.w.org\/{rel}","templated":true}]}}