{"id":2839,"date":"2024-07-26T14:48:29","date_gmt":"2024-07-26T12:48:29","guid":{"rendered":"https:\/\/www.hsu-hh.de\/vw\/?page_id=2839"},"modified":"2024-09-25T10:31:06","modified_gmt":"2024-09-25T08:31:06","slug":"jan-heilmann","status":"publish","type":"page","link":"https:\/\/www.hsu-hh.de\/vw\/jan-heilmann","title":{"rendered":"Jan Heilmann"},"content":{"rendered":"\n<div class=\"wp-block-columns is-layout-flex wp-container-core-columns-is-layout-9d6595d7 wp-block-columns-is-layout-flex\">\n<div class=\"wp-block-column is-layout-flow wp-block-column-is-layout-flow\">\n<p>Helmut-Schmidt-Universit\u00e4t<br>Fakult\u00e4t f\u00fcr Wirtschafts- und Sozialwissenschaften<br>Professur f\u00fcr Verwaltungswissenschaft<br>Holstenhofweg 85<br>22043 Hamburg<\/p>\n<\/div>\n\n\n\n<div class=\"wp-block-column is-layout-flow wp-block-column-is-layout-flow\">\n<p><strong>Geb\u00e4ude<\/strong>: H 1, <strong>Raum:<\/strong> 2143<br><strong>Telefon<\/strong>: +4940 6541 2747<br><strong>Fax<\/strong>: +4940 6541 3522<br><strong>E-Mail:<\/strong> jan.heilmann@hsu-hh.de<\/p>\n<\/div>\n\n\n\n<div class=\"wp-block-column is-layout-flow wp-block-column-is-layout-flow\"><div class=\"wp-block-image\">\n<figure class=\"alignleft size-full is-resized\"><img loading=\"lazy\" decoding=\"async\" width=\"538\" height=\"756\" src=\"https:\/\/www.hsu-hh.de\/vw\/wp-content\/uploads\/sites\/685\/2024\/07\/Heilmann_Foto.jpg\" data-credit=\"Jan\" alt=\"\" class=\"wp-image-2841\" style=\"width:166px;height:auto\" srcset=\"https:\/\/www.hsu-hh.de\/vw\/wp-content\/uploads\/sites\/685\/2024\/07\/Heilmann_Foto.jpg 538w, https:\/\/www.hsu-hh.de\/vw\/wp-content\/uploads\/sites\/685\/2024\/07\/Heilmann_Foto-213x300.jpg 213w\" sizes=\"auto, (max-width: 538px) 100vw, 538px\" \/><\/figure>\n<\/div><\/div>\n<\/div>\n\n\n\n<p><strong>Wissenschaftlicher Werdegang<\/strong><br>Studium der Soziologie (B.A.) an der Universit\u00e4t Bielefeld &#8211; verbunden mit einem Auslandsaufenthalt an der Federal University of Western Par\u00e1, Brasil und einem durch Erasmus gef\u00f6rderten Forschungsaufenthalt an der staatlichen Universit\u00e4t St. Petersburg, Russland. Studium der Soziologie (M.A.) mit Schwerpunkt auf Organisationen der \u00f6ffentlichen Verwaltung an der Universit\u00e4t Bielefeld. Sammlung praktischer Erfahrungen durch freiberufliche Mitarbeit in Projekten zur Beratung von Ministerien auf Bundes- und Landesebene zu den Themen Digitalisierung und Klimaschutz.<\/p>\n\n\n\n<p><strong>Forschungsinteressen:<\/strong><br>\u00d6ffentliche Verwaltung, Digitalisierung, Organisationssoziologie, Systemtheorie, Postb\u00fcrokratische Organisationsmodelle<\/p>\n","protected":false},"excerpt":{"rendered":"<p>Helmut-Schmidt-Universit\u00e4tFakult\u00e4t f\u00fcr Wirtschafts- und SozialwissenschaftenProfessur f\u00fcr VerwaltungswissenschaftHolstenhofweg 8522043 Hamburg Geb\u00e4ude: H 1, Raum: 2143Telefon: +4940 6541 2747Fax: +4940 6541 3522E-Mail: jan.heilmann@hsu-hh.de Wissenschaftlicher WerdegangStudium der Soziologie (B.A.) an der Universit\u00e4t Bielefeld [&hellip;]<\/p>\n","protected":false},"author":95,"featured_media":0,"parent":0,"menu_order":0,"comment_status":"closed","ping_status":"closed","template":"","meta":{"footnotes":""},"categories":[8],"tags":[],"class_list":["post-2839","page","type-page","status-publish","hentry","category-team"],"_links":{"self":[{"href":"https:\/\/www.hsu-hh.de\/vw\/wp-json\/wp\/v2\/pages\/2839","targetHints":{"allow":["GET"]}}],"collection":[{"href":"https:\/\/www.hsu-hh.de\/vw\/wp-json\/wp\/v2\/pages"}],"about":[{"href":"https:\/\/www.hsu-hh.de\/vw\/wp-json\/wp\/v2\/types\/page"}],"author":[{"embeddable":true,"href":"https:\/\/www.hsu-hh.de\/vw\/wp-json\/wp\/v2\/users\/95"}],"replies":[{"embeddable":true,"href":"https:\/\/www.hsu-hh.de\/vw\/wp-json\/wp\/v2\/comments?post=2839"}],"version-history":[{"count":3,"href":"https:\/\/www.hsu-hh.de\/vw\/wp-json\/wp\/v2\/pages\/2839\/revisions"}],"predecessor-version":[{"id":2917,"href":"https:\/\/www.hsu-hh.de\/vw\/wp-json\/wp\/v2\/pages\/2839\/revisions\/2917"}],"wp:attachment":[{"href":"https:\/\/www.hsu-hh.de\/vw\/wp-json\/wp\/v2\/media?parent=2839"}],"wp:term":[{"taxonomy":"category","embeddable":true,"href":"https:\/\/www.hsu-hh.de\/vw\/wp-json\/wp\/v2\/categories?post=2839"},{"taxonomy":"post_tag","embeddable":true,"href":"https:\/\/www.hsu-hh.de\/vw\/wp-json\/wp\/v2\/tags?post=2839"}],"curies":[{"name":"wp","href":"https:\/\/api.w.org\/{rel}","templated":true}]}}