{"id":2835,"date":"2024-07-26T14:32:52","date_gmt":"2024-07-26T12:32:52","guid":{"rendered":"https:\/\/www.hsu-hh.de\/vw\/?page_id=2835"},"modified":"2024-08-01T10:33:36","modified_gmt":"2024-08-01T08:33:36","slug":"caspar-lueckenbach-m-sc-public-health","status":"publish","type":"page","link":"https:\/\/www.hsu-hh.de\/vw\/caspar-lueckenbach-m-sc-public-health","title":{"rendered":"Caspar L\u00fcckenbach, M.Sc. Public Health"},"content":{"rendered":"\n<p>Wissenschaftlicher Mitarbeiter<\/p>\n\n\n\n<div class=\"wp-block-columns is-layout-flex wp-container-core-columns-is-layout-9d6595d7 wp-block-columns-is-layout-flex\">\n<div class=\"wp-block-column is-layout-flow wp-block-column-is-layout-flow\">\n<p>Helmut-Schmidt-Universit\u00e4t<br>Fakult\u00e4t f\u00fcr Wirtschafts- und Sozialwissenschaften<br>Professur f\u00fcr Verwaltungswissenschaft<br>Holstenhofweg 85<br>22043 Hamburg<\/p>\n<\/div>\n\n\n\n<div class=\"wp-block-column is-layout-flow wp-block-column-is-layout-flow\">\n<p><strong>Geb\u00e4ude<\/strong>: H 1, <strong>Raum:<\/strong> <br><strong>Telefon<\/strong>: +4940 6541 <br><strong>Fax<\/strong>: +4940 6541 3522<br><strong>E-Mail:<\/strong> @hsu-hh.de<\/p>\n<\/div>\n\n\n\n<div class=\"wp-block-column is-layout-flow wp-block-column-is-layout-flow\"><div class=\"wp-block-image\">\n<figure class=\"alignleft size-full is-resized\"><img loading=\"lazy\" decoding=\"async\" width=\"1564\" height=\"2101\" src=\"https:\/\/www.hsu-hh.de\/vw\/wp-content\/uploads\/sites\/685\/2024\/08\/Lueckenbach-edited.jpg\" data-credit=\"L\u00fcckenbach\" alt=\"\" class=\"wp-image-2878\" style=\"width:170px;height:auto\" srcset=\"https:\/\/www.hsu-hh.de\/vw\/wp-content\/uploads\/sites\/685\/2024\/08\/Lueckenbach-edited.jpg 1564w, https:\/\/www.hsu-hh.de\/vw\/wp-content\/uploads\/sites\/685\/2024\/08\/Lueckenbach-edited-223x300.jpg 223w, https:\/\/www.hsu-hh.de\/vw\/wp-content\/uploads\/sites\/685\/2024\/08\/Lueckenbach-edited-762x1024.jpg 762w, https:\/\/www.hsu-hh.de\/vw\/wp-content\/uploads\/sites\/685\/2024\/08\/Lueckenbach-edited-768x1032.jpg 768w, https:\/\/www.hsu-hh.de\/vw\/wp-content\/uploads\/sites\/685\/2024\/08\/Lueckenbach-edited-1143x1536.jpg 1143w, https:\/\/www.hsu-hh.de\/vw\/wp-content\/uploads\/sites\/685\/2024\/08\/Lueckenbach-edited-1525x2048.jpg 1525w, https:\/\/www.hsu-hh.de\/vw\/wp-content\/uploads\/sites\/685\/2024\/08\/Lueckenbach-edited-1100x1478.jpg 1100w\" sizes=\"auto, (max-width: 1564px) 100vw, 1564px\" \/><\/figure>\n<\/div><\/div>\n<\/div>\n\n\n\n<p><strong>Wissenschaftlicher Werdegang<\/strong><\/p>\n\n\n\n<p>Caspar L\u00fcckenbach arbeitet als wissenschaftlicher Mitarbeiter an der Professur f\u00fcr Verwaltungswissenschaften im Rahmen des Forschungsprojektes \u201eDer \u00d6GD als Arbeitgeber\u201c.<br>Nach seiner Ausbildung zum Sortimentsbuchh\u00e4ndler und ein paar Jahren beruflicher T\u00e4tigkeit absolvierte er von 2009-2012 den Bachelorstudiengang \u201eHealth Communication\u201c und von 2012-2014 den konsekutiven Masterstudiengang \u201ePublic Health\u201c an der Universit\u00e4t Bielefeld. Er ist seit 2014 als wissenschaftlicher Mitarbeiter an der Fakult\u00e4t f\u00fcr Gesundheitswissenschaften (AG1: Gesundheitssysteme, Gesundheitspolitik und Gesundheitssoziologie) in Forschung und Lehre t\u00e4tig. Weitere Lehrerfahrung sammelte er von 2016-2018 an der Hochschule Fulda. Er promoviert zurzeit an der Universit\u00e4t Bielefeld zum Thema \u201eBGM Pflege International \u2013 Betriebliches Gesundheitsmanagement in der Langzeitpflege\u201c.<\/p>\n\n\n\n<p><strong>Forschungsinteressen:<\/strong><br>Public Health, Gesundheitspolitik, Gesundheitssoziologie, international vergleichende Forschung, Gesundheitssystemforschung, Partizipationsforschung, qualitative Forschungsmethoden<\/p>\n\n\n\n<p><a href=\"https:\/\/orcid.org\/0000-0003-1293-6175\" target=\"_blank\" rel=\"noreferrer noopener\">Publikationsliste<\/a><\/p>\n","protected":false},"excerpt":{"rendered":"<p>Wissenschaftlicher Mitarbeiter Helmut-Schmidt-Universit\u00e4tFakult\u00e4t f\u00fcr Wirtschafts- und SozialwissenschaftenProfessur f\u00fcr VerwaltungswissenschaftHolstenhofweg 8522043 Hamburg Geb\u00e4ude: H 1, Raum: Telefon: +4940 6541 Fax: +4940 6541 3522E-Mail: @hsu-hh.de Wissenschaftlicher Werdegang Caspar L\u00fcckenbach arbeitet als wissenschaftlicher [&hellip;]<\/p>\n","protected":false},"author":95,"featured_media":0,"parent":0,"menu_order":0,"comment_status":"closed","ping_status":"closed","template":"","meta":{"footnotes":""},"categories":[4,8],"tags":[],"class_list":["post-2835","page","type-page","status-publish","hentry","category-forschung","category-team"],"_links":{"self":[{"href":"https:\/\/www.hsu-hh.de\/vw\/wp-json\/wp\/v2\/pages\/2835","targetHints":{"allow":["GET"]}}],"collection":[{"href":"https:\/\/www.hsu-hh.de\/vw\/wp-json\/wp\/v2\/pages"}],"about":[{"href":"https:\/\/www.hsu-hh.de\/vw\/wp-json\/wp\/v2\/types\/page"}],"author":[{"embeddable":true,"href":"https:\/\/www.hsu-hh.de\/vw\/wp-json\/wp\/v2\/users\/95"}],"replies":[{"embeddable":true,"href":"https:\/\/www.hsu-hh.de\/vw\/wp-json\/wp\/v2\/comments?post=2835"}],"version-history":[{"count":3,"href":"https:\/\/www.hsu-hh.de\/vw\/wp-json\/wp\/v2\/pages\/2835\/revisions"}],"predecessor-version":[{"id":2880,"href":"https:\/\/www.hsu-hh.de\/vw\/wp-json\/wp\/v2\/pages\/2835\/revisions\/2880"}],"wp:attachment":[{"href":"https:\/\/www.hsu-hh.de\/vw\/wp-json\/wp\/v2\/media?parent=2835"}],"wp:term":[{"taxonomy":"category","embeddable":true,"href":"https:\/\/www.hsu-hh.de\/vw\/wp-json\/wp\/v2\/categories?post=2835"},{"taxonomy":"post_tag","embeddable":true,"href":"https:\/\/www.hsu-hh.de\/vw\/wp-json\/wp\/v2\/tags?post=2835"}],"curies":[{"name":"wp","href":"https:\/\/api.w.org\/{rel}","templated":true}]}}