{"id":2805,"date":"2024-06-25T15:40:43","date_gmt":"2024-06-25T13:40:43","guid":{"rendered":"https:\/\/www.hsu-hh.de\/vw\/?page_id=2805"},"modified":"2024-06-25T15:40:43","modified_gmt":"2024-06-25T13:40:43","slug":"nina-felgendreher-m-sc-2","status":"publish","type":"page","link":"https:\/\/www.hsu-hh.de\/vw\/en\/nina-felgendreher-m-sc-2","title":{"rendered":"Nina Felgendreher, M.Sc"},"content":{"rendered":"\n<p>Wissenschaftliche Mitarbeiterin \/ Doktorandin<\/p>\n\n\n\n<p>Helmut-Schmidt-Universit\u00e4t<br>Fakult\u00e4t f\u00fcr Wirtschafts- und Sozialwissenschaften<br>Professur f\u00fcr Verwaltungswissenschaft<br>Holstenhofweg 85<br>22043 Hamburg<\/p>\n\n\n\n<p><strong>Geb\u00e4ude<\/strong>: H 1, <strong>Raum:<\/strong> 2502<br><strong>Telefon<\/strong>: +4940 6541<br><strong>Fax<\/strong>: +4940 6541 3522<br><strong>E-Mail:<\/strong> felgendn@hsu-hh.de<\/p>\n\n\n\n<hr class=\"wp-block-separator has-alpha-channel-opacity\" \/>\n\n\n\n<p><strong>Wissenschaftlicher Werdegang<\/strong><\/p>\n\n\n\n<p>Bachelor&#8217;s degree earned at Sapienza Universit\u00e0 di Roma in &#8222;Cooperazione Internazionale e sviluppo&#8220; (International Cooperation and Development). Subsequently, a M.Sc degree at Leiden University in the Netherlands in Public Administration with a specialization in European and International Governance. Current employment as a research assistant Public Administration, especially management of public organizations at the Helmut-Schmidt-University.<br><br><strong>Thesis topic:<\/strong> <br>&#8222;Assessing the Impact of Populist and Technocratic Governments on Public Administration\u201d<\/p>\n\n\n\n<p><strong><br><br>Research Interests:<\/strong><br>Social policy, democratic governance, democracy research, public administrations, international and European governance, and quantitative research methods<\/p>\n","protected":false},"excerpt":{"rendered":"<p>Wissenschaftliche Mitarbeiterin \/ Doktorandin Helmut-Schmidt-Universit\u00e4tFakult\u00e4t f\u00fcr Wirtschafts- und SozialwissenschaftenProfessur f\u00fcr VerwaltungswissenschaftHolstenhofweg 8522043 Hamburg Geb\u00e4ude: H 1, Raum: 2502Telefon: +4940 6541Fax: +4940 6541 3522E-Mail: felgendn@hsu-hh.de Wissenschaftlicher Werdegang Bachelor&#8217;s degree earned at [&hellip;]<\/p>\n","protected":false},"author":95,"featured_media":0,"parent":0,"menu_order":0,"comment_status":"closed","ping_status":"closed","template":"","meta":{"footnotes":""},"categories":[9],"tags":[],"class_list":["post-2805","page","type-page","status-publish","hentry","category-team-en"],"_links":{"self":[{"href":"https:\/\/www.hsu-hh.de\/vw\/wp-json\/wp\/v2\/pages\/2805","targetHints":{"allow":["GET"]}}],"collection":[{"href":"https:\/\/www.hsu-hh.de\/vw\/wp-json\/wp\/v2\/pages"}],"about":[{"href":"https:\/\/www.hsu-hh.de\/vw\/wp-json\/wp\/v2\/types\/page"}],"author":[{"embeddable":true,"href":"https:\/\/www.hsu-hh.de\/vw\/wp-json\/wp\/v2\/users\/95"}],"replies":[{"embeddable":true,"href":"https:\/\/www.hsu-hh.de\/vw\/wp-json\/wp\/v2\/comments?post=2805"}],"version-history":[{"count":1,"href":"https:\/\/www.hsu-hh.de\/vw\/wp-json\/wp\/v2\/pages\/2805\/revisions"}],"predecessor-version":[{"id":2806,"href":"https:\/\/www.hsu-hh.de\/vw\/wp-json\/wp\/v2\/pages\/2805\/revisions\/2806"}],"wp:attachment":[{"href":"https:\/\/www.hsu-hh.de\/vw\/wp-json\/wp\/v2\/media?parent=2805"}],"wp:term":[{"taxonomy":"category","embeddable":true,"href":"https:\/\/www.hsu-hh.de\/vw\/wp-json\/wp\/v2\/categories?post=2805"},{"taxonomy":"post_tag","embeddable":true,"href":"https:\/\/www.hsu-hh.de\/vw\/wp-json\/wp\/v2\/tags?post=2805"}],"curies":[{"name":"wp","href":"https:\/\/api.w.org\/{rel}","templated":true}]}}