{"id":2753,"date":"2024-05-06T10:24:29","date_gmt":"2024-05-06T08:24:29","guid":{"rendered":"https:\/\/www.hsu-hh.de\/vw\/?page_id=2753"},"modified":"2026-03-20T12:23:45","modified_gmt":"2026-03-20T11:23:45","slug":"freya-charlotte-brockstedt-m-a-2","status":"publish","type":"page","link":"https:\/\/www.hsu-hh.de\/vw\/en\/freya-charlotte-brockstedt-m-a-2","title":{"rendered":"Freya Charlotte Brockstedt, M.A."},"content":{"rendered":"\n<p><strong>Research Associate \/ PhD Candidate<\/strong><\/p>\n\n\n\n<div class=\"wp-block-columns is-layout-flex wp-container-core-columns-is-layout-9d6595d7 wp-block-columns-is-layout-flex\">\n<div class=\"wp-block-column is-layout-flow wp-block-column-is-layout-flow\">\n<p>Helmut-Schmidt-Universit\u00e4t<br>Fakult\u00e4t f\u00fcr Wirtschafts- und Sozialwissenschaften<br>Professur f\u00fcr Verwaltungswissenschaft<br>Holstenhofweg 85<br>22043 Hamburg<\/p>\n<\/div>\n\n\n\n<div class=\"wp-block-column is-layout-flow wp-block-column-is-layout-flow\">\n<p><strong>Geb\u00e4ude<\/strong>: H 1, <strong>Raum:<\/strong> 2502<br><strong>Telefon<\/strong>: +4940 6541<br><strong>Fax<\/strong>: +4940 6541 3522<br><strong>E-Mail:<\/strong> freya.brockstedt@hsu-hh.de<\/p>\n<\/div>\n\n\n\n<div class=\"wp-block-column is-layout-flow wp-block-column-is-layout-flow\">\n<figure class=\"wp-block-image size-large\"><img loading=\"lazy\" decoding=\"async\" width=\"1024\" height=\"723\" src=\"https:\/\/www.hsu-hh.de\/vw\/wp-content\/uploads\/sites\/685\/2024\/05\/Freya-Brockstedt-1024x723.jpeg\" data-credit=\"Freya Brockstedt\" alt=\"\" class=\"wp-image-2754\" srcset=\"https:\/\/www.hsu-hh.de\/vw\/wp-content\/uploads\/sites\/685\/2024\/05\/Freya-Brockstedt-1024x723.jpeg 1024w, https:\/\/www.hsu-hh.de\/vw\/wp-content\/uploads\/sites\/685\/2024\/05\/Freya-Brockstedt-300x212.jpeg 300w, https:\/\/www.hsu-hh.de\/vw\/wp-content\/uploads\/sites\/685\/2024\/05\/Freya-Brockstedt-768x542.jpeg 768w, https:\/\/www.hsu-hh.de\/vw\/wp-content\/uploads\/sites\/685\/2024\/05\/Freya-Brockstedt.jpeg 1055w\" sizes=\"auto, (max-width: 1024px) 100vw, 1024px\" \/><\/figure>\n<\/div>\n<\/div>\n\n\n\n<hr class=\"wp-block-separator has-alpha-channel-opacity\" \/>\n\n\n\n<p>Freya Brockstedt is working as a research assistant and doctoral candidate at the Department of Public Policy and Public Administration and the Department of Public Administration and Management at Helmut Schmidt University\/University of the Federal Armed Forces Hamburg.<\/p>\n\n\n\n<p>She completed her bachelor&#8217;s degree in Governance and Public Policy at the University of Passau and her master&#8217;s degree in political science at the University of Bamberg. She gained practical experience at the political level in the state parliament of Lower Saxony and the European Parliament as well as through her delegation participation in sessions of the United Nations in Vienna and New York, in the public sector at Norddeutscher Rundfunk (Northern German Broadcasting Corporation) and in the academic field as a student assistant at the Leibniz Institute for Educational Trajectories.<\/p>\n\n\n\n<p><strong>Thesis topic:<\/strong>\u00a0\u201eDigital Transformation of Public Administration: Social, Institutional, and Normative Dimensions\u201c<br><br><strong>Research Interests:<\/strong><br>Governance, public administration reforms and transformation, digitalization of public administration, social policy, public policy, quantitative and qualitative research methods<\/p>\n","protected":false},"excerpt":{"rendered":"<p>Research Associate \/ PhD Candidate Helmut-Schmidt-Universit\u00e4tFakult\u00e4t f\u00fcr Wirtschafts- und SozialwissenschaftenProfessur f\u00fcr VerwaltungswissenschaftHolstenhofweg 8522043 Hamburg Geb\u00e4ude: H 1, Raum: 2502Telefon: +4940 6541Fax: +4940 6541 3522E-Mail: freya.brockstedt@hsu-hh.de Freya Brockstedt is working as [&hellip;]<\/p>\n","protected":false},"author":95,"featured_media":0,"parent":0,"menu_order":0,"comment_status":"closed","ping_status":"closed","template":"","meta":{"footnotes":""},"categories":[9],"tags":[],"class_list":["post-2753","page","type-page","status-publish","hentry","category-team-en"],"_links":{"self":[{"href":"https:\/\/www.hsu-hh.de\/vw\/wp-json\/wp\/v2\/pages\/2753","targetHints":{"allow":["GET"]}}],"collection":[{"href":"https:\/\/www.hsu-hh.de\/vw\/wp-json\/wp\/v2\/pages"}],"about":[{"href":"https:\/\/www.hsu-hh.de\/vw\/wp-json\/wp\/v2\/types\/page"}],"author":[{"embeddable":true,"href":"https:\/\/www.hsu-hh.de\/vw\/wp-json\/wp\/v2\/users\/95"}],"replies":[{"embeddable":true,"href":"https:\/\/www.hsu-hh.de\/vw\/wp-json\/wp\/v2\/comments?post=2753"}],"version-history":[{"count":3,"href":"https:\/\/www.hsu-hh.de\/vw\/wp-json\/wp\/v2\/pages\/2753\/revisions"}],"predecessor-version":[{"id":3369,"href":"https:\/\/www.hsu-hh.de\/vw\/wp-json\/wp\/v2\/pages\/2753\/revisions\/3369"}],"wp:attachment":[{"href":"https:\/\/www.hsu-hh.de\/vw\/wp-json\/wp\/v2\/media?parent=2753"}],"wp:term":[{"taxonomy":"category","embeddable":true,"href":"https:\/\/www.hsu-hh.de\/vw\/wp-json\/wp\/v2\/categories?post=2753"},{"taxonomy":"post_tag","embeddable":true,"href":"https:\/\/www.hsu-hh.de\/vw\/wp-json\/wp\/v2\/tags?post=2753"}],"curies":[{"name":"wp","href":"https:\/\/api.w.org\/{rel}","templated":true}]}}