{"id":2608,"date":"2023-10-18T13:11:39","date_gmt":"2023-10-18T11:11:39","guid":{"rendered":"https:\/\/www.hsu-hh.de\/vw\/?page_id=2608"},"modified":"2023-11-21T13:40:19","modified_gmt":"2023-11-21T12:40:19","slug":"team","status":"publish","type":"page","link":"https:\/\/www.hsu-hh.de\/vw\/team","title":{"rendered":"Team"},"content":{"rendered":"\n<figure class=\"wp-block-image size-large\"><img loading=\"lazy\" decoding=\"async\" width=\"1024\" height=\"498\" src=\"https:\/\/www.hsu-hh.de\/vw\/wp-content\/uploads\/sites\/685\/2023\/11\/023_3307_2-1024x498.jpg\" data-credit=\"HSU\" alt=\"\" class=\"wp-image-2672\" srcset=\"https:\/\/www.hsu-hh.de\/vw\/wp-content\/uploads\/sites\/685\/2023\/11\/023_3307_2-1024x498.jpg 1024w, https:\/\/www.hsu-hh.de\/vw\/wp-content\/uploads\/sites\/685\/2023\/11\/023_3307_2-300x146.jpg 300w, https:\/\/www.hsu-hh.de\/vw\/wp-content\/uploads\/sites\/685\/2023\/11\/023_3307_2-768x373.jpg 768w, https:\/\/www.hsu-hh.de\/vw\/wp-content\/uploads\/sites\/685\/2023\/11\/023_3307_2-1536x747.jpg 1536w, https:\/\/www.hsu-hh.de\/vw\/wp-content\/uploads\/sites\/685\/2023\/11\/023_3307_2-2048x996.jpg 2048w, https:\/\/www.hsu-hh.de\/vw\/wp-content\/uploads\/sites\/685\/2023\/11\/023_3307_2-1100x535.jpg 1100w\" sizes=\"auto, (max-width: 1024px) 100vw, 1024px\" \/><\/figure>\n\n\n\n<p><strong>Professur f\u00fcr Verwaltungswissenschaft<\/strong><\/p>\n\n\n\n<p><abbr title=\"Professor\">Prof.<\/abbr> <abbr title=\"Doktor\">Dr.<\/abbr> Tanja Klenk<br>Helmut Schmidt Universit\u00e4t \/ Universit\u00e4t der Bundeswehr Hamburg<br>Fakult\u00e4t f\u00fcr Wirtschafts- und Organisationswissenschaften<br>Holstenhofweg 85<br>22043 Hamburg<\/p>\n","protected":false},"excerpt":{"rendered":"<p>Professur f\u00fcr Verwaltungswissenschaft Prof. Dr. Tanja KlenkHelmut Schmidt Universit\u00e4t \/ Universit\u00e4t der Bundeswehr HamburgFakult\u00e4t f\u00fcr Wirtschafts- und OrganisationswissenschaftenHolstenhofweg 8522043 Hamburg<\/p>\n","protected":false},"author":95,"featured_media":0,"parent":0,"menu_order":0,"comment_status":"closed","ping_status":"closed","template":"","meta":{"footnotes":""},"categories":[8],"tags":[],"class_list":["post-2608","page","type-page","status-publish","hentry","category-team"],"_links":{"self":[{"href":"https:\/\/www.hsu-hh.de\/vw\/wp-json\/wp\/v2\/pages\/2608","targetHints":{"allow":["GET"]}}],"collection":[{"href":"https:\/\/www.hsu-hh.de\/vw\/wp-json\/wp\/v2\/pages"}],"about":[{"href":"https:\/\/www.hsu-hh.de\/vw\/wp-json\/wp\/v2\/types\/page"}],"author":[{"embeddable":true,"href":"https:\/\/www.hsu-hh.de\/vw\/wp-json\/wp\/v2\/users\/95"}],"replies":[{"embeddable":true,"href":"https:\/\/www.hsu-hh.de\/vw\/wp-json\/wp\/v2\/comments?post=2608"}],"version-history":[{"count":5,"href":"https:\/\/www.hsu-hh.de\/vw\/wp-json\/wp\/v2\/pages\/2608\/revisions"}],"predecessor-version":[{"id":2674,"href":"https:\/\/www.hsu-hh.de\/vw\/wp-json\/wp\/v2\/pages\/2608\/revisions\/2674"}],"wp:attachment":[{"href":"https:\/\/www.hsu-hh.de\/vw\/wp-json\/wp\/v2\/media?parent=2608"}],"wp:term":[{"taxonomy":"category","embeddable":true,"href":"https:\/\/www.hsu-hh.de\/vw\/wp-json\/wp\/v2\/categories?post=2608"},{"taxonomy":"post_tag","embeddable":true,"href":"https:\/\/www.hsu-hh.de\/vw\/wp-json\/wp\/v2\/tags?post=2608"}],"curies":[{"name":"wp","href":"https:\/\/api.w.org\/{rel}","templated":true}]}}