{"id":2590,"date":"2023-10-18T12:15:53","date_gmt":"2023-10-18T10:15:53","guid":{"rendered":"https:\/\/www.hsu-hh.de\/vw\/?page_id=2590"},"modified":"2025-09-24T14:33:29","modified_gmt":"2025-09-24T12:33:29","slug":"externe-doktoranden","status":"publish","type":"page","link":"https:\/\/www.hsu-hh.de\/vw\/externe-doktoranden","title":{"rendered":"Externe Doktoranden"},"content":{"rendered":"\n<p>Simon Bogumil-U\u00e7an<\/p>\n\n\n\n<p>Alice Dillbahner<\/p>\n\n\n\n<p>Magdalena K\u00f6ppen<\/p>\n\n\n\n<p>Ron M\u00fcller<\/p>\n\n\n\n<p>Marianna Rovner<\/p>\n","protected":false},"excerpt":{"rendered":"<p>Simon Bogumil-U\u00e7an Alice Dillbahner Magdalena K\u00f6ppen Ron M\u00fcller Marianna Rovner<\/p>\n","protected":false},"author":95,"featured_media":0,"parent":0,"menu_order":0,"comment_status":"closed","ping_status":"closed","template":"","meta":{"footnotes":""},"categories":[8],"tags":[],"class_list":["post-2590","page","type-page","status-publish","hentry","category-team"],"_links":{"self":[{"href":"https:\/\/www.hsu-hh.de\/vw\/wp-json\/wp\/v2\/pages\/2590","targetHints":{"allow":["GET"]}}],"collection":[{"href":"https:\/\/www.hsu-hh.de\/vw\/wp-json\/wp\/v2\/pages"}],"about":[{"href":"https:\/\/www.hsu-hh.de\/vw\/wp-json\/wp\/v2\/types\/page"}],"author":[{"embeddable":true,"href":"https:\/\/www.hsu-hh.de\/vw\/wp-json\/wp\/v2\/users\/95"}],"replies":[{"embeddable":true,"href":"https:\/\/www.hsu-hh.de\/vw\/wp-json\/wp\/v2\/comments?post=2590"}],"version-history":[{"count":6,"href":"https:\/\/www.hsu-hh.de\/vw\/wp-json\/wp\/v2\/pages\/2590\/revisions"}],"predecessor-version":[{"id":3197,"href":"https:\/\/www.hsu-hh.de\/vw\/wp-json\/wp\/v2\/pages\/2590\/revisions\/3197"}],"wp:attachment":[{"href":"https:\/\/www.hsu-hh.de\/vw\/wp-json\/wp\/v2\/media?parent=2590"}],"wp:term":[{"taxonomy":"category","embeddable":true,"href":"https:\/\/www.hsu-hh.de\/vw\/wp-json\/wp\/v2\/categories?post=2590"},{"taxonomy":"post_tag","embeddable":true,"href":"https:\/\/www.hsu-hh.de\/vw\/wp-json\/wp\/v2\/tags?post=2590"}],"curies":[{"name":"wp","href":"https:\/\/api.w.org\/{rel}","templated":true}]}}