{"id":2578,"date":"2023-10-18T12:04:39","date_gmt":"2023-10-18T10:04:39","guid":{"rendered":"https:\/\/www.hsu-hh.de\/vw\/?page_id=2578"},"modified":"2023-10-18T12:05:52","modified_gmt":"2023-10-18T10:05:52","slug":"laura-kollmann-3","status":"publish","type":"page","link":"https:\/\/www.hsu-hh.de\/vw\/laura-kollmann-3","title":{"rendered":"Laura Kollmann"},"content":{"rendered":"\n<p>Wissenschaftliche Mitarbeiterin \/ Doktorandin<\/p>\n\n\n\n<div class=\"wp-block-columns is-layout-flex wp-container-core-columns-is-layout-9d6595d7 wp-block-columns-is-layout-flex\">\n<div class=\"wp-block-column is-layout-flow wp-block-column-is-layout-flow\">\n<p>Helmut-Schmidt-Universit\u00e4t<br>Fakult\u00e4t f\u00fcr Wirtschafts- und Sozialwissenschaften<br>Professur f\u00fcr Verwaltungswissenschaft<br>Holstenhofweg 85<br>22043 Hamburg<\/p>\n<\/div>\n\n\n\n<div class=\"wp-block-column is-layout-flow wp-block-column-is-layout-flow\">\n<p><strong>Geb\u00e4ude<\/strong>: H 1, <strong>Raum:<\/strong> 2501<br><strong>Telefon<\/strong>: +4940 6541 4889<br><strong>Fax<\/strong>: +4940 6541 3522<br><strong>E-Mail:<\/strong> laura.kollmann@hsu-hh.de<\/p>\n<\/div>\n\n\n\n<div class=\"wp-block-column is-layout-flow wp-block-column-is-layout-flow\">\n<figure class=\"wp-block-image size-full is-resized\"><img loading=\"lazy\" decoding=\"async\" src=\"https:\/\/www.hsu-hh.de\/vw\/wp-content\/uploads\/sites\/685\/2023\/10\/Laura-Kollmann-edited.jpg\" data-credit=\"Laura\" alt=\"Laura\" class=\"wp-image-2581\" style=\"width:174px;height:232px\" width=\"174\" height=\"232\" srcset=\"https:\/\/www.hsu-hh.de\/vw\/wp-content\/uploads\/sites\/685\/2023\/10\/Laura-Kollmann-edited.jpg 315w, https:\/\/www.hsu-hh.de\/vw\/wp-content\/uploads\/sites\/685\/2023\/10\/Laura-Kollmann-edited-225x300.jpg 225w\" sizes=\"auto, (max-width: 174px) 100vw, 174px\" \/><\/figure>\n<\/div>\n<\/div>\n\n\n\n<hr class=\"wp-block-separator has-alpha-channel-opacity\" \/>\n\n\n\n<p><strong>Wissenschaftlicher Werdegang<\/strong><\/p>\n\n\n\n<p>Studium der \u201eSocial Sciences\u201c (B.A.) am University College Maastricht (Niederlande) mit Auslandsjahr in \u201eSocial and Political Sciences\u201c an der University of Cambridge (Vereinigtes K\u00f6nigreich). Studium im Forschungsmaster \u201eSociology of Culture, Media and the Arts\u201c an der Erasmus University Rotterdam (Niederlande) und in \u201ePolitischer Theorie\u201c (M.A.) an der Goethe-Universit\u00e4t Frankfurt am Main und der Technischen Universit\u00e4t Darmstadt. Promotionsstipendium an der Bremen International Graduate School of Social Sciences und Forschungsaufenthalt an der Universit\u00e4t Lund (Schweden).<\/p>\n\n\n\n<p><strong>Thema der Doktorarbeit<\/strong>: The role of \u201cstreet-level bureaucrats\u201d in the public employment service in Sweden and Germany<\/p>\n\n\n\n<p><strong>Forschungsinteressen<\/strong>:<br>Sozialpolitik, Public Administration, Demokratieforschung, qualitative Forschungsmethoden, vergleichende Forschung, politische Theorie, soziologische Theorie<\/p>\n","protected":false},"excerpt":{"rendered":"<p>Wissenschaftliche Mitarbeiterin \/ Doktorandin Helmut-Schmidt-Universit\u00e4tFakult\u00e4t f\u00fcr Wirtschafts- und SozialwissenschaftenProfessur f\u00fcr VerwaltungswissenschaftHolstenhofweg 8522043 Hamburg Geb\u00e4ude: H 1, Raum: 2501Telefon: +4940 6541 4889Fax: +4940 6541 3522E-Mail: laura.kollmann@hsu-hh.de Wissenschaftlicher Werdegang Studium der \u201eSocial [&hellip;]<\/p>\n","protected":false},"author":95,"featured_media":0,"parent":0,"menu_order":0,"comment_status":"closed","ping_status":"closed","template":"","meta":{"footnotes":""},"categories":[8],"tags":[],"class_list":["post-2578","page","type-page","status-publish","hentry","category-team"],"_links":{"self":[{"href":"https:\/\/www.hsu-hh.de\/vw\/wp-json\/wp\/v2\/pages\/2578","targetHints":{"allow":["GET"]}}],"collection":[{"href":"https:\/\/www.hsu-hh.de\/vw\/wp-json\/wp\/v2\/pages"}],"about":[{"href":"https:\/\/www.hsu-hh.de\/vw\/wp-json\/wp\/v2\/types\/page"}],"author":[{"embeddable":true,"href":"https:\/\/www.hsu-hh.de\/vw\/wp-json\/wp\/v2\/users\/95"}],"replies":[{"embeddable":true,"href":"https:\/\/www.hsu-hh.de\/vw\/wp-json\/wp\/v2\/comments?post=2578"}],"version-history":[{"count":1,"href":"https:\/\/www.hsu-hh.de\/vw\/wp-json\/wp\/v2\/pages\/2578\/revisions"}],"predecessor-version":[{"id":2582,"href":"https:\/\/www.hsu-hh.de\/vw\/wp-json\/wp\/v2\/pages\/2578\/revisions\/2582"}],"wp:attachment":[{"href":"https:\/\/www.hsu-hh.de\/vw\/wp-json\/wp\/v2\/media?parent=2578"}],"wp:term":[{"taxonomy":"category","embeddable":true,"href":"https:\/\/www.hsu-hh.de\/vw\/wp-json\/wp\/v2\/categories?post=2578"},{"taxonomy":"post_tag","embeddable":true,"href":"https:\/\/www.hsu-hh.de\/vw\/wp-json\/wp\/v2\/tags?post=2578"}],"curies":[{"name":"wp","href":"https:\/\/api.w.org\/{rel}","templated":true}]}}