{"id":2574,"date":"2023-10-18T11:56:38","date_gmt":"2023-10-18T09:56:38","guid":{"rendered":"https:\/\/www.hsu-hh.de\/vw\/?page_id=2574"},"modified":"2024-08-07T14:00:17","modified_gmt":"2024-08-07T12:00:17","slug":"nina-felgendreher-m-sc","status":"publish","type":"page","link":"https:\/\/www.hsu-hh.de\/vw\/nina-felgendreher-m-sc","title":{"rendered":"Nina Felgendreher, M.Sc"},"content":{"rendered":"\n<p>Wissenschaftliche Mitarbeiterin \/ Doktorandin<\/p>\n\n\n\n<div class=\"wp-block-columns is-layout-flex wp-container-core-columns-is-layout-9d6595d7 wp-block-columns-is-layout-flex\">\n<div class=\"wp-block-column is-layout-flow wp-block-column-is-layout-flow\">\n<p>Helmut-Schmidt-Universit\u00e4t<br>Fakult\u00e4t f\u00fcr Wirtschafts- und Sozialwissenschaften<br>Professur f\u00fcr Verwaltungswissenschaft<br>Holstenhofweg 85<br>22043 Hamburg<\/p>\n<\/div>\n\n\n\n<div class=\"wp-block-column is-layout-flow wp-block-column-is-layout-flow\">\n<p><strong>Geb\u00e4ude<\/strong>: H 1, <strong>Raum:<\/strong> 2502<br><strong>Telefon<\/strong>: +4940 6541 2414<br><strong>Fax<\/strong>: +4940 6541 3522<br><strong>E-Mail:<\/strong> felgendn@hsu-hh.de<\/p>\n<\/div>\n\n\n\n<div class=\"wp-block-column is-layout-flow wp-block-column-is-layout-flow\"><\/div>\n<\/div>\n\n\n\n<hr class=\"wp-block-separator has-alpha-channel-opacity\" \/>\n\n\n\n<p><strong>Wissenschaftlicher Werdegang<\/strong><\/p>\n\n\n\n<p>Bachelorstudium in Rom an der Sapienza Universit\u00e0 di Roma in &#8222;Cooperazione Internazionale e sviluppo&#8220; (Internationale Zusammenarbeit und Entwicklung). Anschlie\u00dfend Leiden Universit\u00e4t in den Niederlande und Erwerb eines MSc-Abschluss in Public Administration mit einer Spezialisierung in &#8222;European and International Governance&#8220;. Derzeit angestellt als wissenschaftliche Mitarbeiterin an der Professur f\u00fcr Verwaltungswissenschaft und der Professur f\u00fcr Verwaltungswissenschaft, insbesondere Steuerung \u00f6ffentlicher Organisationen an der Helmut-Schmidt-Universit\u00e4t.<br><br><strong>Thema der Doktorarbeit:<\/strong> &#8222;Assessing the Impact of Populist and Technocratic Governments on Public Administration&#8220;<br><br><strong>Forschungsinteressen:<\/strong><br>Sozialpolitik, demokratische Governance , Demokratieforschung, Public Administrations, International and European Governance und quantitative Forschungsmethoden<\/p>\n","protected":false},"excerpt":{"rendered":"<p>Wissenschaftliche Mitarbeiterin \/ Doktorandin Helmut-Schmidt-Universit\u00e4tFakult\u00e4t f\u00fcr Wirtschafts- und SozialwissenschaftenProfessur f\u00fcr VerwaltungswissenschaftHolstenhofweg 8522043 Hamburg Geb\u00e4ude: H 1, Raum: 2502Telefon: +4940 6541 2414Fax: +4940 6541 3522E-Mail: felgendn@hsu-hh.de Wissenschaftlicher Werdegang Bachelorstudium in Rom [&hellip;]<\/p>\n","protected":false},"author":95,"featured_media":0,"parent":0,"menu_order":0,"comment_status":"closed","ping_status":"closed","template":"","meta":{"footnotes":""},"categories":[8],"tags":[],"class_list":["post-2574","page","type-page","status-publish","hentry","category-team"],"_links":{"self":[{"href":"https:\/\/www.hsu-hh.de\/vw\/wp-json\/wp\/v2\/pages\/2574","targetHints":{"allow":["GET"]}}],"collection":[{"href":"https:\/\/www.hsu-hh.de\/vw\/wp-json\/wp\/v2\/pages"}],"about":[{"href":"https:\/\/www.hsu-hh.de\/vw\/wp-json\/wp\/v2\/types\/page"}],"author":[{"embeddable":true,"href":"https:\/\/www.hsu-hh.de\/vw\/wp-json\/wp\/v2\/users\/95"}],"replies":[{"embeddable":true,"href":"https:\/\/www.hsu-hh.de\/vw\/wp-json\/wp\/v2\/comments?post=2574"}],"version-history":[{"count":8,"href":"https:\/\/www.hsu-hh.de\/vw\/wp-json\/wp\/v2\/pages\/2574\/revisions"}],"predecessor-version":[{"id":2884,"href":"https:\/\/www.hsu-hh.de\/vw\/wp-json\/wp\/v2\/pages\/2574\/revisions\/2884"}],"wp:attachment":[{"href":"https:\/\/www.hsu-hh.de\/vw\/wp-json\/wp\/v2\/media?parent=2574"}],"wp:term":[{"taxonomy":"category","embeddable":true,"href":"https:\/\/www.hsu-hh.de\/vw\/wp-json\/wp\/v2\/categories?post=2574"},{"taxonomy":"post_tag","embeddable":true,"href":"https:\/\/www.hsu-hh.de\/vw\/wp-json\/wp\/v2\/tags?post=2574"}],"curies":[{"name":"wp","href":"https:\/\/api.w.org\/{rel}","templated":true}]}}