{"id":2571,"date":"2023-10-18T11:42:58","date_gmt":"2023-10-18T09:42:58","guid":{"rendered":"https:\/\/www.hsu-hh.de\/vw\/?page_id=2571"},"modified":"2025-10-06T10:01:23","modified_gmt":"2025-10-06T08:01:23","slug":"dr-sarah-cardaun","status":"publish","type":"page","link":"https:\/\/www.hsu-hh.de\/vw\/dr-sarah-cardaun","title":{"rendered":"Dr. Sarah Cardaun"},"content":{"rendered":"\n<p>Wissenschaftliche Mitarbeiterin<\/p>\n\n\n\n<div class=\"wp-block-columns is-layout-flex wp-container-core-columns-is-layout-9d6595d7 wp-block-columns-is-layout-flex\">\n<div class=\"wp-block-column is-layout-flow wp-block-column-is-layout-flow\">\n<p>Helmut-Schmidt-Universit\u00e4t<br>Fakult\u00e4t f\u00fcr Wirtschafts- und Sozialwissenschaften<br>Professur f\u00fcr Verwaltungswissenschaft<br>Holstenhofweg 85<br>22043 Hamburg<\/p>\n<\/div>\n\n\n\n<div class=\"wp-block-column is-layout-flow wp-block-column-is-layout-flow\">\n<p><strong>Geb\u00e4ude<\/strong>: H 1, <strong>Raum:<\/strong> 2508<br><strong>Telefon<\/strong>: +4940 6541 2786<br><strong>Fax<\/strong>: +4940 6541 3522<br><strong>E-Mail:<\/strong> cardauns@hsu-hh.de<\/p>\n<\/div>\n\n\n\n<div class=\"wp-block-column is-layout-flow wp-block-column-is-layout-flow\">\n<figure class=\"wp-block-image size-large is-resized\"><img loading=\"lazy\" decoding=\"async\" width=\"755\" height=\"1024\" src=\"https:\/\/www.hsu-hh.de\/vw\/wp-content\/uploads\/sites\/685\/2023\/10\/Sarah-Cardaun-755x1024.jpg\" data-credit=\"Sarah Cardaun\" alt=\"\" class=\"wp-image-2575\" style=\"width:198px;height:269px\" srcset=\"https:\/\/www.hsu-hh.de\/vw\/wp-content\/uploads\/sites\/685\/2023\/10\/Sarah-Cardaun-755x1024.jpg 755w, https:\/\/www.hsu-hh.de\/vw\/wp-content\/uploads\/sites\/685\/2023\/10\/Sarah-Cardaun-221x300.jpg 221w, https:\/\/www.hsu-hh.de\/vw\/wp-content\/uploads\/sites\/685\/2023\/10\/Sarah-Cardaun-768x1042.jpg 768w, https:\/\/www.hsu-hh.de\/vw\/wp-content\/uploads\/sites\/685\/2023\/10\/Sarah-Cardaun.jpg 959w\" sizes=\"auto, (max-width: 755px) 100vw, 755px\" \/><\/figure>\n<\/div>\n<\/div>\n\n\n\n<hr class=\"wp-block-separator has-alpha-channel-opacity\" \/>\n\n\n\n<p><strong>Wissenschaftlicher Werdegang<\/strong><\/p>\n\n\n\n<p><\/p>\n\n\n\n<ul class=\"wp-block-list\">\n<li>Seit Nov. 2019: Wissenschaftliche Mitarbeiterin am Lehrstuhl f\u00fcr Verwaltungswissenschaft <\/li>\n\n\n\n<li>2009-2013: Promotion am King\u2019s College London: <em>Government and Civil Society Responses to Contemporary Forms of Antisemitism in Britain<\/em> (PhD 2014)<\/li>\n\n\n\n<li>1999-2006: Magisterstudium an der Freien Universit\u00e4t Berlin: Publizistik- und Kommunikationswissenschaft, Politikwissenschaft und Betriebswirtschaftslehre<\/li>\n<\/ul>\n\n\n\n<p><strong>Ver\u00f6ffentlichungen<\/strong><\/p>\n\n\n\n<p>Miller, R., and S. Cardaun (2025). \u201cForeign Policy Agendas and Participation in Locally Led Informal Security Coalitions: Pakistan, Sudan, and the Yemen War Coalition.\u201d <em>The Middle East Journal<\/em>, 78(2-3), 153\u2013174. <a href=\"https:\/\/doi.org\/10.3751\/78.23.12\" rel='nofollow'>https:\/\/doi.org\/10.3751\/78.23.12<\/a><\/p>\n\n\n\n<p>Cardaun, S., und S. Veit (2025). \u201eIntegrierte Sicherheit durch einen Sicherheitsrat? Ans\u00e4tze zur Institutionalisierung der Nationalen Sicherheitsstrategie.\u201c <em>Zeitschrift f\u00fcr Politik<\/em>, 201-220. <a href=\"https:\/\/doi.org\/10.5771\/9783748951094-201\" rel='nofollow'>doi.org\/10.5771\/9783748951094-201<\/a><\/p>\n\n\n\n<p>Cardaun, S. (2025). \u201cHybrid Governance Arrangements and the Protection of Jewish Communities.\u201d In <em>Public Policies for Hybrid Governance<\/em>, ed. by: J. Vakkuri, R. Pinheiro, J.-E. Johanson, and T. Erkkil\u00e4, S. 299\u2013311, Cheltenham: Edward Elgar. <a href=\"https:\/\/doi.org\/10.4337\/9781035311637.00029\" rel='nofollow'>https:\/\/doi.org\/10.4337\/9781035311637.00029<\/a><\/p>\n\n\n\n<p>Cardaun, S. (2024). \u201cRethinking Public Administration: By Marc Holzer, Cheltenham, Edward Elgar, 2023, 190 Pp., \u00a380.00.\u201d&nbsp;<em>International Journal of Public Administration<\/em>, June, 1\u20132. doi:10.1080\/01900692.2024.2360560 <span><a href=\"\" rel='nofollow'><img decoding=\"async\" title=\"Add to Citavi project by DOI\" class=\"citavipicker\" style=\"border: 0px none!important;width: 16px!important;height: 16px!important;margin-left:1px !important;margin-right:1px !important\" src=\"image\/svg+xml;base64,PD94bWwgdmVyc2lvbj0iMS4wIiBlbmNvZGluZz0idXRmLTgiPz48IURPQ1RZUEUgc3ZnIFBVQkxJQyAiLS8vVzNDLy9EVEQgU1ZHIDEuMS8vRU4iICJodHRwOi8vd3d3LnczLm9yZy9HcmFwaGljcy9TVkcvMS4xL0RURC9zdmcxMS5kdGQiPjxzdmcgdmVyc2lvbj0iMS4xIiBpZD0iRWJlbmVfMSIgeG1sbnM9Imh0dHA6Ly93d3cudzMub3JnLzIwMDAvc3ZnIiB4bWxuczp4bGluaz0iaHR0cDovL3d3dy53My5vcmcvMTk5OS94bGluayIgeD0iMHB4IiB5PSIwcHgiIHdpZHRoPSIxNnB4IiBoZWlnaHQ9IjE2cHgiIHZpZXdCb3g9IjAgMCAxNiAxNiIgZW5hYmxlLWJhY2tncm91bmQ9Im5ldyAwIDAgMTYgMTYiIHhtbDpzcGFjZT0icHJlc2VydmUiPjxnPjxnPjxwYXRoIGZpbGw9IiNGRkZGRkYiIGQ9Ik04LjAwMSwxNS41QzMuODY0LDE1LjUsMC41LDEyLjEzNiwwLjUsOGMwLTQuMTM1LDMuMzY1LTcuNSw3LjUwMS03LjVTMTUuNSwzLjg2NCwxNS41LDhTMTIuMTM3LDE1LjUsOC4wMDEsMTUuNXoiLz48cGF0aCBmaWxsPSIjRDUyQjFFIiBkPSJNOC4wMDEsMUMxMS44NiwxLDE1LDQuMTQxLDE1LDhzLTMuMTM5LDctNi45OTksN0M0LjE0LDE1LDEsMTEuODU5LDEsOFM0LjE0LDEsOC4wMDEsMSBNOC4wMDEsMEMzLjU4MiwwLDAsMy41ODIsMCw4czMuNTgyLDgsOC4wMDEsOEMxMi40MTgsMTYsMTYsMTIuNDE4LDE2LDhTMTIuNDE4LDAsOC4wMDEsMEw4LjAwMSwweiIvPjwvZz48cGF0aCBmaWxsPSIjRDUyQjFFIiBkPSJNNi43NDUsMTIuNTg5Yy0wLjIyNywwLjEyMi0wLjQ5NywwLjI0Ny0wLjY4NCwwLjI0N2MtMC4zMTgsMC0wLjUwMS0wLjE2NC0wLjUwMS0wLjQ1MmMwLTAuMjA3LDAuMTQtMC4zNzUsMC41OTUtMC42MjJjMS41NDktMC45MDQsMi41OTQtMi4yNzIsMi41OTQtMy43MjFjMC0wLjgyNS0wLjIyNy0xLjExOS0wLjY4MS0xLjExOWMtMC4xMzUsMC0wLjMyLDAuMjE5LTAuNjM2LDAuMjE5SDcuMTU3QzYuMTAyLDcuMTQzLDUuMzMzLDYuMjY0LDUuMzMzLDUuMjNjMC0xLjE1MiwwLjk1OC0yLjAwNiwyLjI4LTIuMDA2YzEuNzc3LDAsMy4wNTMsMS4zNzMsMy4wNTMsMy40M0MxMC42NjYsOS4yMTUsOS4yMDMsMTEuMjcsNi43NDUsMTIuNTg5Ii8+PC9nPjwvc3ZnPg\"><\/a><\/span><\/p>\n\n\n\n<p>Davidovitz, M., S. Cardaun, T. Klenk, and N. Cohen (2023). \u201cHow do Different Organizational Influences Lead Street-Level Workers to Move Towards Clients? A Comparison of Care Services for the Elderly in Germany and Israel.\u201d <em>Public Management Review<\/em> 25 (12), 2451\u20132468. <a href=\"https:\/\/doi.org\/10.1080\/14719037.2022.2098531\" rel='nofollow'>https:\/\/doi.org\/10.1080\/14719037.2022.2098531<\/a><\/p>\n\n\n\n<p>Cohen, N., T. Klenk, M. Davidovitz, and S. Cardaun (2023). \u201cVarieties of Welfare Markets from a Street-Level Perspective: Comparing Long-Term Care Services in Germany and Israel.\u201d <em>Public Administration Review <\/em>83 (2): 419\u2013428. <a href=\"https:\/\/doi.org\/10.1111\/puar.13549\" rel='nofollow'>https:\/\/doi.org\/10.1111\/puar.13549<\/a><\/p>\n\n\n\n<p>Miller, R., and S. Cardaun (2020). \u201cMultinational Security Coalitions and the Limits of Middle Power Activism in the Middle East: The Saudi Case.\u201d <em>International Affairs<\/em> 98 (6), 1509\u20131525. <a href=\"https:\/\/doi.org\/10.1093\/ia\/iiaa158\" rel='nofollow'>https:\/\/doi.org\/10.1093\/ia\/iiaa158<\/a><\/p>\n\n\n\n<p>Miller, R., and S. Cardaun. (2019). \u201cNegotiating Insecurity: Small States and Multinational Security Coalitions in the Middle East\u201d, Insights (National University of Singapore) no. 2010.<\/p>\n\n\n\n<p>Cardaun, S. (2015)<em>. Countering Contemporary Antisemitism in Britain: Government and Civil society Responses between Universalism and Particularism.<\/em> Leiden; Boston: Brill.<\/p>\n\n\n\n<p>Cardaun, S. (2012). \u201cReview of <em>Palestinian Christians in Israel: State Attitudes towards non-Muslims in a Jewish State<\/em>, by Una McGahern. Routledge, 2011. <em>Journal of International and Global Studies<\/em> 3 (2): 151-53.<\/p>\n\n\n\n<p>Cardaun S. (2008)<em>. Anwaltschaft f\u00fcr die Armen: Entwicklungsbezogene \u00d6ffentlichkeitsarbeit im Spannungsfeld von Fundraising und Aufkl\u00e4rungsarbeit.<\/em> Saarbr\u00fccken: VDM-Verlag.<\/p>\n\n\n\n<p><\/p>\n","protected":false},"excerpt":{"rendered":"<p>Wissenschaftliche Mitarbeiterin Helmut-Schmidt-Universit\u00e4tFakult\u00e4t f\u00fcr Wirtschafts- und SozialwissenschaftenProfessur f\u00fcr VerwaltungswissenschaftHolstenhofweg 8522043 Hamburg Geb\u00e4ude: H 1, Raum: 2508Telefon: +4940 6541 2786Fax: +4940 6541 3522E-Mail: cardauns@hsu-hh.de Wissenschaftlicher Werdegang Ver\u00f6ffentlichungen Miller, R., and S. [&hellip;]<\/p>\n","protected":false},"author":95,"featured_media":0,"parent":0,"menu_order":0,"comment_status":"closed","ping_status":"closed","template":"","meta":{"footnotes":""},"categories":[8],"tags":[],"class_list":["post-2571","page","type-page","status-publish","hentry","category-team"],"_links":{"self":[{"href":"https:\/\/www.hsu-hh.de\/vw\/wp-json\/wp\/v2\/pages\/2571","targetHints":{"allow":["GET"]}}],"collection":[{"href":"https:\/\/www.hsu-hh.de\/vw\/wp-json\/wp\/v2\/pages"}],"about":[{"href":"https:\/\/www.hsu-hh.de\/vw\/wp-json\/wp\/v2\/types\/page"}],"author":[{"embeddable":true,"href":"https:\/\/www.hsu-hh.de\/vw\/wp-json\/wp\/v2\/users\/95"}],"replies":[{"embeddable":true,"href":"https:\/\/www.hsu-hh.de\/vw\/wp-json\/wp\/v2\/comments?post=2571"}],"version-history":[{"count":9,"href":"https:\/\/www.hsu-hh.de\/vw\/wp-json\/wp\/v2\/pages\/2571\/revisions"}],"predecessor-version":[{"id":3261,"href":"https:\/\/www.hsu-hh.de\/vw\/wp-json\/wp\/v2\/pages\/2571\/revisions\/3261"}],"wp:attachment":[{"href":"https:\/\/www.hsu-hh.de\/vw\/wp-json\/wp\/v2\/media?parent=2571"}],"wp:term":[{"taxonomy":"category","embeddable":true,"href":"https:\/\/www.hsu-hh.de\/vw\/wp-json\/wp\/v2\/categories?post=2571"},{"taxonomy":"post_tag","embeddable":true,"href":"https:\/\/www.hsu-hh.de\/vw\/wp-json\/wp\/v2\/tags?post=2571"}],"curies":[{"name":"wp","href":"https:\/\/api.w.org\/{rel}","templated":true}]}}