{"id":2567,"date":"2023-10-18T11:35:36","date_gmt":"2023-10-18T09:35:36","guid":{"rendered":"https:\/\/www.hsu-hh.de\/vw\/?page_id=2567"},"modified":"2026-03-20T12:25:29","modified_gmt":"2026-03-20T11:25:29","slug":"freya-charlotte-brockstedt-m-a","status":"publish","type":"page","link":"https:\/\/www.hsu-hh.de\/vw\/freya-charlotte-brockstedt-m-a","title":{"rendered":"Freya Charlotte Brockstedt, M.A."},"content":{"rendered":"\n<p>Wissenschaftliche Mitarbeiterin \/ Doktorandin<\/p>\n\n\n\n<div class=\"wp-block-columns is-layout-flex wp-container-core-columns-is-layout-9d6595d7 wp-block-columns-is-layout-flex\">\n<div class=\"wp-block-column is-layout-flow wp-block-column-is-layout-flow\">\n<p>Helmut-Schmidt-Universit\u00e4t<br>Fakult\u00e4t f\u00fcr Wirtschafts- und Sozialwissenschaften<br>Professur f\u00fcr Verwaltungswissenschaft<br>Holstenhofweg 85<br>22043 Hamburg<\/p>\n<\/div>\n\n\n\n<div class=\"wp-block-column is-layout-flow wp-block-column-is-layout-flow\">\n<p><strong>Geb\u00e4ude<\/strong>: H 1, <strong>Raum:<\/strong> 2502<br><strong>Telefon<\/strong>: +4940 6541 3609<br><strong>Fax<\/strong>: +4940 6541 3522<br><strong>E-Mail:<\/strong> freya.brockstedt@hsu-hh.de<\/p>\n<\/div>\n\n\n\n<div class=\"wp-block-column is-layout-flow wp-block-column-is-layout-flow\">\n<figure class=\"wp-block-image size-large is-resized\"><img loading=\"lazy\" decoding=\"async\" width=\"745\" height=\"745\" src=\"https:\/\/www.hsu-hh.de\/vw\/wp-content\/uploads\/sites\/685\/2023\/10\/Freya-Brockstedt-edited.jpeg\" data-credit=\"Freya Brockstedt\" alt=\"\" class=\"wp-image-2569\" style=\"width:209px;height:209px\" srcset=\"https:\/\/www.hsu-hh.de\/vw\/wp-content\/uploads\/sites\/685\/2023\/10\/Freya-Brockstedt-edited.jpeg 745w, https:\/\/www.hsu-hh.de\/vw\/wp-content\/uploads\/sites\/685\/2023\/10\/Freya-Brockstedt-edited-300x300.jpeg 300w, https:\/\/www.hsu-hh.de\/vw\/wp-content\/uploads\/sites\/685\/2023\/10\/Freya-Brockstedt-edited-150x150.jpeg 150w, https:\/\/www.hsu-hh.de\/vw\/wp-content\/uploads\/sites\/685\/2023\/10\/Freya-Brockstedt-edited-100x100.jpeg 100w\" sizes=\"auto, (max-width: 745px) 100vw, 745px\" \/><\/figure>\n<\/div>\n<\/div>\n\n\n\n<hr class=\"wp-block-separator has-alpha-channel-opacity\" \/>\n\n\n\n<p><strong>Wissenschaftlicher Werdegang<\/strong><\/p>\n\n\n\n<p>Freya Brockstedt arbeitet als wissenschaftliche Mitarbeiterin und Doktorandin an der Helmut-Schmidt-Universit\u00e4t\/Universit\u00e4t der Bundeswehr Hamburg an der Professur f\u00fcr Verwaltungswissenschaft und der Professur f\u00fcr Verwaltungswissenschaft, insbesondere Steuerung \u00f6ffentlicher Organisationen.<\/p>\n\n\n\n<p>Ihren Bachelorstudiengang Governance and Public Policy \u2013 Staatswissenschaften absolvierte sie an der Universit\u00e4t Passau und ihr Masterstudium der Politikwissenschaften schloss sie erfolgreich an der Otto-Friedrich-Universit\u00e4t Bamberg ab. Praktische Erfahrungen sammelte sie auf politischer Ebene im Nieders\u00e4chsischen Landtag und im Europ\u00e4ischen Parlament sowie durch Delegationsteilnahmen an Sitzungen der Vereinten Nationen in Wien und New York, im \u00f6ffentlichen Sektor beim Norddeutschen Rundfunk und im wissenschaftlichen Bereich als studentische Hilfskraft am Leibniz-Institut f\u00fcr Bildungsverl\u00e4ufe.<\/p>\n\n\n\n<p><strong>Thema der Doktorarbeit:<\/strong>\u00a0\u201eDigital Transformation of Public Administration: Social, Institutional, and Normative Dimensions\u201c<br><br><strong>Forschungsinteressen:<\/strong><br>Governance, Verwaltungsreformen und Verwaltungstransformation, Digitalisierung der \u00f6ffentlichen Verwaltung, Sozialpolitik, Public Policy, quantitative und qualitative Forschungsmethoden<\/p>\n","protected":false},"excerpt":{"rendered":"<p>Wissenschaftliche Mitarbeiterin \/ Doktorandin Helmut-Schmidt-Universit\u00e4tFakult\u00e4t f\u00fcr Wirtschafts- und SozialwissenschaftenProfessur f\u00fcr VerwaltungswissenschaftHolstenhofweg 8522043 Hamburg Geb\u00e4ude: H 1, Raum: 2502Telefon: +4940 6541 3609Fax: +4940 6541 3522E-Mail: freya.brockstedt@hsu-hh.de Wissenschaftlicher Werdegang Freya Brockstedt arbeitet [&hellip;]<\/p>\n","protected":false},"author":95,"featured_media":0,"parent":0,"menu_order":0,"comment_status":"closed","ping_status":"closed","template":"","meta":{"footnotes":""},"categories":[8],"tags":[],"class_list":["post-2567","page","type-page","status-publish","hentry","category-team"],"_links":{"self":[{"href":"https:\/\/www.hsu-hh.de\/vw\/wp-json\/wp\/v2\/pages\/2567","targetHints":{"allow":["GET"]}}],"collection":[{"href":"https:\/\/www.hsu-hh.de\/vw\/wp-json\/wp\/v2\/pages"}],"about":[{"href":"https:\/\/www.hsu-hh.de\/vw\/wp-json\/wp\/v2\/types\/page"}],"author":[{"embeddable":true,"href":"https:\/\/www.hsu-hh.de\/vw\/wp-json\/wp\/v2\/users\/95"}],"replies":[{"embeddable":true,"href":"https:\/\/www.hsu-hh.de\/vw\/wp-json\/wp\/v2\/comments?post=2567"}],"version-history":[{"count":7,"href":"https:\/\/www.hsu-hh.de\/vw\/wp-json\/wp\/v2\/pages\/2567\/revisions"}],"predecessor-version":[{"id":3370,"href":"https:\/\/www.hsu-hh.de\/vw\/wp-json\/wp\/v2\/pages\/2567\/revisions\/3370"}],"wp:attachment":[{"href":"https:\/\/www.hsu-hh.de\/vw\/wp-json\/wp\/v2\/media?parent=2567"}],"wp:term":[{"taxonomy":"category","embeddable":true,"href":"https:\/\/www.hsu-hh.de\/vw\/wp-json\/wp\/v2\/categories?post=2567"},{"taxonomy":"post_tag","embeddable":true,"href":"https:\/\/www.hsu-hh.de\/vw\/wp-json\/wp\/v2\/tags?post=2567"}],"curies":[{"name":"wp","href":"https:\/\/api.w.org\/{rel}","templated":true}]}}