{"id":2558,"date":"2023-10-18T09:57:56","date_gmt":"2023-10-18T07:57:56","guid":{"rendered":"https:\/\/www.hsu-hh.de\/vw\/?page_id=2558"},"modified":"2026-01-30T15:05:03","modified_gmt":"2026-01-30T14:05:03","slug":"tanja","status":"publish","type":"page","link":"https:\/\/www.hsu-hh.de\/vw\/tanja","title":{"rendered":"Prof. Dr. Tanja Klenk"},"content":{"rendered":"\n<p>Professurinhaberin<\/p>\n\n\n\n<div class=\"wp-block-columns is-layout-flex wp-container-core-columns-is-layout-9d6595d7 wp-block-columns-is-layout-flex\">\n<div class=\"wp-block-column is-layout-flow wp-block-column-is-layout-flow\">\n<p>Helmut-Schmidt-Universit\u00e4t<br>Fakult\u00e4t f\u00fcr Wirtschafts- und Sozialwissenschaften<br>Professur f\u00fcr Verwaltungswissenschaft<br>Holstenhofweg 85<br>22043 Hamburg<\/p>\n<\/div>\n\n\n\n<div class=\"wp-block-column is-layout-flow wp-block-column-is-layout-flow\">\n<p><strong>Geb\u00e4ude<\/strong>: H 1, <strong>Raum:<\/strong> 2131<br><strong>Telefon<\/strong>: +4940 6541 2801<br><strong>Fax<\/strong>: +4940 6541 3522<br><strong>E-Mail:<\/strong> tanja.klenk@hsu-hh.de<\/p>\n<\/div>\n\n\n\n<div class=\"wp-block-column is-layout-flow wp-block-column-is-layout-flow\">\n<figure class=\"wp-block-image size-full is-style-default\"><img loading=\"lazy\" decoding=\"async\" width=\"180\" height=\"180\" src=\"https:\/\/www.hsu-hh.de\/vw\/wp-content\/uploads\/sites\/685\/2022\/12\/Klenk-Tanja-1.png\" data-credit=\"Tanja\" alt=\"Tanja\" class=\"wp-image-2335\" srcset=\"https:\/\/www.hsu-hh.de\/vw\/wp-content\/uploads\/sites\/685\/2022\/12\/Klenk-Tanja-1.png 180w, https:\/\/www.hsu-hh.de\/vw\/wp-content\/uploads\/sites\/685\/2022\/12\/Klenk-Tanja-1-150x150.png 150w, https:\/\/www.hsu-hh.de\/vw\/wp-content\/uploads\/sites\/685\/2022\/12\/Klenk-Tanja-1-100x100.png 100w\" sizes=\"auto, (max-width: 180px) 100vw, 180px\" \/><\/figure>\n<\/div>\n<\/div>\n\n\n\n<p><strong>Sprechstunde<\/strong><br>nach Vereinbarung<\/p>\n\n\n\n<hr class=\"wp-block-separator has-alpha-channel-opacity\" \/>\n\n\n\n<p><strong>Wissenschaftlicher Werdegang<\/strong><\/p>\n\n\n\n<ul class=\"wp-block-list\">\n<li>seit 10\/2017<br>Professorin f\u00fcr Verwaltungswissenschaft, Helmut Schmidt Universit\u00e4t, Universit\u00e4t der Bundeswehr<\/li>\n\n\n\n<li>Februar 2017<br>Habilitation&nbsp;an&nbsp;Wirtschafts- und Sozialwissenschaftlichen Fakult\u00e4t der Universit\u00e4t Potsdam, Venia Legendi f\u00fcr Politik- und Verwaltungswissenschaft; Titel der Habilitationsschrift:&nbsp;\u201eAccountability&nbsp;and&nbsp;Coordination&nbsp;in&nbsp;Welfare Markets\u201c(kumulativ).<\/li>\n\n\n\n<li>04\/2015\u201309\/2017<br>Professorin f\u00fcr Theorie und Empirie des Gesundheitswesens, Universit\u00e4t Kassel<\/li>\n\n\n\n<li>10\/2013\u201303\/2014<br>Vertretung der Professur f\u00fcr Politikwissenschaft&nbsp;an&nbsp;der Deutschen<br>Universit\u00e4t f\u00fcr Verwaltungswissenschaften Speyer<\/li>\n\n\n\n<li>06\/2012\u201303\/2013<br>Mutterschutz &amp; Elternzeit<br>M\u00e4rz 2011<br>Visiting Fellow&nbsp;an&nbsp;der Universit\u00e0 degli Studi di Milano, Facolt\u00e0 di Scienze Politiche<\/li>\n\n\n\n<li>04\/2011\u201309\/2015<br>Wissenschaftliche Mitarbeiterin&nbsp;an&nbsp;der Universit\u00e4t Potsdam,<br>Lehrstuhl f\u00fcr Politik, Verwaltung und Organisation<\/li>\n\n\n\n<li>April 2008<br>Visiting Fellow&nbsp;an&nbsp;der University&nbsp;of&nbsp;Bath, UK, Department&nbsp;of&nbsp;Social &amp; Policy Sciences<\/li>\n\n\n\n<li>01\/2007\u201303\/2011<br>Redakteurin der&nbsp;Zeitschrift f\u00fcr Sozialreform<\/li>\n\n\n\n<li>Juni 2007<br>Promotion (<abbr title=\"Doktor\">Dr.<\/abbr>&nbsp;<abbr title=\"rerum\">rer.<\/abbr>&nbsp;<abbr title=\"politicarum\">pol.<\/abbr>), Titel der Dissertation:<br>\u201eInnovation und Kontinuit\u00e4t: Die Organisationsreform&nbsp;in&nbsp;der GRV\u201c<br>Gutachter:&nbsp;<abbr title=\"Professor\">Prof.<\/abbr>&nbsp;<abbr title=\"Doktor\">Dr.<\/abbr>&nbsp;Frank Nullmeier, Universit\u00e4t Bremen \/&nbsp;<abbr title=\"Professor\">Prof.<\/abbr>&nbsp;<abbr title=\"Doktor\">Dr.<\/abbr>&nbsp;Marian D\u00f6hler, Fernuniversit\u00e4t Hagen<\/li>\n\n\n\n<li>06\/2004\u201303\/2011<br>Wissenschaftliche Mitarbeiterin am Zentrum f\u00fcr Sozialpolitik, Abteilung Theorie und Verfassung des Wohlfahrtsstaates, Universit\u00e4t Bremen<\/li>\n\n\n\n<li>07\/2001\u201305\/2004<br>Beraterin bei der ISA Consult&nbsp;<abbr title=\"Gesellschaft mit beschr\u00e4nkter Haftung\">GmbH<\/abbr>, Beratungsgesellschaft f\u00fcr<br>Innovation, Strukturpolitik und Arbeit, mit den Beratungsschwerpunkten Modernisierung des \u00f6ffentlichen Sektors (Kontraktmanagement,<br>Qualit\u00e4tsmanagement, Arbeitszeit)<\/li>\n\n\n\n<li>1994 \u2013 2001<br>Studium der Soziologie, Politikwissenschaft, Geschichte und Philosophie&nbsp;an&nbsp;der Universit\u00e4t Hamburg<br>Schwerpunkte im Hauptfach Soziologie: Wirtschaft, Arbeit und Organisation<br>Abschluss als Diplom-Soziologin, Diplomarbeit: \u201eKommunale Gleichstellungspolitik im Verwaltungsmodernisierungsprozess\u201c<\/li>\n<\/ul>\n\n\n\n<hr class=\"wp-block-separator has-alpha-channel-opacity\" \/>\n\n\n\n<p><strong><a href=\"https:\/\/www.hsu-hh.de\/vw\/wp-content\/uploads\/sites\/685\/2026\/01\/Publications-Klenk-Jan-2026.pdf\" target=\"_blank\" rel=\"noreferrer noopener\">Publikationen<\/a><\/strong><\/p>\n\n\n\n<p><a rel=\"noreferrer noopener\" href=\"https:\/\/www.springer.com\/series\/12125\" data-type=\"link\" data-id=\"https:\/\/www.springer.com\/series\/12125\" target=\"_blank\"><strong>Publikationsreihe<\/strong><\/a><\/p>\n\n\n\n<hr class=\"wp-block-separator has-alpha-channel-opacity\" \/>\n\n\n\n<p><strong>Netzwerk<\/strong><\/p>\n\n\n\n<p>DVPW \u2013 Deutsche Vereinigung f\u00fcr Politikwissenschaft, Mitglied des Vorstands (<a href=\"https:\/\/www.dvpw.de\/wir\/vorstand\/\" rel='nofollow'>https:\/\/www.dvpw.de\/wir\/vorstand\/<\/a>)<\/p>\n\n\n\n<p>DVPW \u2013 Sprecherin der Sektion Policy Analyse und Verwaltungswissenschaft (<a href=\"https:\/\/www.dvpw.de\/gliederung\/sektionen\/spv\/sektionsvorstand\/\" rel='nofollow'>https:\/\/www.dvpw.de\/gliederung\/sektionen\/spv\/sektionsvorstand\/<\/a>)<\/p>\n\n\n\n<p>EGPA \u2013 European Group for Public Administration, Sprecherin der Gruppe \u2018Welfare State Governance and Professionalism\u2019 <a href=\"https:\/\/egpa.iias-iisa.org\/\" rel='nofollow'>https:\/\/egpa.iias-iisa.org\/<\/a><\/p>\n\n\n\n<p>Sektion Sozialpolitik in der Deutschen Gesellschaft f\u00fcr Soziologie (Mitglied im Vorstand,&nbsp;&nbsp;<a href=\"https:\/\/www.soziologie.de\/de\/sektionen\/sozialpolitik\/portrait\/\" rel='nofollow'>https:\/\/www.soziologie.de\/de\/sektionen\/sozialpolitik\/portrait\/<\/a>)<\/p>\n\n\n\n<p>FIS \u2013 F\u00f6rdernetzwerk Interdisziplin\u00e4re Sozialpolitikforschung (Mitglied im wissenschaftlichen Beirat, <a href=\"https:\/\/www.fis-netzwerk.de\/ueber-fis\/organisation\/?L=0\" rel='nofollow'>https:\/\/www.fis-netzwerk.de\/ueber-fis\/organisation\/?L=0<\/a>)<\/p>\n\n\n\n<p>Progressives Zentrum (Mitglied im wissenschaftlichen Beirat, <a href=\"http:\/\/www.progressives-zentrum.org\/author\/tanjaklenk\/\" rel='nofollow'>http:\/\/www.progressives-zentrum.org\/author\/tanjaklenk\/<\/a>)<\/p>\n\n\n\n<p>Stiftung Aktive B\u00fcrgerschaft (Mitglied im Stiftungsrat; <a href=\"https:\/\/www.aktive-buergerschaft.de\/dank-fuer-langjaehriges-engagement-und-neue-mitglieder\/\" rel='nofollow'>https:\/\/www.aktive-buergerschaft.de\/dank-fuer-langjaehriges-engagement-und-neue-mitglieder\/<\/a>)<\/p>\n\n\n\n<p>der moderne staat \u2013 dms: Zeitschrift f\u00fcr Public Policy, Recht und Management (Mitglied im Beirat, <a href=\"https:\/\/www.budrich-journals.de\/index.php\/dms\" rel='nofollow'>https:\/\/www.budrich-journals.de\/index.php\/dms<\/a>)<\/p>\n\n\n\n<p>EPA \u2013 European Policy Analysis (Member of the Editorial Board, <a href=\"https:\/\/onlinelibrary.wiley.com\/page\/journal\/23806567\/homepage\/editorialboard.html\" rel='nofollow'>https:\/\/onlinelibrary.wiley.com\/page\/journal\/23806567\/homepage\/editorialboard.html<\/a>)<\/p>\n","protected":false},"excerpt":{"rendered":"<p>Professurinhaberin Helmut-Schmidt-Universit\u00e4tFakult\u00e4t f\u00fcr Wirtschafts- und SozialwissenschaftenProfessur f\u00fcr VerwaltungswissenschaftHolstenhofweg 8522043 Hamburg Geb\u00e4ude: H 1, Raum: 2131Telefon: +4940 6541 2801Fax: +4940 6541 3522E-Mail: tanja.klenk@hsu-hh.de Sprechstundenach Vereinbarung Wissenschaftlicher Werdegang Publikationen Publikationsreihe Netzwerk DVPW [&hellip;]<\/p>\n","protected":false},"author":95,"featured_media":0,"parent":0,"menu_order":0,"comment_status":"closed","ping_status":"closed","template":"","meta":{"footnotes":""},"categories":[8],"tags":[],"class_list":["post-2558","page","type-page","status-publish","hentry","category-team"],"_links":{"self":[{"href":"https:\/\/www.hsu-hh.de\/vw\/wp-json\/wp\/v2\/pages\/2558","targetHints":{"allow":["GET"]}}],"collection":[{"href":"https:\/\/www.hsu-hh.de\/vw\/wp-json\/wp\/v2\/pages"}],"about":[{"href":"https:\/\/www.hsu-hh.de\/vw\/wp-json\/wp\/v2\/types\/page"}],"author":[{"embeddable":true,"href":"https:\/\/www.hsu-hh.de\/vw\/wp-json\/wp\/v2\/users\/95"}],"replies":[{"embeddable":true,"href":"https:\/\/www.hsu-hh.de\/vw\/wp-json\/wp\/v2\/comments?post=2558"}],"version-history":[{"count":14,"href":"https:\/\/www.hsu-hh.de\/vw\/wp-json\/wp\/v2\/pages\/2558\/revisions"}],"predecessor-version":[{"id":3338,"href":"https:\/\/www.hsu-hh.de\/vw\/wp-json\/wp\/v2\/pages\/2558\/revisions\/3338"}],"wp:attachment":[{"href":"https:\/\/www.hsu-hh.de\/vw\/wp-json\/wp\/v2\/media?parent=2558"}],"wp:term":[{"taxonomy":"category","embeddable":true,"href":"https:\/\/www.hsu-hh.de\/vw\/wp-json\/wp\/v2\/categories?post=2558"},{"taxonomy":"post_tag","embeddable":true,"href":"https:\/\/www.hsu-hh.de\/vw\/wp-json\/wp\/v2\/tags?post=2558"}],"curies":[{"name":"wp","href":"https:\/\/api.w.org\/{rel}","templated":true}]}}