{"id":148,"date":"2017-11-22T14:21:50","date_gmt":"2017-11-22T13:21:50","guid":{"rendered":"https:\/\/www.hsu-hh.de\/vw\/?page_id=148"},"modified":"2024-08-07T14:09:30","modified_gmt":"2024-08-07T12:09:30","slug":"forschung","status":"publish","type":"page","link":"https:\/\/www.hsu-hh.de\/vw\/forschung","title":{"rendered":"Forschung"},"content":{"rendered":"\n<figure class=\"wp-block-image size-large is-style-default\"><img loading=\"lazy\" decoding=\"async\" width=\"880\" height=\"402\" src=\"https:\/\/www.hsu-hh.de\/vw\/wp-content\/uploads\/sites\/685\/2018\/03\/Bild4.jpg\" data-credit=\"T. Klenk\" alt=\"Publikationen des Lehrstuhls\" class=\"wp-image-475\" srcset=\"https:\/\/www.hsu-hh.de\/vw\/wp-content\/uploads\/sites\/685\/2018\/03\/Bild4.jpg 880w, https:\/\/www.hsu-hh.de\/vw\/wp-content\/uploads\/sites\/685\/2018\/03\/Bild4-300x137.jpg 300w, https:\/\/www.hsu-hh.de\/vw\/wp-content\/uploads\/sites\/685\/2018\/03\/Bild4-768x351.jpg 768w\" sizes=\"auto, (max-width: 880px) 100vw, 880px\" \/><figcaption class=\"wp-element-caption\">Publikationen des Lehrstuhls<\/figcaption><\/figure>\n\n\n<div>\n<p>Organisationaler und institutioneller Wandel im \u00f6ffentlichen Sektor steht im Zentrum der Forschung der Professur f\u00fcr Verwaltungswissenschaft. Insbesondere interessiert, wie sich Organisation und Steuerung der (sozial)staatlichen Leistungserbringung vor dem Hintergrund von politischem, sozialem oder technischem Wandel (wie <abbr title=\"zum Beispiel\">z.B.<\/abbr> Liberalisierung\/Vermarktlichung der Daseinsvorsorge, Internationalisierung, Digitalisierung) ver\u00e4ndert. In welcher Weise werden die Grenzen zwischen \u00f6ffentlichen und privat, gemeinwohl- und gewinnorientiert verschoben und wie werden die damit verbundenen sozialen Konflikte gel\u00f6st? Wie ver\u00e4ndern sich Interaktionsmuster zwischen (\u00f6ffentlichen, gemeinn\u00fctzigen oder privat-gewinnorientierten) Leistungserbringern mit Politik und Verwaltung einerseits, mit B\u00fcrgerinnen und B\u00fcrgern andererseits?<\/p>\n<p>Der Wandel der (sozial-)staatlichen Leistungserbringung wird dabei sowohl in unterschiedlichen Sektoren (<abbr title=\"zum Beispiel\">z.B.<\/abbr> Arbeitsmarkt, Gesundheit, Alterssicherung) als auch auf unterschiedlichen Ebenen (Politikfeld\/Organisation) untersucht.<\/p>\n<\/div>\n\n\n<hr class=\"wp-block-separator has-alpha-channel-opacity\" \/>\n\n\n\n<div class=\"wp-block-columns is-layout-flex wp-container-core-columns-is-layout-9d6595d7 wp-block-columns-is-layout-flex\">\n<div class=\"wp-block-column is-layout-flow wp-block-column-is-layout-flow\" style=\"flex-basis:66.66%\">\n<p><a href=\"https:\/\/www.hsu-hh.de\/vw\/drittmittelprojekte\" target=\"_blank\" rel=\"noreferrer noopener\">Drittmittelprojekte<\/a><\/p>\n<\/div>\n\n\n\n<div class=\"wp-block-column is-layout-flow wp-block-column-is-layout-flow\" style=\"flex-basis:33.33%\"><\/div>\n<\/div>\n\n\n\n<hr class=\"wp-block-separator has-alpha-channel-opacity\" \/>\n\n\n\n<div class=\"wp-block-columns is-layout-flex wp-container-core-columns-is-layout-9d6595d7 wp-block-columns-is-layout-flex\">\n<div class=\"wp-block-column is-layout-flow wp-block-column-is-layout-flow\" style=\"flex-basis:66.66%\">\n<p><a href=\"https:\/\/www.hsu-hh.de\/vw\/dissertationsprojekte\" target=\"_blank\" rel=\"noreferrer noopener\">Dissertationsprojekte<\/a><\/p>\n<\/div>\n\n\n\n<div class=\"wp-block-column is-layout-flow wp-block-column-is-layout-flow\" style=\"flex-basis:33.33%\"><\/div>\n<\/div>\n","protected":false},"excerpt":{"rendered":"<p>Organisationaler und institutioneller Wandel im \u00f6ffentlichen Sektor steht im Zentrum der Forschung der Professur f\u00fcr Verwaltungswissenschaft. Insbesondere interessiert, wie sich Organisation und Steuerung der (sozial)staatlichen Leistungserbringung vor dem Hintergrund von [&hellip;]<\/p>\n","protected":false},"author":95,"featured_media":441,"parent":0,"menu_order":0,"comment_status":"closed","ping_status":"closed","template":"","meta":{"footnotes":""},"categories":[4],"tags":[],"class_list":["post-148","page","type-page","status-publish","has-post-thumbnail","hentry","category-forschung"],"_links":{"self":[{"href":"https:\/\/www.hsu-hh.de\/vw\/wp-json\/wp\/v2\/pages\/148","targetHints":{"allow":["GET"]}}],"collection":[{"href":"https:\/\/www.hsu-hh.de\/vw\/wp-json\/wp\/v2\/pages"}],"about":[{"href":"https:\/\/www.hsu-hh.de\/vw\/wp-json\/wp\/v2\/types\/page"}],"author":[{"embeddable":true,"href":"https:\/\/www.hsu-hh.de\/vw\/wp-json\/wp\/v2\/users\/95"}],"replies":[{"embeddable":true,"href":"https:\/\/www.hsu-hh.de\/vw\/wp-json\/wp\/v2\/comments?post=148"}],"version-history":[{"count":32,"href":"https:\/\/www.hsu-hh.de\/vw\/wp-json\/wp\/v2\/pages\/148\/revisions"}],"predecessor-version":[{"id":2892,"href":"https:\/\/www.hsu-hh.de\/vw\/wp-json\/wp\/v2\/pages\/148\/revisions\/2892"}],"wp:featuredmedia":[{"embeddable":true,"href":"https:\/\/www.hsu-hh.de\/vw\/wp-json\/wp\/v2\/media\/441"}],"wp:attachment":[{"href":"https:\/\/www.hsu-hh.de\/vw\/wp-json\/wp\/v2\/media?parent=148"}],"wp:term":[{"taxonomy":"category","embeddable":true,"href":"https:\/\/www.hsu-hh.de\/vw\/wp-json\/wp\/v2\/categories?post=148"},{"taxonomy":"post_tag","embeddable":true,"href":"https:\/\/www.hsu-hh.de\/vw\/wp-json\/wp\/v2\/tags?post=148"}],"curies":[{"name":"wp","href":"https:\/\/api.w.org\/{rel}","templated":true}]}}