{"id":862,"date":"2020-01-18T13:01:17","date_gmt":"2020-01-18T12:01:17","guid":{"rendered":"https:\/\/www.hsu-hh.de\/voelkerrecht\/?page_id=862"},"modified":"2023-04-25T10:52:40","modified_gmt":"2023-04-25T08:52:40","slug":"rebecca-kruse-2","status":"publish","type":"page","link":"https:\/\/www.hsu-hh.de\/voelkerrecht\/en\/rebecca-kruse-2","title":{"rendered":"Rebecca Kruse"},"content":{"rendered":"<div class=\"clearfix\"><\/div>\n<div class=\"ansprechparter-container\">\n<div class=\"row ansprechpartner-item ansprechparter-header\">\n<div class=\"col-xs-8 col-lg-12\" style=\"margin-bottom: 30px\">\n<div class=\"mobile-small\"><\/div>\n<\/div>\n<div class=\"col-md-4 col-lg-3 col-xs-4 ansprechpartner-item floatright img-circle center-block\" style=\"margin-bottom: 30px\">\n<div class=\"img-responsive-wrapper\"><img decoding=\"async\" class=\"img-circle img-responsive center-block\" src=\"\/wp-content\/themes\/hsu\/img\/dummy\/dummy_ansprechpartner.png\" alt=\"\" \/><\/div>\n<\/div>\n<div class=\"col-md-12 col-lg-3 col-xs-12 ansprechpartner-item kontakt floatright\" style=\"margin-bottom: 30px\">\n<div class=\"row\">\n<div class=\"col-xs-12 col-sm-6 col-lg-12\">\n<div class=\"row\">\n<div class=\"col-xs-12 col-lg-4 row-text bold\">Room:<\/div>\n<div class=\"col-xs-12 col-lg-8 row-text\">2120<\/div>\n<\/div>\n<\/div>\n<div class=\"col-xs-12 col-sm-6 col-lg-12\">\n<div class=\"row\">\n<div class=\"col-xs-12 col-lg-4 row-text bold\">Phone:<\/div>\n<div class=\"col-xs-12 col-lg-8 row-text\">+49-40-6541-4495<\/div>\n<\/div>\n<\/div>\n<div class=\"col-xs-12 col-sm-6 col-lg-12\">\n<div class=\"row\">\n<div class=\"col-xs-12 col-md-12 row-text bold\">E-Mail:<\/div>\n<div>kruser@hsu-hh.de<\/div>\n<div><\/div>\n<\/div>\n<\/div>\n<\/div>\n<\/div>\n<div class=\"col-md-6 col-lg-3 col-xs-12 ansprechpartner-item anschrift floatright\">\n<div class=\"row-headline\">Visitor Adress<\/div>\n<div class=\"row-text\">Helmut-Schmidt-Universit\u00e4t<\/div>\n<div class=\"row-text\">Geb\u00e4ude H1<\/div>\n<div class=\"row-text\">Holstenhofweg 85<\/div>\n<div class=\"row-text\">22043 Hamburg<\/div>\n<\/div>\n<div class=\"col-md-6 col-lg-3 col-xs-12 ansprechpartner-item anschrift floatright\">\n<div class=\"row-headline\">Postal Adress<\/div>\n<div class=\"row-text\">Helmut-Schmidt-Universit\u00e4t<\/div>\n<div class=\"row-text\">Fakult\u00e4t Wirtschafts- und Sozialwissenschaften<\/div>\n<div class=\"row-text\">Postfach 70 08 22<\/div>\n<div class=\"row-text\">22008 Hamburg<\/div>\n<\/div>\n<\/div>\n<\/div>\n<div class=\"clearfix\"><\/div>\n","protected":false},"excerpt":{"rendered":"<p>Room: 2120 Phone: +49-40-6541-4495 E-Mail: kruser@hsu-hh.de Visitor Adress Helmut-Schmidt-Universit\u00e4t Geb\u00e4ude H1 Holstenhofweg 85 22043 Hamburg Postal Adress Helmut-Schmidt-Universit\u00e4t Fakult\u00e4t Wirtschafts- und Sozialwissenschaften Postfach 70 08 22 22008 Hamburg<\/p>\n","protected":false},"author":2394,"featured_media":0,"parent":0,"menu_order":0,"comment_status":"closed","ping_status":"closed","template":"","meta":{"footnotes":""},"categories":[49,9],"tags":[],"class_list":["post-862","page","type-page","status-publish","hentry","category-research-assistants","category-team-en"],"_links":{"self":[{"href":"https:\/\/www.hsu-hh.de\/voelkerrecht\/wp-json\/wp\/v2\/pages\/862","targetHints":{"allow":["GET"]}}],"collection":[{"href":"https:\/\/www.hsu-hh.de\/voelkerrecht\/wp-json\/wp\/v2\/pages"}],"about":[{"href":"https:\/\/www.hsu-hh.de\/voelkerrecht\/wp-json\/wp\/v2\/types\/page"}],"author":[{"embeddable":true,"href":"https:\/\/www.hsu-hh.de\/voelkerrecht\/wp-json\/wp\/v2\/users\/2394"}],"replies":[{"embeddable":true,"href":"https:\/\/www.hsu-hh.de\/voelkerrecht\/wp-json\/wp\/v2\/comments?post=862"}],"version-history":[{"count":14,"href":"https:\/\/www.hsu-hh.de\/voelkerrecht\/wp-json\/wp\/v2\/pages\/862\/revisions"}],"predecessor-version":[{"id":1530,"href":"https:\/\/www.hsu-hh.de\/voelkerrecht\/wp-json\/wp\/v2\/pages\/862\/revisions\/1530"}],"wp:attachment":[{"href":"https:\/\/www.hsu-hh.de\/voelkerrecht\/wp-json\/wp\/v2\/media?parent=862"}],"wp:term":[{"taxonomy":"category","embeddable":true,"href":"https:\/\/www.hsu-hh.de\/voelkerrecht\/wp-json\/wp\/v2\/categories?post=862"},{"taxonomy":"post_tag","embeddable":true,"href":"https:\/\/www.hsu-hh.de\/voelkerrecht\/wp-json\/wp\/v2\/tags?post=862"}],"curies":[{"name":"wp","href":"https:\/\/api.w.org\/{rel}","templated":true}]}}