{"id":813,"date":"2019-09-30T23:35:13","date_gmt":"2019-09-30T21:35:13","guid":{"rendered":"https:\/\/www.hsu-hh.de\/voelkerrecht\/?page_id=813"},"modified":"2023-03-01T09:59:25","modified_gmt":"2023-03-01T08:59:25","slug":"maureen-macoun","status":"publish","type":"page","link":"https:\/\/www.hsu-hh.de\/voelkerrecht\/maureen-macoun","title":{"rendered":"Maureen Macoun"},"content":{"rendered":"\n<p>Helmut-Schmidt-Universit\u00e4t<br>Fakult\u00e4t f\u00fcr Wirtschafts- und Sozialwissenschaften<br>Holstenhofweg 85, Geb. H1, R. 2122<br>22043 Hamburg<\/p>\n\n\n\n<p>Telefon: +49 40 6541 2549<br>E-Mail: <a href=\"mailto:macounm@hsu-hh.de\" rel='nofollow'>macounm@hsu-hh.de<\/a><\/p>\n","protected":false},"excerpt":{"rendered":"<p>Helmut-Schmidt-Universit\u00e4tFakult\u00e4t f\u00fcr Wirtschafts- und SozialwissenschaftenHolstenhofweg 85, Geb. H1, R. 212222043 Hamburg Telefon: +49 40 6541 2549E-Mail: macounm@hsu-hh.de<\/p>\n","protected":false},"author":136,"featured_media":0,"parent":0,"menu_order":0,"comment_status":"closed","ping_status":"closed","template":"","meta":{"footnotes":""},"categories":[8,39],"tags":[],"class_list":["post-813","page","type-page","status-publish","hentry","category-team","category-wissenschaftliche-mitarbeiter"],"_links":{"self":[{"href":"https:\/\/www.hsu-hh.de\/voelkerrecht\/wp-json\/wp\/v2\/pages\/813","targetHints":{"allow":["GET"]}}],"collection":[{"href":"https:\/\/www.hsu-hh.de\/voelkerrecht\/wp-json\/wp\/v2\/pages"}],"about":[{"href":"https:\/\/www.hsu-hh.de\/voelkerrecht\/wp-json\/wp\/v2\/types\/page"}],"author":[{"embeddable":true,"href":"https:\/\/www.hsu-hh.de\/voelkerrecht\/wp-json\/wp\/v2\/users\/136"}],"replies":[{"embeddable":true,"href":"https:\/\/www.hsu-hh.de\/voelkerrecht\/wp-json\/wp\/v2\/comments?post=813"}],"version-history":[{"count":6,"href":"https:\/\/www.hsu-hh.de\/voelkerrecht\/wp-json\/wp\/v2\/pages\/813\/revisions"}],"predecessor-version":[{"id":1492,"href":"https:\/\/www.hsu-hh.de\/voelkerrecht\/wp-json\/wp\/v2\/pages\/813\/revisions\/1492"}],"wp:attachment":[{"href":"https:\/\/www.hsu-hh.de\/voelkerrecht\/wp-json\/wp\/v2\/media?parent=813"}],"wp:term":[{"taxonomy":"category","embeddable":true,"href":"https:\/\/www.hsu-hh.de\/voelkerrecht\/wp-json\/wp\/v2\/categories?post=813"},{"taxonomy":"post_tag","embeddable":true,"href":"https:\/\/www.hsu-hh.de\/voelkerrecht\/wp-json\/wp\/v2\/tags?post=813"}],"curies":[{"name":"wp","href":"https:\/\/api.w.org\/{rel}","templated":true}]}}