{"id":73,"date":"2017-07-03T15:52:08","date_gmt":"2017-07-03T13:52:08","guid":{"rendered":"https:\/\/www.hsu-hh.de\/vorlage\/?page_id=73"},"modified":"2023-12-21T13:35:27","modified_gmt":"2023-12-21T12:35:27","slug":"startseite","status":"publish","type":"page","link":"https:\/\/www.hsu-hh.de\/voelkerrecht\/","title":{"rendered":"Professur f\u00fcr \u00d6ffentliches Recht, insbesondere V\u00f6lkerrecht und Europarecht"},"content":{"rendered":"<script type=\"application\/ld+json\">[{\"@context\": \"https:\/\/www.schema.org\",\"@type\": \"Person\",\"name\": \"Prof. Dr. Sigrid Boysen \",\"worksFor\": [{\t\"@type\": \"Organization\",\t\"name\": \"Helmut-Schmidt-Universit\u00e4t\",\t\"url\": \"https:\/\/www.hsu-hh.de\"\t, \"department\": {\"@type\": \"Organization\",\t\t\t\t\t\"name\": \"\",\t\t\t\t\t\"location\": {\t\t\t\t\t\t\"@type\": \"PostalAddress\",\t\t\t\t\t\t\"addressLocality\": \"\",        \t\t\t\t\"postalCode\": \"22043\",        \t\t\t\t\"streetAddress\": \"Holstenhofweg 85 , Geb\u00e4ude H1\"\t\t\t\t\t}},\t\"location\": {\t\t\"@type\": \"PostalAddress\",    \t\"addressLocality\": \"\",    \t\"postalCode\": \"22008\",    \t\"postOfficeBoxNumber\": \"700822\"\t}   }],\"image\": \"https:\/\/www.hsu-hh.de\/voelkerrecht\/wp-content\/uploads\/sites\/690\/2021\/09\/Boysen-150x150.jpeg\",\"telephone\": \"+49406541-2771\",\"faxNumber\": \"\",\"email\": \"boysen@hsu-hh.de\"}]<\/script><div class=\"clearfix\"><\/div><div class=\"ansprechparter-container \" style=\"margin-top:1em; \"><div class=\"row ansprechpartner-item ansprechparter-header\" ><div class=\"col-xs-8 col-lg-12\" style=\"margin-bottom: 30px;\"><h3 class=\"ansprechparter-headline\">Prof. Dr. Sigrid Boysen <\/h3><\/div><\/div><div class=\"col-md-4 col-lg-3 col-xs-4 ansprechpartner-item floatright img-circle center-block\" style=\"margin-bottom: 30px;\"><div class=\"img-responsive-wrapper\"><img decoding=\"async\" src=\"https:\/\/www.hsu-hh.de\/voelkerrecht\/wp-content\/uploads\/sites\/690\/2021\/09\/Boysen-150x150.jpeg\" alt=\"Sigrid Boysen\" class=\"img-circle img-responsive center-block\" \/><\/div><\/div><div class=\"col-md-12 col-lg-3 col-xs-12 ansprechpartner-item kontakt floatright\" style=\"margin-bottom: 30px; \"><div class=\"row\"><div class=\"col-xs-12 col-sm-6 col-lg-12\"><div class=\"row\"><div class=\"col-xs-4 col-lg-4 row-text bold\" >Raum:<\/div><div class=\" row-text\">2121<\/div><\/div><\/div><div class=\"col-xs-12 col-sm-6 col-lg-12\"><div class=\"row\"><div class=\"col-xs-4 col-lg-4 row-text bold\">Telefon:<\/div><div class=\" row-text\">+49406541-2771<\/div><\/div><\/div><div class=\"col-xs-12 col-sm-6 col-lg-12\"><div class=\"row\"><div class=\"col-xs-4 col-lg-4 row-text bold\">E-Mail:<\/div><div class=\"row-text\" style=\"overflow:hidden; word-break: break-word\"><a href=\"mailto:boysen@hsu-hh.de\" rel=\"nofollow\">boysen@hsu-hh.de<\/a><\/div><\/div><\/div><\/div><\/div><div class=\"col-md-6 col-lg-3 col-xs-12 ansprechpartner-item anschrift floatright\" ><div class=\"row-headline\">Besucheranschrift<\/div><div class=\"dataBesucheranschrift\" style=\"\"><div class=\"row-text\">Helmut-Schmidt-Universit\u00e4t<\/div><div class=\"row-text\">Geb\u00e4ude H1<\/div><div class=\"row-text\">Holstenhofweg 85<\/div><div class=\"row-text\">22043 Hamburg<\/div><\/div><\/div><div class=\"col-md-6 col-lg-3 col-xs-12 ansprechpartner-item anschrift floatright\"><div class=\"row-headline\">Postanschrift<\/div><div class=\"dataPostanschrift\" style=\"\"><div class=\"row-text\">Helmut-Schmidt-Universit\u00e4t<\/div><div class=\"row-text\">Fakult\u00e4t f\u00fcr Wirtschafts-und Sozialwissenschaften<\/div><div class=\"row-text\"><\/div><div class=\"row-text\">Postfach 70 08 22<\/div><div class=\"row-text\">22008 Hamburg<\/div><\/div><\/div><\/div><div class=\"clearfix\"><\/div>\n\n\n<hr class=\"wp-block-separator has-alpha-channel-opacity\" \/>\n\n\n\n<p><strong>CV<\/strong><br>Studium der Rechtswissenschaften in G\u00f6ttingen, Bristol und Hamburg, Promotion bei Stefan Oeter an der Universit\u00e4t Hamburg, 2011-2014 Juniorprofessorin f\u00fcr \u00d6ffentliches Recht, Europa- und V\u00f6lkerrecht an der Freien Universit\u00e4t Berlin. Seit Februar 2014 Professorin f\u00fcr \u00d6ffentliches Recht, V\u00f6lker- und Europarecht an der Helmut-Schmidt-Universit\u00e4t, seit November 2022 Richterin am Hamburgischen Verfassungsgericht. Seit 2015 Mitherausgeberin der Zeitschrift \u201aArchiv des V\u00f6lkerrechts\u2018, seit 2019 gesch\u00e4ftsf\u00fchrend. Research Fellowships an der Princeton University (2014) und am Institute for Global Law &amp; Policy der Harvard Law School (2021\/22). Im akademischen Jahr 2023\/24 Fernand Braudel Fellow am European University Institute in Florenz (Law Department).<\/p>\n\n\n\n<p class=\"has-medium-font-size\"><strong>Forschungsschwerpunkte: <\/strong><\/p>\n\n\n\n<p>Europ\u00e4isches und internationales Umwelt- und Wirtschaftsrecht<br>Europ\u00e4isches Au\u00dfenwirtschaftsrecht<br>V\u00f6lkerrecht, insbesondere Kolonialismus und Demokratietheorie<br>Verfassungsrecht, insbesondere Gleichheitsschutz<\/p>\n\n\n\n<p class=\"has-grey-background-color has-background has-medium-font-size\"><a rel=\"noreferrer noopener\" href=\"https:\/\/www.hsu-hh.de\/voelkerrecht\/veroeffentlichungen\" target=\"_blank\">Ver\u00f6ffentlichungen<\/a><\/p>\n\n\n\n<p class=\"has-grey-background-color has-background has-medium-font-size\"><a rel=\"noreferrer noopener\" href=\"https:\/\/www.hsu-hh.de\/voelkerrecht\/vortraege\" target=\"_blank\">Vortr\u00e4ge<\/a><\/p>\n\n\n\n<p><\/p>\n\n\n\n<p><\/p>\n\n\n\n<p><\/p>\n","protected":false},"excerpt":{"rendered":"<p>CVStudium der Rechtswissenschaften in G\u00f6ttingen, Bristol und Hamburg, Promotion bei Stefan Oeter an der Universit\u00e4t Hamburg, 2011-2014 Juniorprofessorin f\u00fcr \u00d6ffentliches Recht, Europa- und V\u00f6lkerrecht an der Freien Universit\u00e4t Berlin. Seit [&hellip;]<\/p>\n","protected":false},"author":1,"featured_media":1116,"parent":0,"menu_order":0,"comment_status":"closed","ping_status":"closed","template":"","meta":{"footnotes":""},"categories":[35],"tags":[],"class_list":["post-73","page","type-page","status-publish","has-post-thumbnail","hentry","category-startseite"],"_links":{"self":[{"href":"https:\/\/www.hsu-hh.de\/voelkerrecht\/wp-json\/wp\/v2\/pages\/73","targetHints":{"allow":["GET"]}}],"collection":[{"href":"https:\/\/www.hsu-hh.de\/voelkerrecht\/wp-json\/wp\/v2\/pages"}],"about":[{"href":"https:\/\/www.hsu-hh.de\/voelkerrecht\/wp-json\/wp\/v2\/types\/page"}],"author":[{"embeddable":true,"href":"https:\/\/www.hsu-hh.de\/voelkerrecht\/wp-json\/wp\/v2\/users\/1"}],"replies":[{"embeddable":true,"href":"https:\/\/www.hsu-hh.de\/voelkerrecht\/wp-json\/wp\/v2\/comments?post=73"}],"version-history":[{"count":178,"href":"https:\/\/www.hsu-hh.de\/voelkerrecht\/wp-json\/wp\/v2\/pages\/73\/revisions"}],"predecessor-version":[{"id":1577,"href":"https:\/\/www.hsu-hh.de\/voelkerrecht\/wp-json\/wp\/v2\/pages\/73\/revisions\/1577"}],"wp:featuredmedia":[{"embeddable":true,"href":"https:\/\/www.hsu-hh.de\/voelkerrecht\/wp-json\/wp\/v2\/media\/1116"}],"wp:attachment":[{"href":"https:\/\/www.hsu-hh.de\/voelkerrecht\/wp-json\/wp\/v2\/media?parent=73"}],"wp:term":[{"taxonomy":"category","embeddable":true,"href":"https:\/\/www.hsu-hh.de\/voelkerrecht\/wp-json\/wp\/v2\/categories?post=73"},{"taxonomy":"post_tag","embeddable":true,"href":"https:\/\/www.hsu-hh.de\/voelkerrecht\/wp-json\/wp\/v2\/tags?post=73"}],"curies":[{"name":"wp","href":"https:\/\/api.w.org\/{rel}","templated":true}]}}