{"id":1719,"date":"2025-11-04T15:19:52","date_gmt":"2025-11-04T14:19:52","guid":{"rendered":"https:\/\/www.hsu-hh.de\/voelkerrecht\/?page_id=1719"},"modified":"2026-02-25T13:40:10","modified_gmt":"2026-02-25T12:40:10","slug":"strukturen-der-ungleichheit-im-gleichheitsrecht","status":"publish","type":"page","link":"https:\/\/www.hsu-hh.de\/voelkerrecht\/strukturen-der-ungleichheit-im-gleichheitsrecht","title":{"rendered":"Strukturen der Ungleichheit im Gleichheitsrecht"},"content":{"rendered":"\n<p>Tagung an der Helmut-Schmidt-Universit\u00e4t, 26. und 27. Februar 2026<\/p>\n\n\n\n<p>Organisator*innen: <abbr title=\"Doktor\">Dr.<\/abbr> Su\u00e9 Gonz\u00e1lez Hauck und <abbr title=\"Doktor\">Dr.<\/abbr> Jens T. Theilen<\/p>\n\n\n\n<p>Das rechtlich verankerte Gleichheitsversprechen bildet einen Grundpfeiler des Selbstverst\u00e4ndnisses liberaler Demokratien und suggeriert eine grundlegende Verpflichtung auf Gleichheit im und durch das Recht. Gleichzeitig besteht die Gefahr, dass es bei einem blo\u00dfen Versprechen bleibt \u2013 einem Versprechen, dessen Einl\u00f6sung stets weiter in die Zukunft verschoben wird. Gerade weil das Recht oft als inh\u00e4rent auf Gleichheit ausgerichtet angesehen wird, geraten solche Ungleichheiten aus dem Blick, die von den Gleichheitss\u00e4tzen nicht (hinreichend) erfasst werden, und werden so legitimiert und verfestigt.<\/p>\n\n\n\n<p>Rechtliche Gleichheitss\u00e4tze und Antidiskriminierungsrecht werden seit langem daf\u00fcr kritisiert, dass sie zu individualistisch ausgerichtet sind und deshalb strukturelle Ungleichheiten eher verfestigen als herausfordern. In Reaktion auf solche Kritik liegt die Hoffnung vieler in einer dynamischen Weiterentwicklung und Transformation des Rechts, um das in den Gleichheitss\u00e4tzen enthaltene Versprechen sukzessive auch einzul\u00f6sen.&nbsp;Oft wird daf\u00fcr auf&nbsp;Konzepte aus aktivistischen Kontexten oder nicht-juristischen akademischen Disziplinen, beispielsweise das Konzept des strukturellen Rassismus, zur\u00fcckgegriffen.<\/p>\n\n\n\n<p>Anhand der zunehmend diskutierten Problematik struktureller Ungleichheiten&nbsp;m\u00f6chte diese Tagung die damit einhergehenden Dynamiken analysieren:&nbsp;Welche \u00c4nderungen der Gleichheitsrechtsdogmatik und welche rechtspolitischen Vorschl\u00e4ge werden durch Konzepte angesto\u00dfen, die Strukturen der Ungleichheit erfassen sollen? Wie beeinflussen strukturbezogene Konzepte die dem Gleichheitsrecht zugrundeliegende Dialektik von Verfestigung und Transformation? Kurzum: Auf welche Weise, unter welchen Bedingungen und in welchen Kontexten kann das Recht der Einl\u00f6sung des Gleichheitsversprechens auch auf struktureller Ebene dienen?<\/p>\n\n\n\n<p>Die Tagung steht interessierten Teilnehmenden offen. Studierende sind herzlich willkommen. Bei Interesse an der Teilnahme ist eine Anmeldung erforderlich. Wir bitten daf\u00fcr um eine Mail an gleichheitsrecht[at]hsu-hh.de.<\/p>\n\n\n\n<p>Die Tagung findet mit Unterst\u00fctzung der Claussen-Simon-Stiftung statt.<\/p>\n\n\n\n<div class=\"wp-block-buttons is-layout-flex wp-block-buttons-is-layout-flex\">\n<div class=\"wp-block-button\"><a class=\"wp-block-button__link wp-element-button\" href=\"https:\/\/www.hsu-hh.de\/voelkerrecht\/wp-content\/uploads\/sites\/690\/2026\/02\/Programm-Gleichheitsrecht-Stand-2026-02-25.pdf\">Programm der Tagung<\/a><\/div>\n<\/div>\n\n\n\n<p><\/p>\n","protected":false},"excerpt":{"rendered":"<p>Tagung an der Helmut-Schmidt-Universit\u00e4t, 26. und 27. Februar 2026 Organisator*innen: Dr. Su\u00e9 Gonz\u00e1lez Hauck und Dr. Jens T. Theilen Das rechtlich verankerte Gleichheitsversprechen bildet einen Grundpfeiler des Selbstverst\u00e4ndnisses liberaler Demokratien [&hellip;]<\/p>\n","protected":false},"author":2279,"featured_media":0,"parent":0,"menu_order":0,"comment_status":"closed","ping_status":"closed","template":"","meta":{"footnotes":""},"categories":[4],"tags":[],"class_list":["post-1719","page","type-page","status-publish","hentry","category-forschung"],"_links":{"self":[{"href":"https:\/\/www.hsu-hh.de\/voelkerrecht\/wp-json\/wp\/v2\/pages\/1719","targetHints":{"allow":["GET"]}}],"collection":[{"href":"https:\/\/www.hsu-hh.de\/voelkerrecht\/wp-json\/wp\/v2\/pages"}],"about":[{"href":"https:\/\/www.hsu-hh.de\/voelkerrecht\/wp-json\/wp\/v2\/types\/page"}],"author":[{"embeddable":true,"href":"https:\/\/www.hsu-hh.de\/voelkerrecht\/wp-json\/wp\/v2\/users\/2279"}],"replies":[{"embeddable":true,"href":"https:\/\/www.hsu-hh.de\/voelkerrecht\/wp-json\/wp\/v2\/comments?post=1719"}],"version-history":[{"count":15,"href":"https:\/\/www.hsu-hh.de\/voelkerrecht\/wp-json\/wp\/v2\/pages\/1719\/revisions"}],"predecessor-version":[{"id":1784,"href":"https:\/\/www.hsu-hh.de\/voelkerrecht\/wp-json\/wp\/v2\/pages\/1719\/revisions\/1784"}],"wp:attachment":[{"href":"https:\/\/www.hsu-hh.de\/voelkerrecht\/wp-json\/wp\/v2\/media?parent=1719"}],"wp:term":[{"taxonomy":"category","embeddable":true,"href":"https:\/\/www.hsu-hh.de\/voelkerrecht\/wp-json\/wp\/v2\/categories?post=1719"},{"taxonomy":"post_tag","embeddable":true,"href":"https:\/\/www.hsu-hh.de\/voelkerrecht\/wp-json\/wp\/v2\/tags?post=1719"}],"curies":[{"name":"wp","href":"https:\/\/api.w.org\/{rel}","templated":true}]}}