{"id":1702,"date":"2025-09-16T10:14:16","date_gmt":"2025-09-16T08:14:16","guid":{"rendered":"https:\/\/www.hsu-hh.de\/voelkerrecht\/?page_id=1702"},"modified":"2025-09-16T10:49:36","modified_gmt":"2025-09-16T08:49:36","slug":"ref-iur-valerie-rhein-b-a","status":"publish","type":"page","link":"https:\/\/www.hsu-hh.de\/voelkerrecht\/ref-iur-valerie-rhein-b-a","title":{"rendered":"Ref. iur. Valerie Rhein, B.A."},"content":{"rendered":"\n<p><\/p>\n\n\n<script type=\"application\/ld+json\">[{\"@context\": \"https:\/\/www.schema.org\",\"@type\": \"Person\",\"name\": \"Valerie  Rhein\",\"worksFor\": [{\t\"@type\": \"Organization\",\t\"name\": \"Helmut-Schmidt-Universit\u00e4t, Fakult\u00e4t f\u00fcr Wirtschafts- und Sozialwissenschaften \",\t\"url\": \"https:\/\/www.hsu-hh.de\"\t, \"department\": {\"@type\": \"Organization\",\t\t\t\t\t\"name\": \"\",\t\t\t\t\t\"location\": {\t\t\t\t\t\t\"@type\": \"PostalAddress\",\t\t\t\t\t\t\"addressLocality\": \"\",        \t\t\t\t\"postalCode\": \"22043\",        \t\t\t\t\"streetAddress\": \"Holstenhofweg 85 , Geb\u00e4ude H1\"\t\t\t\t\t}},\t\"location\": {\t\t\"@type\": \"PostalAddress\",    \t\"addressLocality\": \"\",    \t\"postalCode\": \"22008\",    \t\"postOfficeBoxNumber\": \"700822\"\t}   }],\"image\": \"https:\/\/www.hsu-hh.de\/voelkerrecht\/wp-content\/uploads\/sites\/690\/2025\/09\/Valerie-Rhein-150x150.jpg\",\"telephone\": \"+49406541-\",\"faxNumber\": \"\",\"email\": \"valerie.rhein@hsu-hh.de\"}]<\/script><div class=\"clearfix\"><\/div><div class=\"ansprechparter-container \" style=\"margin-top:1em; \"><div class=\"row ansprechpartner-item ansprechparter-header\" ><div class=\"col-xs-8 col-lg-12\" style=\"margin-bottom: 30px;\"><h3 class=\"ansprechparter-headline\">Valerie  Rhein<\/h3><\/div><\/div><div class=\"col-md-4 col-lg-3 col-xs-4 ansprechpartner-item floatright img-circle center-block\" style=\"margin-bottom: 30px;\"><div class=\"img-responsive-wrapper\"><img decoding=\"async\" src=\"https:\/\/www.hsu-hh.de\/voelkerrecht\/wp-content\/uploads\/sites\/690\/2025\/09\/Valerie-Rhein-150x150.jpg\" alt=\"\" class=\"img-circle img-responsive center-block\" \/><\/div><\/div><div class=\"col-md-12 col-lg-3 col-xs-12 ansprechpartner-item kontakt floatright\" style=\"margin-bottom: 30px; \"><div class=\"row\"><div class=\"col-xs-12 col-sm-6 col-lg-12\"><div class=\"row\"><div class=\"col-xs-4 col-lg-4 row-text bold\" >Raum:<\/div><div class=\" row-text\">2120<\/div><\/div><\/div><div class=\"col-xs-12 col-sm-6 col-lg-12\"><div class=\"row\"><div class=\"col-xs-4 col-lg-4 row-text bold\">Telefon:<\/div><div class=\" row-text\">+49406541-<\/div><\/div><\/div><div class=\"col-xs-12 col-sm-6 col-lg-12\"><div class=\"row\"><div class=\"col-xs-4 col-lg-4 row-text bold\">E-Mail:<\/div><div class=\"row-text\" style=\"overflow:hidden; word-break: break-word\"><a href=\"mailto:valerie.rhein@hsu-hh.de\" rel=\"nofollow\">valerie.rhein@hsu-hh.de<\/a><\/div><\/div><\/div><\/div><\/div><div class=\"col-md-6 col-lg-3 col-xs-12 ansprechpartner-item anschrift floatright\" ><div class=\"row-headline\">Besucheranschrift<\/div><div class=\"dataBesucheranschrift\" style=\"\"><div class=\"row-text\">Helmut-Schmidt-Universit\u00e4t<\/div><div class=\"row-text\">Fakult\u00e4t f\u00fcr Wirtschafts- und Sozialwissenschaften <\/div><div class=\"row-text\">Geb\u00e4ude H1<\/div><div class=\"row-text\">Holstenhofweg 85<\/div><div class=\"row-text\">22043 Hamburg<\/div><\/div><\/div><div class=\"col-md-6 col-lg-3 col-xs-12 ansprechpartner-item anschrift floatright\"><div class=\"row-headline\">Postanschrift<\/div><div class=\"dataPostanschrift\" style=\"\"><div class=\"row-text\">Helmut-Schmidt-Universit\u00e4t<\/div><div class=\"row-text\"><\/div><div class=\"row-text\">Postfach 70 08 22<\/div><div class=\"row-text\">22008 Hamburg<\/div><\/div><\/div><\/div><div class=\"clearfix\"><\/div>\n\n\n<p><\/p>\n\n\n\n<h4 class=\"wp-block-heading\">CV<\/h4>\n\n\n\n<p>Valerie Rhein studierte Medien und Kommunikation mit Schwerpunktsetzung in der kommunikationszentrierten politischen Theorie (B.A) an den Universit\u00e4ten Passau und Sevilla sowie Rechtswissenschaften mit Schwerpunkt im Medienrecht an der Universit\u00e4t Leipzig. W\u00e4hrend des Studiums der Rechtswissenschaften sammelte sie weitere interdisziplin\u00e4re und interkulturelle Erfahrungen als Forschungsstipendiatin an den Lehrst\u00fchlen f\u00fcr \u00d6ffentliches Recht, Staats- und Verfassungslehre sowie f\u00fcr Kulturwissenschaften an den Universit\u00e4ten Jakarta, Malang und Leipzig. Praktische Kenntnisse sammelte sie in der strategischen Prozessf\u00fchrung im Verfassungsrecht, insbesondere der Pressefreiheit sowie im Meinungs\u00e4u\u00dferungsrecht. Nach Stationen unter anderem am Leibniz-Institut f\u00fcr Medienforschung |&nbsp;Hans-Bredow-Institut sowie der Ludwig-Maximilians-Universit\u00e4t M\u00fcnchen ist sie seit August 2023 wissenschaftliche Mitarbeiterin an der Professur von <abbr title=\"Professor\">Prof.<\/abbr> <abbr title=\"Doktor\">Dr.<\/abbr> Margarete Schuler-Harms.<\/p>\n\n\n\n<hr class=\"wp-block-separator has-alpha-channel-opacity\" \/>\n\n\n\n<h4 class=\"wp-block-heading\">Mitgliedschaften<\/h4>\n\n\n\n<ul class=\"wp-block-list\">\n<li><a href=\"https:\/\/www.djb.de\/\" rel='nofollow'>Deutscher Juristinnenbund e.V.<\/a><\/li>\n\n\n\n<li>Gesellschaft f\u00fcr Freiheitsrechte e.V. (F\u00f6rdermitgliedschaft)<\/li>\n\n\n\n<li>Netzforma* e.V.<\/li>\n<\/ul>\n\n\n\n<hr class=\"wp-block-separator has-alpha-channel-opacity\" \/>\n\n\n\n<h4 class=\"wp-block-heading\">Interessenschwerpunkte<\/h4>\n\n\n\n<ul class=\"wp-block-list\">\n<li>Medienverfassungsrecht<\/li>\n\n\n\n<li>empirische Rechtswissenschaft<\/li>\n\n\n\n<li>Verfassungstheorie<\/li>\n<\/ul>\n","protected":false},"excerpt":{"rendered":"<p>CV Valerie Rhein studierte Medien und Kommunikation mit Schwerpunktsetzung in der kommunikationszentrierten politischen Theorie (B.A) an den Universit\u00e4ten Passau und Sevilla sowie Rechtswissenschaften mit Schwerpunkt im Medienrecht an der Universit\u00e4t [&hellip;]<\/p>\n","protected":false},"author":2755,"featured_media":0,"parent":0,"menu_order":0,"comment_status":"closed","ping_status":"closed","template":"","meta":{"footnotes":""},"categories":[4],"tags":[],"class_list":["post-1702","page","type-page","status-publish","hentry","category-forschung"],"_links":{"self":[{"href":"https:\/\/www.hsu-hh.de\/voelkerrecht\/wp-json\/wp\/v2\/pages\/1702","targetHints":{"allow":["GET"]}}],"collection":[{"href":"https:\/\/www.hsu-hh.de\/voelkerrecht\/wp-json\/wp\/v2\/pages"}],"about":[{"href":"https:\/\/www.hsu-hh.de\/voelkerrecht\/wp-json\/wp\/v2\/types\/page"}],"author":[{"embeddable":true,"href":"https:\/\/www.hsu-hh.de\/voelkerrecht\/wp-json\/wp\/v2\/users\/2755"}],"replies":[{"embeddable":true,"href":"https:\/\/www.hsu-hh.de\/voelkerrecht\/wp-json\/wp\/v2\/comments?post=1702"}],"version-history":[{"count":3,"href":"https:\/\/www.hsu-hh.de\/voelkerrecht\/wp-json\/wp\/v2\/pages\/1702\/revisions"}],"predecessor-version":[{"id":1710,"href":"https:\/\/www.hsu-hh.de\/voelkerrecht\/wp-json\/wp\/v2\/pages\/1702\/revisions\/1710"}],"wp:attachment":[{"href":"https:\/\/www.hsu-hh.de\/voelkerrecht\/wp-json\/wp\/v2\/media?parent=1702"}],"wp:term":[{"taxonomy":"category","embeddable":true,"href":"https:\/\/www.hsu-hh.de\/voelkerrecht\/wp-json\/wp\/v2\/categories?post=1702"},{"taxonomy":"post_tag","embeddable":true,"href":"https:\/\/www.hsu-hh.de\/voelkerrecht\/wp-json\/wp\/v2\/tags?post=1702"}],"curies":[{"name":"wp","href":"https:\/\/api.w.org\/{rel}","templated":true}]}}