{"id":1652,"date":"2025-06-30T10:51:27","date_gmt":"2025-06-30T08:51:27","guid":{"rendered":"https:\/\/www.hsu-hh.de\/voelkerrecht\/?page_id=1652"},"modified":"2026-02-17T14:31:20","modified_gmt":"2026-02-17T13:31:20","slug":"workshops-vortraege","status":"publish","type":"page","link":"https:\/\/www.hsu-hh.de\/voelkerrecht\/workshops-vortraege","title":{"rendered":"Workshops &amp; Vortr\u00e4ge"},"content":{"rendered":"\n<h2 class=\"wp-block-heading\">Tagung zum Gleichheitsrecht<\/h2>\n\n\n\n<p>Am 26. und 27. Februar findet eine Tagung zu Strukturen der Ungleichheit im Gleichheitsrecht statt. Mehr Informationen dazu finden sich <a href=\"https:\/\/www.hsu-hh.de\/voelkerrecht\/strukturen-der-ungleichheit-im-gleichheitsrecht\">hier<\/a>.<\/p>\n\n\n\n<h2 class=\"wp-block-heading\">Law in Context Lecture Series<\/h2>\n\n\n\n<p>Diese Vortragsreihe bietet interdisziplin\u00e4re, kritische und theoretische Perspektiven auf aktuelle rechtliche Fragestellungen. Die Vortr\u00e4ge finden in Pr\u00e4senz statt. Wir bitten um vorherige Anmeldung an lawincontext[at]hsu-hh.de.<\/p>\n\n\n\n<p>Der n\u00e4chste Vortrag wird bald bekanntgegeben.<\/p>\n\n\n\n<p>Vorherige Vortr\u00e4ge:<\/p>\n\n\n\n<p><strong>Eurocentrism, Time and Law: Towards a Legal Theory of Temporal Othering for Europe in a Planetary Age<\/strong><br><a href=\"https:\/\/www.eui.eu\/people?id=irina-munoz-ibarra\" rel='nofollow'>Irina Mu\u00f1oz Ibarra<\/a><br>17. Februar 2026, 14 Uhr<\/p>\n\n\n\n<p><strong>Destination Earth, Digital Twins and the Platformization of Planetary Governance<\/strong><br><a href=\"https:\/\/tu-dresden.de\/gsw\/phil\/powi\/rvt\/die-professur\/beschaeftigte\/WiMi\/Mag-iur-Gabriele-Wadlig-LL-M-NYU-M-Sc\" rel='nofollow'><abbr title=\"Doktor\">Dr.<\/abbr> Gabriele Wadlig<\/a><br>17. Februar 2026, 16 Uhr<\/p>\n\n\n\n<p><strong>A Critique of Non-Decision Decisions in European Human Rights Law<\/strong><br><a href=\"https:\/\/academy-humanrights.uni-koeln.de\/team\/vandita-khanna\" rel='nofollow'>Vandita Khanna<\/a>, Universit\u00e4t zu K\u00f6ln<br>4. Februar 2026, 14 Uhr<\/p>\n\n\n\n<p><strong>Socio-Legal Reflections on the Inter-American Court\u2019s Climate Change Advisory Opinion<\/strong><br><a href=\"https:\/\/www.tilburguniversity.edu\/staff\/j-g-auz\" rel='nofollow'><abbr title=\"Doktor\">Dr.<\/abbr> Juan Auz<\/a>, Tilburg University<br>29. Oktober 2025<\/p>\n\n\n\n<p><strong><strong>\u2018<\/strong>Arm Bearers<strong>\u2019<\/strong> or <strong>\u2018<\/strong>Warriors<strong>\u2019<\/strong>? An Existential Encounter between Combatant Subjectivity and the Law of War<\/strong><br><a href=\"https:\/\/www.hbku.edu.qa\/en\/staff\/ka-lok-yip\" rel='nofollow'><abbr title=\"Doktor\">Dr.<\/abbr> Ka Lok Yip<\/a>, Hamad Bin Khalifa University<br>10. Juli 2025<\/p>\n\n\n\n<h2 class=\"wp-block-heading\">Workshops<\/h2>\n\n\n\n<p><strong>Kolonialit\u00e4t, Staatsangeh\u00f6rigkeit und Migrationsrecht<\/strong><br>16. Mai 2025<br>Organisiert von <abbr title=\"Doktor\">Dr.<\/abbr> Jens Theilen<\/p>\n\n\n\n<p><strong>Memory, Law, and Power<\/strong><br>21. Februar 2025<br>Organisiert von Maike Middeler<br>Mit anschlie\u00dfender Ver\u00f6ffentlichung im <a href=\"https:\/\/www.mohrsiebeck.com\/heft\/archiv-des-voelkerrechts-2-2025-0003-892X\/\" rel='nofollow'>Archiv des V\u00f6lkerrechts 63 (2025), Heft 2, S. 97-249<\/a><\/p>\n\n\n\n<p><strong>V\u00f6lkerrechtsquellen &#8211; Normproduktion &#8211; Systemerhaltung<\/strong><br>26. Juni 2023<br>Organisiert von <abbr title=\"Doktor\">Dr.<\/abbr> Jens Theilen<br>Mit anschlie\u00dfender Ver\u00f6ffentlichung im <a href=\"https:\/\/www.mohrsiebeck.com\/heft\/archiv-des-voelkerrechts-1-2024-0003-892X\/\" rel='nofollow'>Archiv des V\u00f6lkerrechts 62 (2024), Heft 1, S. 1-143<\/a><\/p>\n","protected":false},"excerpt":{"rendered":"<p>Tagung zum Gleichheitsrecht Am 26. und 27. Februar findet eine Tagung zu Strukturen der Ungleichheit im Gleichheitsrecht statt. Mehr Informationen dazu finden sich hier. Law in Context Lecture Series Diese [&hellip;]<\/p>\n","protected":false},"author":2755,"featured_media":0,"parent":0,"menu_order":0,"comment_status":"closed","ping_status":"closed","template":"","meta":{"footnotes":""},"categories":[4],"tags":[],"class_list":["post-1652","page","type-page","status-publish","hentry","category-forschung"],"_links":{"self":[{"href":"https:\/\/www.hsu-hh.de\/voelkerrecht\/wp-json\/wp\/v2\/pages\/1652","targetHints":{"allow":["GET"]}}],"collection":[{"href":"https:\/\/www.hsu-hh.de\/voelkerrecht\/wp-json\/wp\/v2\/pages"}],"about":[{"href":"https:\/\/www.hsu-hh.de\/voelkerrecht\/wp-json\/wp\/v2\/types\/page"}],"author":[{"embeddable":true,"href":"https:\/\/www.hsu-hh.de\/voelkerrecht\/wp-json\/wp\/v2\/users\/2755"}],"replies":[{"embeddable":true,"href":"https:\/\/www.hsu-hh.de\/voelkerrecht\/wp-json\/wp\/v2\/comments?post=1652"}],"version-history":[{"count":17,"href":"https:\/\/www.hsu-hh.de\/voelkerrecht\/wp-json\/wp\/v2\/pages\/1652\/revisions"}],"predecessor-version":[{"id":1767,"href":"https:\/\/www.hsu-hh.de\/voelkerrecht\/wp-json\/wp\/v2\/pages\/1652\/revisions\/1767"}],"wp:attachment":[{"href":"https:\/\/www.hsu-hh.de\/voelkerrecht\/wp-json\/wp\/v2\/media?parent=1652"}],"wp:term":[{"taxonomy":"category","embeddable":true,"href":"https:\/\/www.hsu-hh.de\/voelkerrecht\/wp-json\/wp\/v2\/categories?post=1652"},{"taxonomy":"post_tag","embeddable":true,"href":"https:\/\/www.hsu-hh.de\/voelkerrecht\/wp-json\/wp\/v2\/tags?post=1652"}],"curies":[{"name":"wp","href":"https:\/\/api.w.org\/{rel}","templated":true}]}}