{"id":1527,"date":"2023-04-13T13:25:18","date_gmt":"2023-04-13T11:25:18","guid":{"rendered":"https:\/\/www.hsu-hh.de\/voelkerrecht\/?page_id=1527"},"modified":"2023-05-16T07:42:48","modified_gmt":"2023-05-16T05:42:48","slug":"lys-kulamadayil","status":"publish","type":"page","link":"https:\/\/www.hsu-hh.de\/voelkerrecht\/lys-kulamadayil","title":{"rendered":"Lys Kulamadayil"},"content":{"rendered":"\n<p>Helmut-Schmidt-Universit\u00e4t<br>Fakult\u00e4t f\u00fcr Wirtschafts- und Sozialwissenschaften<br>Holstenhofweg 85, Geb. H1, R. 2122<br>22043 Hamburg<\/p>\n\n\n\n<p>Telefon: +49 40 6541 3137<br>E-Mail: <a href=\"mailto:kulamadl@hsu-hh.de\" rel='nofollow'>kulamadl@hsu-hh.de<\/a><\/p>\n\n\n\n<hr class=\"wp-block-separator has-alpha-channel-opacity\" \/>\n\n\n\n<h3 class=\"wp-block-heading\"><\/h3>\n","protected":false},"excerpt":{"rendered":"<p>Helmut-Schmidt-Universit\u00e4tFakult\u00e4t f\u00fcr Wirtschafts- und SozialwissenschaftenHolstenhofweg 85, Geb. H1, R. 212222043 Hamburg Telefon: +49 40 6541 3137E-Mail: kulamadl@hsu-hh.de<\/p>\n","protected":false},"author":2755,"featured_media":0,"parent":0,"menu_order":0,"comment_status":"closed","ping_status":"closed","template":"","meta":{"footnotes":""},"categories":[8,39],"tags":[],"class_list":["post-1527","page","type-page","status-publish","hentry","category-team","category-wissenschaftliche-mitarbeiter"],"_links":{"self":[{"href":"https:\/\/www.hsu-hh.de\/voelkerrecht\/wp-json\/wp\/v2\/pages\/1527","targetHints":{"allow":["GET"]}}],"collection":[{"href":"https:\/\/www.hsu-hh.de\/voelkerrecht\/wp-json\/wp\/v2\/pages"}],"about":[{"href":"https:\/\/www.hsu-hh.de\/voelkerrecht\/wp-json\/wp\/v2\/types\/page"}],"author":[{"embeddable":true,"href":"https:\/\/www.hsu-hh.de\/voelkerrecht\/wp-json\/wp\/v2\/users\/2755"}],"replies":[{"embeddable":true,"href":"https:\/\/www.hsu-hh.de\/voelkerrecht\/wp-json\/wp\/v2\/comments?post=1527"}],"version-history":[{"count":2,"href":"https:\/\/www.hsu-hh.de\/voelkerrecht\/wp-json\/wp\/v2\/pages\/1527\/revisions"}],"predecessor-version":[{"id":1533,"href":"https:\/\/www.hsu-hh.de\/voelkerrecht\/wp-json\/wp\/v2\/pages\/1527\/revisions\/1533"}],"wp:attachment":[{"href":"https:\/\/www.hsu-hh.de\/voelkerrecht\/wp-json\/wp\/v2\/media?parent=1527"}],"wp:term":[{"taxonomy":"category","embeddable":true,"href":"https:\/\/www.hsu-hh.de\/voelkerrecht\/wp-json\/wp\/v2\/categories?post=1527"},{"taxonomy":"post_tag","embeddable":true,"href":"https:\/\/www.hsu-hh.de\/voelkerrecht\/wp-json\/wp\/v2\/tags?post=1527"}],"curies":[{"name":"wp","href":"https:\/\/api.w.org\/{rel}","templated":true}]}}