{"id":1394,"date":"2023-02-28T13:18:50","date_gmt":"2023-02-28T12:18:50","guid":{"rendered":"https:\/\/www.hsu-hh.de\/voelkerrecht\/?page_id=1394"},"modified":"2023-02-28T13:18:50","modified_gmt":"2023-02-28T12:18:50","slug":"vortraege","status":"publish","type":"page","link":"https:\/\/www.hsu-hh.de\/voelkerrecht\/vortraege","title":{"rendered":"Vortr\u00e4ge"},"content":{"rendered":"\n<p>\u201eInternational Law and its Environments \u2013 The Law and Politics of Natural Resources in a Postcolonial Order\u201c, Tagung \u201eThe Natural in International Law\u201c, University of Amsterdam, 8.-9. September 2022.<\/p>\n\n\n\n<p>\u201eNat\u00fcrliche Ressourcen im internationalen Verteilungskampf \u2013 Postkoloniale Souver\u00e4nit\u00e4t und die Politik der Transnationalisierung\u201c, 37. Zweijahrestagung der Deutschen Gesellschaft f\u00fcr Internationales Recht, Heidelberg, 9.-11. M\u00e4rz 2022.<\/p>\n\n\n\n<p>\u201eFragen der Klimagerechtigkeit im Rahmen der EMRK\u201c, Berliner Rechtspolitische Konferenz der Konrad Adenauer Stiftung, \u201aDer Greta-Effekt und die Gerichtsbarkeit. Judizialisierung des Klimaschutzes \u2013 Ausweg oder Irrweg?\u2018, 4.-5. November 2021.<\/p>\n\n\n\n<p>\u201eWe the human species&nbsp;\u2013 Zur Ideenpolitik des internationalen Umweltrechts im Anthropoz\u00e4n\u201c, Interdisziplin\u00e4res Kolloquium \u201aZwischen Stabilit\u00e4t und Fluidit\u00e4t \u2013 Aktuelle Beschreibungen und \u00dcberschreibungen des Menschen\u2018, Europa-Universit\u00e4t Flensburg, 19. Oktober 2021.<\/p>\n\n\n\n<p>\u201eThe law and politics of climate protection in the (anthropocentric) postcolonial order\u201d, Tagung \u2018Climate Protection as a New Super-Value of International Society? Addressing Institutional Obstacles\u2019, Universit\u00e4t T\u00fcbingen, 15.-16. Juli 2021.<\/p>\n\n\n\n<p>\u201eGrundrechte f\u00fcr die Natur\u201c, Workshop \u201aGrundrechte f\u00fcr die Natur: Ein Gewinn f\u00fcr den Umwelt-, Tier- und Klimaschutz? Zur Debatte in Kolumbien und Deutschland\u2018, Konrad Adenauer Stiftung, 15. Juni 2021.<\/p>\n\n\n\n<p>\u201eTransnationales Klimaschutzrecht\u201c, Jahrestagung der Deutschen Vereinigung f\u00fcr internationales Recht, 6. November 2020.<\/p>\n\n\n\n<p>\u201eMittelbare Diskriminierung angesichts von Intersektionalit\u00e4t\u201c \u2013 Kommentar zu Elisabeth Holzleithner, Tagung \u201aMateriale Gleichheit\u2018, Goethe Universit\u00e4t Frankfurt a.M., 14.-15. November 2019.<\/p>\n\n\n\n<p>\u201eWie \u00fcber (Un-)Gleichheit reden? Gleichheit vs. (Anti-)diskriminierung\u201c, Werkstattgespr\u00e4ch: \u201aSoziale Gleichheit oder Antidiskriminierung?\u2018, Universit\u00e4t Bayreuth, 19.-20. September 2019.<\/p>\n\n\n\n<p>Historische und dogmatische Grundlagen der Rolle von Unternehmen im internationalen Recht, Tagung: Ein internationales Abkommen zu Unternehmen und Menschenrechten: Hintergrund, Funktion und Elemente, Humboldt-Universit\u00e4t zu Berlin, 19. und 20. Juli 2018.<\/p>\n\n\n\n<p>Transnationales Klimaschutzrecht?, 14. Bremer Umweltrechtsgespr\u00e4ch: Die Umsetzung des Paris-Abkommens in Deutschland \u2013 M\u00f6glichkeiten und Grenzen, Universit\u00e4t Bremen,&nbsp;25. Mai 2018.<\/p>\n\n\n\n<p>The two origins of international environmental law\u201c, Trilateral Conference: Recent issues in (public) international law, Universit\u00e4t Hamburg, 5.\/6. April 2018.<\/p>\n\n\n\n<p>Internationale Gew\u00e4hrleistungen politischer Gleichberechtigung\u201c, Tagung \u201a Gleichberechtigung und Demokratie \u2013 Gleichberechtigung in der Demokratie:&nbsp;(Rechts-)Wissenschaftliche Ann\u00e4herungen\u2018, Warburg-Haus Hamburg, 7. und 8. Dezember 2017.<\/p>\n\n\n\n<p>Democracy as a new human right?, Tagung Rights for the 21st century? Exploring the need for \u201enew\u201c human&nbsp;rights, Tallinn, Estland, 19.-22. September 2017.<\/p>\n\n\n\n<p>Das geeinte Europa der \u201eever closer union\u201c und ein neues Narrativ differenzierter Integration?, Tagung: Die Neuerfindung Europas \u2013 Bedeutung und Gehalt von Narrativen f\u00fcr die europ\u00e4ische Integration, Friedrich-Ebert-Stiftung Berlin, 27.-29. April 2017.<\/p>\n\n\n\n<p>Souver\u00e4ne Gleichheit im postkolonialen V\u00f6lkerrecht, 7. UN-Forschungskolloqium Postkoloniale Perspektiven auf die Vereinten Nationen, Helmut-Schmidt-Universit\u00e4t Hamburg, 10.-12. M\u00e4rz 2017<\/p>\n\n\n\n<p>Is there a human right to democracy?, Tagung New Human Rights for the 21st Century, Walther-Sch\u00fccking-Institut Kiel, 21.-24. September 2016.<\/p>\n\n\n\n<p>Vergleichbarkeit und \u201ewesentliche Gleichheit\u201c als Probleme des allgemeinen Gleichheitssatzes, 1. Gleichheitsrechtliches Arbeitsgespr\u00e4ch, Universit\u00e4t zu K\u00f6ln, 4.-5. April 2016.<\/p>\n\n\n\n<p>Schiedsgerichtsbarkeit im Rahmen des TTIP, Walter Hallstein-Kolloquium 2016: Die Welt und Wir \u2013 Aktuelle Fragen der Au\u00dfenbeziehungen der Europ\u00e4ischen Union, Goethe Universit\u00e4t Frankfurt a.M., 17.-18. M\u00e4rz 2016.<\/p>\n\n\n\n<p>Political regulation in defense of democracy on the national and supranational level, Workshop Democracy in Diversity, Wissenschaftskolleg zu Berlin, 9.-10. M\u00e4rz 2015<\/p>\n\n\n\n<p>Der Kampf um Rohstoffe im V\u00f6lkerrecht, Kommentar zu Isabel Feichtner, Jahrestagung des Arbeitskreises Verfassung und Recht in \u00dcbersee, Bucerius Law School, Hamburg, 4.-5. Juli 2014.<\/p>\n\n\n\n<p>Souver\u00e4nit\u00e4t \u00fcber nat\u00fcrliche Ressourcen im postkolonialen V\u00f6lkerrecht, Symposium Dekonstruktion von Souver\u00e4nit\u00e4t, Helmut-Schmidt-Universit\u00e4t, 2.-3. Juni 2014.<\/p>\n\n\n\n<p>The regulatory construction of a postnational democratic identity:&nbsp;the two sides of the anti-discrimination paradigm,&nbsp;Workshop Democracy in Diversity: Indian and European Perspectives, National Law School of India University,&nbsp;Bangalore, Indien, 10.-11. Januar 2014.<\/p>\n\n\n\n<p>Verfassung und Verteilung \u2013 Grundfragen,&nbsp;Blankensee-Colloquium, Schloss Blankensee,<br>30. Mai \u2013 1. Juni 2013.<\/p>\n\n\n\n<p>Der Zugang zu Umweltinformationen im Recht der Europ\u00e4ischen Union, Rechtswissenschaftliches Symposium der Osaka University School of Law und des Fachbereichs Rechtswissenschaft der Freien Universit\u00e4t Berlin, Berlin, 29. September \u2013 2. Oktober 2012.<\/p>\n\n\n\n<p>Human Trafficking \u2013 A Casualty of International Law?,&nbsp;\u0130stanbul \u00dcniversitesi, Istanbul, T\u00fcrkei, 27. September 2012.<\/p>\n\n\n\n<p>Supranationalit\u00e4t, Transnationalit\u00e4t, Globalit\u00e4t \u2013 (Umwelt-) Rechtswissenschaft als Kontextwissenschaft, Anthropoz\u00e4n-Workshop, Haus der Kulturen der Welt, Berlin, 22. Mai 2012.<\/p>\n\n\n\n<p>Das politische System der Bundesrepublik Deutschland, Journalisten Kolleg der Freien Universit\u00e4t Berlin, &nbsp;7. September 2010.<\/p>\n\n\n\n<p>Verfassungs\u00e4nderung, Konferenz Constitution Making and Constitutional Change, Ankara, T\u00fcrkei, 19.-20. M\u00e4rz 2010.<\/p>\n\n\n\n<p>The Impact of Human Rights on Supranational Regimes, Konferenz Ethics and Human Rights in a Globalized World, Minerva Center for Human Rights\/Hebrew University of Jerusalem, Israel, 25.-28. November 2008.<\/p>\n\n\n\n<p>Country Report Germany, Konferenz The Changing Framework of Public Services in Europe \u2013 The impact of European Competition, State Aid and Procurement Law on Financing and Organizing Services of General Economic Interest, Potsdam,&nbsp;7.\u20119. April 2008.<\/p>\n\n\n\n<p>The Concept of Participation in EU Environmental Law,&nbsp;TERI Institute, Neu Delhi, Indien, 20. M\u00e4rz 2008.<\/p>\n\n\n\n<p>Participation through law, Participation in Earth System Governance, Training Course on the Human Dimensions on Global Environmental Change, Berlin, 18.-27. Februar 2008.<\/p>\n\n\n\n<p>Selbstbestimmung und Recht auf Demokratie, Tagung Das Selbstbestimmungsrecht im 21.&nbsp;Jahrhundert \u2013 vom umk\u00e4mpften Prinzip zum vieldeutigen Recht?, Schloss Sigmundskron Frangart\/Bozen, Italien, 31. April 2007.<\/p>\n\n\n\n<p>Europ\u00e4ische Integration \u2013 Einheit ohne Hierarchie?, EKD City-Kirchen-Konferenz, Berlin, 22.-24. Oktober 2006.<\/p>\n\n\n\n<p>Water Governance in the European Union,&nbsp;Baku State University, Aserbaidschan,<br>28. September 2006.<\/p>\n\n\n\n<p>Beyond Symbolic Politics: A European Rule of Law Through Justice and Home Affairs, SIAS Summer Institute The Political: Law, Culture, Theology, Wissenschaftskolleg zu Berlin, 24.-28. Juli 2006.<\/p>\n\n\n\n<p>Verfassungsrecht und Verfassungswirklichkeit, Journalisten Kolleg der Freien Universit\u00e4t Berlin, 11. April 2006.<\/p>\n\n\n\n<p>Federalism and Foreign Relations, Forum of Federations, International Roundtable on Legislative and Executive Governance in Federal Democracies, Melbourne, Australien, 20.-22. August 2004.<\/p>\n\n\n\n<p>Begr\u00fcndung von positiver Diskriminierung im Falle ethnischer Minderheiten, Internationale Konferenz Demokratie und Menschenrechte in den EU-Mitglieds- und Anw\u00e4rterl\u00e4ndern, Opole, Polen, 3.-5. Juni 2004.<\/p>\n\n\n\n<p>Inhalt und Grenzen des Diskriminierungsverbots aus Art.&nbsp;3 Abs. 2 S. 1 GG, Summer University for Disability Studies, Bremen, 21.-25. Juli 2003.<\/p>\n","protected":false},"excerpt":{"rendered":"<p>\u201eInternational Law and its Environments \u2013 The Law and Politics of Natural Resources in a Postcolonial Order\u201c, Tagung \u201eThe Natural in International Law\u201c, University of Amsterdam, 8.-9. September 2022. \u201eNat\u00fcrliche [&hellip;]<\/p>\n","protected":false},"author":2755,"featured_media":0,"parent":0,"menu_order":0,"comment_status":"closed","ping_status":"closed","template":"","meta":{"footnotes":""},"categories":[4],"tags":[],"class_list":["post-1394","page","type-page","status-publish","hentry","category-forschung"],"_links":{"self":[{"href":"https:\/\/www.hsu-hh.de\/voelkerrecht\/wp-json\/wp\/v2\/pages\/1394","targetHints":{"allow":["GET"]}}],"collection":[{"href":"https:\/\/www.hsu-hh.de\/voelkerrecht\/wp-json\/wp\/v2\/pages"}],"about":[{"href":"https:\/\/www.hsu-hh.de\/voelkerrecht\/wp-json\/wp\/v2\/types\/page"}],"author":[{"embeddable":true,"href":"https:\/\/www.hsu-hh.de\/voelkerrecht\/wp-json\/wp\/v2\/users\/2755"}],"replies":[{"embeddable":true,"href":"https:\/\/www.hsu-hh.de\/voelkerrecht\/wp-json\/wp\/v2\/comments?post=1394"}],"version-history":[{"count":1,"href":"https:\/\/www.hsu-hh.de\/voelkerrecht\/wp-json\/wp\/v2\/pages\/1394\/revisions"}],"predecessor-version":[{"id":1395,"href":"https:\/\/www.hsu-hh.de\/voelkerrecht\/wp-json\/wp\/v2\/pages\/1394\/revisions\/1395"}],"wp:attachment":[{"href":"https:\/\/www.hsu-hh.de\/voelkerrecht\/wp-json\/wp\/v2\/media?parent=1394"}],"wp:term":[{"taxonomy":"category","embeddable":true,"href":"https:\/\/www.hsu-hh.de\/voelkerrecht\/wp-json\/wp\/v2\/categories?post=1394"},{"taxonomy":"post_tag","embeddable":true,"href":"https:\/\/www.hsu-hh.de\/voelkerrecht\/wp-json\/wp\/v2\/tags?post=1394"}],"curies":[{"name":"wp","href":"https:\/\/api.w.org\/{rel}","templated":true}]}}