{"id":1390,"date":"2023-02-28T13:41:03","date_gmt":"2023-02-28T12:41:03","guid":{"rendered":"https:\/\/www.hsu-hh.de\/voelkerrecht\/?page_id=1390"},"modified":"2024-05-30T22:51:03","modified_gmt":"2024-05-30T20:51:03","slug":"prof-dr-sigrid-boysen","status":"publish","type":"page","link":"https:\/\/www.hsu-hh.de\/voelkerrecht\/prof-dr-sigrid-boysen","title":{"rendered":"Prof. Dr. Sigrid Boysen"},"content":{"rendered":"<div class=\"wp-block-image is-style-rounded\">\n<figure class=\"alignright size-large is-resized\"><img loading=\"lazy\" decoding=\"async\" width=\"799\" height=\"1024\" src=\"https:\/\/www.hsu-hh.de\/voelkerrecht\/wp-content\/uploads\/sites\/690\/2021\/09\/Boysen-799x1024.jpeg\" data-credit=\"(c) privat\" alt=\"Sigrid Boysen\" class=\"wp-image-1116\" style=\"width:208px;height:267px\" srcset=\"https:\/\/www.hsu-hh.de\/voelkerrecht\/wp-content\/uploads\/sites\/690\/2021\/09\/Boysen-799x1024.jpeg 799w, https:\/\/www.hsu-hh.de\/voelkerrecht\/wp-content\/uploads\/sites\/690\/2021\/09\/Boysen-234x300.jpeg 234w, https:\/\/www.hsu-hh.de\/voelkerrecht\/wp-content\/uploads\/sites\/690\/2021\/09\/Boysen-768x985.jpeg 768w, https:\/\/www.hsu-hh.de\/voelkerrecht\/wp-content\/uploads\/sites\/690\/2021\/09\/Boysen-1198x1536.jpeg 1198w, https:\/\/www.hsu-hh.de\/voelkerrecht\/wp-content\/uploads\/sites\/690\/2021\/09\/Boysen-1100x1411.jpeg 1100w, https:\/\/www.hsu-hh.de\/voelkerrecht\/wp-content\/uploads\/sites\/690\/2021\/09\/Boysen.jpeg 1509w\" sizes=\"auto, (max-width: 799px) 100vw, 799px\" \/><figcaption class=\"wp-element-caption\">Sigrid Boysen<\/figcaption><\/figure>\n<\/div>\n\n\n<p class=\"has-medium-font-size\">Helmut-Schmidt-Universit\u00e4t<br>Holstenhofweg 85, Geb. H1, R. 2121<br>22043 Hamburg<\/p>\n\n\n\n<p class=\"has-medium-font-size\"><br>Telefon: +49 40 6541 2771<br>E-Mail: <a href=\"mailto:boysen@hsu-hh.de\" rel='nofollow'>boysen@hsu-hh.de<\/a><br>         <\/p>\n\n\n\n<p class=\"has-medium-font-size\"><strong>Sprechstunde: <\/strong>Mi 14:00-15:30 Uhr nach Voranmeldung<\/p>\n\n\n\n<p class=\"has-medium-font-size\"><\/p>\n\n\n\n<hr class=\"wp-block-separator has-alpha-channel-opacity\" \/>\n\n\n\n<h2 class=\"wp-block-heading\">CV<\/h2>\n\n\n\n<p>Studium der Rechtswissenschaften in G\u00f6ttingen, Bristol und Hamburg, 1. Staatsexamen 1998 in Hamburg, 2. Staatsexamen 2004 in Hamburg, 2005 Promotion bei Stefan Oeter an der Universit\u00e4t Hamburg, 1998-2004 wissenschaftliche Mitarbeiterin bei Stefan Oeter an der Universit\u00e4t Hamburg, 2005-2011 wissenschaftliche Mitarbeiterin an der Universit\u00e4t Hannover und der FU Berlin, 2011-2014 Juniorprofessorin f\u00fcr \u00d6ffentliches Recht, Europa- und V\u00f6lkerrecht an der Freien Universit\u00e4t Berlin. Zwei Kinder (* 2009 und 2011). Seit Februar 2014 Professorin f\u00fcr \u00d6ffentliches Recht, V\u00f6lker- und Europarecht an der Helmut-Schmidt-Universit\u00e4t, Februar bis April 2014 Visiting Research Collaborator Princeton University (Woodrow Wilson School of Public and International Affairs), 2018 Habilitation durch die Fakult\u00e4t f\u00fcr Rechtswissenschaft der Universit\u00e4t Hamburg. Seit 2015 Mitherausgeberin der Zeitschrift \u201aArchiv des V\u00f6lkerrechts\u2018, seit 2019 gesch\u00e4ftsf\u00fchrend. August 2021 bis Juli 2022 Research Fellow am Institute for Global Law &amp; Policy der Harvard Law School, Cambridge MA. September 2023 bis April 2024 Fernand Braudel Fellow am European University Institute in Florenz. Seit November 2022 Richterin am Hamburgischen Verfassungsgericht.<\/p>\n\n\n\n<p><\/p>\n\n\n\n<p><\/p>\n\n\n\n<p class=\"has-medium-font-size\"><strong>Forschungsschwerpunkte: <\/strong><\/p>\n\n\n\n<p>Europ\u00e4isches und internationales Umwelt- und Wirtschaftsrecht<br>Europ\u00e4isches Au\u00dfenwirtschaftsrecht<br>V\u00f6lkerrecht, insbesondere Kolonialismus und Demokratietheorie<br>Verfassungsrecht, insbesondere Gleichheitsschutz<\/p>\n\n\n\n<p class=\"has-grey-background-color has-background has-medium-font-size\"><a rel=\"noreferrer noopener\" href=\"https:\/\/www.hsu-hh.de\/voelkerrecht\/veroeffentlichungen\" target=\"_blank\">Ver\u00f6ffentlichungen<\/a><\/p>\n\n\n\n<p class=\"has-grey-background-color has-background has-medium-font-size\"><a rel=\"noreferrer noopener\" href=\"https:\/\/www.hsu-hh.de\/voelkerrecht\/vortraege\" target=\"_blank\">Vortr\u00e4ge<\/a><\/p>\n\n\n\n<p class=\"has-medium-font-size\"><\/p>\n\n\n\n<p><\/p>\n","protected":false},"excerpt":{"rendered":"<p>Helmut-Schmidt-Universit\u00e4tHolstenhofweg 85, Geb. H1, R. 212122043 Hamburg Telefon: +49 40 6541 2771E-Mail: boysen@hsu-hh.de Sprechstunde: Mi 14:00-15:30 Uhr nach Voranmeldung CV Studium der Rechtswissenschaften in G\u00f6ttingen, Bristol und Hamburg, 1. Staatsexamen [&hellip;]<\/p>\n","protected":false},"author":2755,"featured_media":0,"parent":0,"menu_order":0,"comment_status":"closed","ping_status":"closed","template":"","meta":{"footnotes":""},"categories":[4],"tags":[],"class_list":["post-1390","page","type-page","status-publish","hentry","category-forschung"],"_links":{"self":[{"href":"https:\/\/www.hsu-hh.de\/voelkerrecht\/wp-json\/wp\/v2\/pages\/1390","targetHints":{"allow":["GET"]}}],"collection":[{"href":"https:\/\/www.hsu-hh.de\/voelkerrecht\/wp-json\/wp\/v2\/pages"}],"about":[{"href":"https:\/\/www.hsu-hh.de\/voelkerrecht\/wp-json\/wp\/v2\/types\/page"}],"author":[{"embeddable":true,"href":"https:\/\/www.hsu-hh.de\/voelkerrecht\/wp-json\/wp\/v2\/users\/2755"}],"replies":[{"embeddable":true,"href":"https:\/\/www.hsu-hh.de\/voelkerrecht\/wp-json\/wp\/v2\/comments?post=1390"}],"version-history":[{"count":13,"href":"https:\/\/www.hsu-hh.de\/voelkerrecht\/wp-json\/wp\/v2\/pages\/1390\/revisions"}],"predecessor-version":[{"id":1611,"href":"https:\/\/www.hsu-hh.de\/voelkerrecht\/wp-json\/wp\/v2\/pages\/1390\/revisions\/1611"}],"wp:attachment":[{"href":"https:\/\/www.hsu-hh.de\/voelkerrecht\/wp-json\/wp\/v2\/media?parent=1390"}],"wp:term":[{"taxonomy":"category","embeddable":true,"href":"https:\/\/www.hsu-hh.de\/voelkerrecht\/wp-json\/wp\/v2\/categories?post=1390"},{"taxonomy":"post_tag","embeddable":true,"href":"https:\/\/www.hsu-hh.de\/voelkerrecht\/wp-json\/wp\/v2\/tags?post=1390"}],"curies":[{"name":"wp","href":"https:\/\/api.w.org\/{rel}","templated":true}]}}