{"id":1367,"date":"2023-02-16T07:38:37","date_gmt":"2023-02-16T06:38:37","guid":{"rendered":"https:\/\/www.hsu-hh.de\/voelkerrecht\/?page_id=1367"},"modified":"2023-03-01T09:58:40","modified_gmt":"2023-03-01T08:58:40","slug":"team","status":"publish","type":"page","link":"https:\/\/www.hsu-hh.de\/voelkerrecht\/team","title":{"rendered":"Team"},"content":{"rendered":"\n<p class=\"has-medium-font-size\"><strong>Professur f\u00fcr \u00d6ffentliches Recht, insbesondere V\u00f6lkerrecht und Europarecht <\/strong><\/p>\n\n\n\n<p><\/p>\n\n\n\n<p>Helmut-Schmidt-Universit\u00e4t \/ Universit\u00e4t der Bundeswehr Hamburg <br>Fakult\u00e4t f\u00fcr Wirtschafts- und Sozialwissenschaften <br>Holstenhofweg 85<br>22043 Hamburg<\/p>\n","protected":false},"excerpt":{"rendered":"<p>Professur f\u00fcr \u00d6ffentliches Recht, insbesondere V\u00f6lkerrecht und Europarecht Helmut-Schmidt-Universit\u00e4t \/ Universit\u00e4t der Bundeswehr Hamburg Fakult\u00e4t f\u00fcr Wirtschafts- und Sozialwissenschaften Holstenhofweg 8522043 Hamburg<\/p>\n","protected":false},"author":2755,"featured_media":0,"parent":0,"menu_order":0,"comment_status":"closed","ping_status":"closed","template":"","meta":{"footnotes":""},"categories":[4],"tags":[],"class_list":["post-1367","page","type-page","status-publish","hentry","category-forschung"],"_links":{"self":[{"href":"https:\/\/www.hsu-hh.de\/voelkerrecht\/wp-json\/wp\/v2\/pages\/1367","targetHints":{"allow":["GET"]}}],"collection":[{"href":"https:\/\/www.hsu-hh.de\/voelkerrecht\/wp-json\/wp\/v2\/pages"}],"about":[{"href":"https:\/\/www.hsu-hh.de\/voelkerrecht\/wp-json\/wp\/v2\/types\/page"}],"author":[{"embeddable":true,"href":"https:\/\/www.hsu-hh.de\/voelkerrecht\/wp-json\/wp\/v2\/users\/2755"}],"replies":[{"embeddable":true,"href":"https:\/\/www.hsu-hh.de\/voelkerrecht\/wp-json\/wp\/v2\/comments?post=1367"}],"version-history":[{"count":7,"href":"https:\/\/www.hsu-hh.de\/voelkerrecht\/wp-json\/wp\/v2\/pages\/1367\/revisions"}],"predecessor-version":[{"id":1490,"href":"https:\/\/www.hsu-hh.de\/voelkerrecht\/wp-json\/wp\/v2\/pages\/1367\/revisions\/1490"}],"wp:attachment":[{"href":"https:\/\/www.hsu-hh.de\/voelkerrecht\/wp-json\/wp\/v2\/media?parent=1367"}],"wp:term":[{"taxonomy":"category","embeddable":true,"href":"https:\/\/www.hsu-hh.de\/voelkerrecht\/wp-json\/wp\/v2\/categories?post=1367"},{"taxonomy":"post_tag","embeddable":true,"href":"https:\/\/www.hsu-hh.de\/voelkerrecht\/wp-json\/wp\/v2\/tags?post=1367"}],"curies":[{"name":"wp","href":"https:\/\/api.w.org\/{rel}","templated":true}]}}