{"id":1337,"date":"2023-02-28T13:16:31","date_gmt":"2023-02-28T12:16:31","guid":{"rendered":"https:\/\/www.hsu-hh.de\/voelkerrecht\/?page_id=1337"},"modified":"2024-02-13T19:46:52","modified_gmt":"2024-02-13T18:46:52","slug":"veroeffentlichungen","status":"publish","type":"page","link":"https:\/\/www.hsu-hh.de\/voelkerrecht\/veroeffentlichungen","title":{"rendered":"Ver\u00f6ffentlichungen"},"content":{"rendered":"\n<h3 class=\"wp-block-heading\">Selbst\u00e4ndige Ver\u00f6ffentlichungen<\/h3>\n\n\n\n<p>Die postkoloniale Konstellation \u2013 Nat\u00fcrliche Ressourcen und das V\u00f6lkerrecht der Moderne, Jus Publicum <abbr title=\"Band\">Bd.<\/abbr> 296, Mohr Siebeck, T\u00fcbingen, 2021, 382 S.<\/p>\n\n\n\n<p>Besprechungen in:<\/p>\n\n\n\n<p>\u00b7&nbsp;&nbsp;&nbsp;&nbsp;&nbsp; European Journal of International Law 33 (2022), S. 716-720 (<em>Ingo Venzke<\/em>)<\/p>\n\n\n\n<p>\u00b7&nbsp;&nbsp;&nbsp;&nbsp;&nbsp; Kritische Justiz 54 (2021), S. 390-392 (<em>Andreas Gutmann<\/em>)<\/p>\n\n\n\n<p>\u00b7&nbsp;&nbsp;&nbsp;&nbsp;&nbsp; Za\u00f6RV 82 (2022), S. 725-732 (<em>Birgit Peters<\/em>)<\/p>\n\n\n\n<p>\u00b7&nbsp;&nbsp;&nbsp;&nbsp;&nbsp; German Yearbook of International Law, 64 (2021), S. 566-568 (<em>Markus Beham<\/em>)<\/p>\n\n\n\n<p>Besprechungsaufsatz:<\/p>\n\n\n\n<p><em>Lys Kulamadayil<\/em>, Placed in Between: The Natural Environment in International Law. A Review Essay of Sigrid Boysen\u2018s Die postkoloniale Konstellation: Nat\u00fcrliche Ressourcen und das V\u00f6lkerrecht der Moderne (Mohr Siebeck, 2021), erscheint in: Transnational Legal Theory 13 (2022).<br>Amsterdam Law School Research Paper No. 35, 2022, Amsterdam Center for International Law No. 14, 2022, abrufbar unter: https:\/\/ssrn.com\/abstract=4234083.<\/p>\n\n\n\n<p>Gleichheit im Bundesstaat, Mohr Siebeck, T\u00fcbingen, 2005, 355 Seiten.<br>Besprechungen in:<\/p>\n\n\n\n<p>\u00b7&nbsp;&nbsp;&nbsp;&nbsp;&nbsp; DVBl. 2005, S. 1117-1118 (<em>Herbert Bethge<\/em>)<\/p>\n\n\n\n<p>\u00b7&nbsp;&nbsp;&nbsp;&nbsp;&nbsp; KJ 38 (2005), S. 213-218 (<em>Timo Hebeler<\/em>)<\/p>\n\n\n\n<p>\u00b7&nbsp;&nbsp;&nbsp;&nbsp;&nbsp; A\u00f6R 131 (2006), S. 302-307 (<em>Christian von Coelln<\/em>)<\/p>\n\n\n\n<p>\u00b7&nbsp;&nbsp;&nbsp;&nbsp;&nbsp; Z\u00d6R 62 (2007), S. 314-316 (<em>Karl Weber<\/em>)<\/p>\n\n\n\n<p>Verfassung und Verteilung \u2013 Beitr\u00e4ge zu einer Grundfrage des Verfassungsverst\u00e4ndnisses, Mohr Siebeck, T\u00fcbingen, 2015 (hrsg. gemeinsam mit Anna-Bettina Kaiser und Florian Meinel).<\/p>\n\n\n\n<p>Besprechung in:<\/p>\n\n\n\n<p>\u00b7 &nbsp; &nbsp;&nbsp;A\u00f6R 141 (2016), S. 156-159 (<em>Christoph Kr\u00f6nke<\/em>)<\/p>\n\n\n\n<p>\u00b7 &nbsp; &nbsp;&nbsp;DVBl. 2016, p. 494 (<em>Michael Fuchs<\/em>)<\/p>\n\n\n\n<p>Europ\u00e4isches Beihilferecht und mitgliedstaatliche Daseinsvorsorge, Nomos, Baden-Baden, 2007 (gemeinsam mit Mathias Neukirchen), 213 Seiten.<br>Besprechungen in:<\/p>\n\n\n\n<p>\u00b7&nbsp;&nbsp;&nbsp;&nbsp;&nbsp; ZG 23 (2008), S. 103-104 (<em>Kristian Wellig<\/em>)<\/p>\n\n\n\n<p>\u00b7&nbsp;&nbsp;&nbsp;&nbsp;&nbsp; Socialnet Rezensionen, ISSN 2190-9245, &lt;www.socialnet.de&gt; (<em>Marcus Kreutz<\/em>)<\/p>\n\n\n\n<p>Netzwerke. 47. Assistententagung \u00d6ffentliches Recht, Nomos, Baden-Baden, 2007<br>(hrsg. gemeinsam mit Ferry B\u00fchring&nbsp;<abbr title=\"unter anderem\">u.a.<\/abbr>).<\/p>\n\n\n\n<p>Europ\u00e4ische Charta der Regional- oder Minderheitensprachen, Handkommentar, Dike, Z\u00fcrich\/Nomos, Baden-Baden, 2011 (gemeinsam mit Jutta Engbers&nbsp;<abbr title=\"unter anderem\">u.a.<\/abbr>).<\/p>\n\n\n\n<p>Besprechung in:<\/p>\n\n\n\n<p>\u00b7 &nbsp; &nbsp;&nbsp;Za\u00f6RV 73 (2013), S. 127-130 (<em>Manfred Herbert<\/em>)<\/p>\n\n\n\n<h3 class=\"wp-block-heading\">Herausgeberschaft<\/h3>\n\n\n\n<p>Archiv des V\u00f6lkerrechts, Mohr Siebeck, T\u00fcbingen (gemeinsam mit Markus Kotzur und Robert Uerpmann-Wittzack), seit 2015; seit 2019 gesch\u00e4ftsf\u00fchrend.<\/p>\n\n\n\n<h3 class=\"wp-block-heading\">Kommentierungen und Beitr\u00e4ge zu Sammelwerken<\/h3>\n\n\n\n<p>Postcolonial Global Constitutionalism, in: Anthony F. Lang\/Antje Wiener (<abbr title=\"Herausgeber\">Hrsg.<\/abbr>), Handbook on Global Constitutionalism, Edward Elgar Publishers, 2. <abbr title=\"Auflage\">Aufl.<\/abbr> 2022, S. 166-184.<\/p>\n\n\n\n<p>(Post)Koloniales Umweltrecht, in: Jochen von Bernstorff\/Philipp Dann\/Isabel Feichtner (<abbr title=\"Herausgeber\">Hrsg.<\/abbr>), (Post-)Kolonialismus und deutsche Rechtswissenschaft, Mohr Siebeck, 2022, S. 391-424.<\/p>\n\n\n\n<p>Nat\u00fcrliche Ressourcen im internationalen Verteilungskampf \u2013 Postkoloniale Souver\u00e4nit\u00e4t und die Politik der Transnationalisierung, in: Anne Peters\/Stephan Hobe\/Eva-Maria Kieninger\/August Reinisch (<abbr title=\"Herausgeber\">Hrsg.<\/abbr>), Abkehr vom Multilateralismus \u2013 Internationales Recht in Gefahr?, Berichte der Deutschen Gesellschaft f\u00fcr Internationales Recht 51 (2023), S. 107-134.<\/p>\n\n\n\n<p>Prinzipien des Internationalen Verwaltungsrechts, in: Wolfgang Kahl\/Markus Ludwigs (<abbr title=\"Herausgeber\">Hrsg.<\/abbr>), Handbuch des Verwaltungsrechts, <abbr title=\"Band\">Bd.<\/abbr> II, \u00a7 49, C.F. M\u00fcller, Heidelberg, 2021,&nbsp;S. 741-780.<\/p>\n\n\n\n<p>Staatenbund, in: Staatslexikon der G\u00f6rres-Gesellschaft, <abbr title=\"Band\">Bd.<\/abbr> V, 8. Neuauflage 2021, 536-538.<\/p>\n\n\n\n<p>Staatenverbindung, in: Staatslexikon der G\u00f6rres-Gesellschaft, <abbr title=\"Band\">Bd.<\/abbr> V, 8. Neuauflage 2021, 541.<\/p>\n\n\n\n<p>The Right to Democracy, in: Andreas von Arnauld\/Kerstin von der Decken\/Mart Susi (<abbr title=\"Herausgeber\">Hrsg.<\/abbr>), The Cambridge Handbook on New Human Rights \u2013&nbsp;Recognition, Novelty, Rhetoric, Cambridge University Press, 2019, S. 465-480.<\/p>\n\n\n\n<p>Au\u00dfenwirtschaftsrecht, in: Reiner Schulze\/Andr\u00e9 Janssen\/Stefan Kadelbach (<abbr title=\"Herausgeber\">Hrsg.<\/abbr>), Europarecht \u2013 Handbuch f\u00fcr die deutsche Rechtspraxis, Nomos, Baden-Baden, 4. <abbr title=\"Auflage\">Aufl.<\/abbr> 2020, \u00a7 33, S. 2211-2278.<\/p>\n\n\n\n<p>Das System des Au\u00dfenwirtschaftsrechts, in: Armin Hatje\/Peter-Christian M\u00fcller-Graff\/Andreas von Arnauld (<abbr title=\"Herausgeber\">Hrsg.<\/abbr>), Enzyklop\u00e4die des Europarechts, Band X, Europ\u00e4ische Au\u00dfenbeziehungen, \u00a7&nbsp;9, Nomos, Baden-Baden, 2013, S. 447-514.<\/p>\n\n\n\n<p>2. Auflage: Armin Hatje\/Peter-Christian M\u00fcller-Graff\/Andreas von Arnauld\/Marc Bungenberg (<abbr title=\"Herausgeber\">Hrsg.<\/abbr>), Enzyklop\u00e4die des Europarechts, Band XII, Europ\u00e4ische Au\u00dfenbeziehungen, \u00a7&nbsp;10, Nomos, Baden-Baden, 2022, S. 557-636.<\/p>\n\n\n\n<p>Kommentierungen in: Ingo von M\u00fcnch\/Philip Kunig (<abbr title=\"Herausgeber\">Hrsg.<\/abbr>), Grundgesetz-Kommentar, <abbr title=\"Band\">Bd.<\/abbr> I, 6. <abbr title=\"Auflage\">Aufl.<\/abbr>, C.H. Beck, M\u00fcnchen, 2012, darin: Art. 3 [Gleichheit vor dem Gesetz], S. 205-323; Art. 7 [Schulwesen], S. 627-683;<\/p>\n\n\n\n<p>7.&nbsp;<abbr title=\"Auflage\">Aufl.<\/abbr>, C.H. Beck, M\u00fcnchen, 2021:<\/p>\n\n\n\n<p>\u00b7&nbsp;&nbsp;&nbsp;&nbsp;&nbsp; Art. 3 [Gleichheit vor dem Gesetz], S. 203-310<\/p>\n\n\n\n<p>\u00b7&nbsp;&nbsp;&nbsp;&nbsp;&nbsp; Art. 7 [Schulwesen], S. 613-676<\/p>\n\n\n\n<p>Kommentierungen in: Ingo von M\u00fcnch\/Philip Kunig (<abbr title=\"Herausgeber\">Hrsg.<\/abbr>), Grundgesetz-Kommentar,&nbsp;<abbr title=\"Band\">Bd.<\/abbr>&nbsp;II, 6.&nbsp;<abbr title=\"Auflage\">Aufl.<\/abbr>, C.H. Beck, M\u00fcnchen, 2012, darin:&nbsp;Art. 89 [Bundeswasserstra\u00dfen], S. 546-569;&nbsp;Art. 90 [Bundesfernstra\u00dfen], S. 570-591;&nbsp;Art. 117 [\u00dcbergangsregelungen zu Art. 3 II und Art. 1 I], S. 1466-1469;&nbsp;Art. 141 [\u201eBremer Klausel\u201c], S. 1754-1759;<\/p>\n\n\n\n<p>7.&nbsp;<abbr title=\"Auflage\">Aufl.<\/abbr>, C.H. Beck, M\u00fcnchen, 2021:<\/p>\n\n\n\n<p>\u00b7&nbsp;&nbsp;&nbsp;&nbsp;&nbsp; Art. 117 [\u00dcbergangsregelungen zu Art. 3 II und Art. 1 I], S. 1593-1596<\/p>\n\n\n\n<p>\u00b7 &nbsp; &nbsp; Art.&nbsp;141 [\u201eBremer Klausel\u201c], S. 1837-1842<\/p>\n\n\n\n<p>Kommentierung in: Matthias Pechstein\/Carsten Nowak\/Ulrich H\u00e4de (<abbr title=\"Herausgeber\">Hrsg.<\/abbr>), Frankfurter Kommentar, EUV \u2013 GRC \u2013 AEUV, <abbr title=\"Band\">Bd.<\/abbr> IV, Mohr Siebeck, T\u00fcbingen 2017, darin:<\/p>\n\n\n\n<p>\u00b7&nbsp;&nbsp;&nbsp;&nbsp;&nbsp; Art. 217 [Assoziierungsabkommen], S. 97-131.<\/p>\n\n\n\n<p>Stichwort: V\u00f6lkerrecht\/Internationales Recht, in: Dieter Nohlen\/Florian Grotz (<abbr title=\"Herausgeber\">Hrsg.<\/abbr>), Kleines Lexikon der Politik, 6. Auflage, M\u00fcnchen C.H. Beck, 2015, S. 703-706.<\/p>\n\n\n\n<p>Kommentierungen in: Sigrid Boysen&nbsp;<abbr title=\"unter anderem\">u.a.<\/abbr>, Europ\u00e4ische Charta der Regional- oder Minderheitensprachen, Handkommentar, Dike, Z\u00fcrich\/Nomos, Baden-Baden, 2011, S. 23-111.<\/p>\n\n\n\n<p>\u00b7&nbsp;&nbsp;&nbsp;&nbsp;&nbsp; Einf\u00fchrung,<\/p>\n\n\n\n<p>\u00b7&nbsp;&nbsp;&nbsp;&nbsp;&nbsp; Pr\u00e4ambel,<\/p>\n\n\n\n<p>\u00b7&nbsp;&nbsp;&nbsp;&nbsp;&nbsp; Art. 1 [Begriffsbestimmungen],<\/p>\n\n\n\n<p>\u00b7&nbsp;&nbsp;&nbsp;&nbsp;&nbsp; Art. 2 [Verpflichtungen],<\/p>\n\n\n\n<p>\u00b7&nbsp;&nbsp;&nbsp;&nbsp;&nbsp; Art. 3 [Einzelheiten der Durchf\u00fchrung],<\/p>\n\n\n\n<p>\u00b7&nbsp;&nbsp;&nbsp;&nbsp;&nbsp; Art. 4 [Bestehende Schutzregelungen],<\/p>\n\n\n\n<p>\u00b7&nbsp;&nbsp;&nbsp;&nbsp;&nbsp; Art. 5 [Bestehende Verpflichtungen],<\/p>\n\n\n\n<p>\u00b7&nbsp;&nbsp;&nbsp;&nbsp;&nbsp; Art. 6 [Information].<\/p>\n\n\n\n<p>Regionale Handelsabkommen, in: Meinhard Hilf\/Stefan Oeter (<abbr title=\"Herausgeber\">Hrsg.<\/abbr>), WTO-Recht \u2013 Rechtsordnung des Welthandels, 2.&nbsp;<abbr title=\"Auflage\">Aufl.<\/abbr>, Nomos, Baden-Baden, 2010, \u00a7 31, S. 662-686.<\/p>\n\n\n\n<h3 class=\"wp-block-heading\">Aufs\u00e4tze<\/h3>\n\n\n\n<p>Allgemeine Gesch\u00e4ftsbedingungen globaler Ungleichheit, Zeitschrift f\u00fcr Ideengeschichte, 1\/2023, 47-51.<\/p>\n\n\n\n<p>Memory Laws \u2013&nbsp;Parlamente, Gerichte und Verhandlungen als Institutionen der Aufarbeitung von Genoziden, J\u00f6R 69 (2021), S. 63-94.<\/p>\n\n\n\n<p>Verfassungsrechtliche Konzeptionen sozialer Gleichheit \u2013&nbsp;Ungleichbehandlung oder Antidiskriminierung,&nbsp;in: Jens Kersten\/Stephan Rixen\/Berthold Vogel (<abbr title=\"Herausgeber\">Hrsg.<\/abbr>), Ambivalenzen der Gleichheit \u2013&nbsp;Zwischen Diversit\u00e4t, sozialer Ungleichheit und Repr\u00e4sentation, Transcript, Bielefeld, 2021, S. 55-73.<\/p>\n\n\n\n<p>Equality and diversity in constitutional discourses, in: Philipp Dann\/Arun Thiruvengadam (<abbr title=\"Herausgeber\">Hrsg.<\/abbr>), Democratic Constitutionalism in India and the European Union \u2013 Comparing the Law of Democracy in Continental Polities, Edward Elgar Publishing 2021, Ch. 4, S. 104-135 (gemeinsam mit Aparna Chandra).<\/p>\n\n\n\n<p>Repr\u00e4sentation und Repr\u00e4sentativit\u00e4t.&nbsp;Geschlechterfragen im internationalen Demokratiediskurs, in: Margarete Schuler-Harms\/Marion Eckertz-H\u00f6fer (<abbr title=\"Herausgeber\">Hrsg.<\/abbr>), Gleichberechtigung und Demokratie \u2013 Gleichberechtigung in der Demokratie, Nomos, Baden-Baden, 2019, S. 85-106.<\/p>\n\n\n\n<p>Das geeinte Europa der \u201eever closer union\u201c und ein neues Narrativ differenzierter Integration?, in: Claudio Franzius\/Franz Mayer\/J\u00fcrgen Neyer (<abbr title=\"Herausgeber\">Hrsg.<\/abbr>), Die Neuerfindung Europas, Nomos, Baden-Baden, 2019, S. 147-178.<\/p>\n\n\n\n<p>Entgrenzt \u2013 pluralistisch \u2013 reflexiv \u2013 polyzentrisch \u2013 kontestiert: Das Transnationale am Transnationalen Klimaschutzrecht, ZUR 2018, S. 643-650.<\/p>\n\n\n\n<p>Au\u00dfenhandel und europ\u00e4ischer ordre public \u2013 Investitionsschiedsgerichtsbarkeit im Rahmen internationaler Handelsabkommen, in: S. Kadelbach (<abbr title=\"Herausgeber\">Hrsg.<\/abbr>), Die Welt und Wir \u2013 Die Au\u00dfenbeziehungen der Europ\u00e4ischen Union, Nomos, Baden-Baden, 2017, S. 85-116.<\/p>\n\n\n\n<p>Vergleichbarkeit und \u201ewesentliche Gleichheit\u201c&nbsp;\u2013&nbsp;Zur Entfaltung einer Paradoxie des allgemeinen Gleichheitssatzes, in: Simon Kempny\/Philipp Reimer (<abbr title=\"Herausgeber\">Hrsg.<\/abbr>), Gleichheitssatzdogmatik heute, Mohr Siebeck, T\u00fcbingen, 2017, S. 35-62.<\/p>\n\n\n\n<p>Regulating EU Climate and Energy Matters through Conclusions: The Limits of Consensus, Journal for European Environmental &amp; Planning Law 12 (2015), S. 128-156 (gemeinsam mit Moritz von Unger).<\/p>\n\n\n\n<p>Souver\u00e4nit\u00e4t \u00fcber nat\u00fcrliche Ressourcen im postkolonialen V\u00f6lkerrecht, Die Friedens-Warte 89 (2014), S. 367-384.<\/p>\n\n\n\n<p>Der Zugang zu Umweltinformationen im Recht der Europ\u00e4ischen Union, in: Kazuhiko Matsumoto (<abbr title=\"Herausgeber\">Hrsg.<\/abbr>), Herausforderungen der \u00d6ffentlichen Rechtswissenschaft in Japan und Deutschland, Tokyo, 2013, S. 281-296.<\/p>\n\n\n\n<p>Grundfragen des transnationalen Klimaschutzrechts, Archiv des V\u00f6lkerrechts 50 (2012), S. 377-419.<\/p>\n\n\n\n<p>Human Trafficking \u2013 A Casualty of International Law?, in: Adem S\u00f6z\u00fcer (<abbr title=\"Herausgeber\">Hrsg.<\/abbr>), Violence and Discrimination Against Women, Adalet Yayinevi, Ankara, 2012, S. 145-155.<\/p>\n\n\n\n<p>Demokratische Selbstbestimmung? Zum Verh\u00e4ltnis von staatlicher Integrit\u00e4t und Gruppenrechten im V\u00f6lkerrecht, Archiv des V\u00f6lkerrechts 47 (2009), S. 427-453.<\/p>\n\n\n\n<p>The Impact of Human Rights on Supranational Regimes, in: Klaus Hoffmann-Holland (<abbr title=\"Herausgeber\">Hrsg.<\/abbr>), Ethics and Human Rights in a Globalized World, Mohr Siebeck, T\u00fcbingen, 2009, S.&nbsp;209\u2011238.<\/p>\n\n\n\n<p>Transparenz im europ\u00e4ischen Verwaltungsverbund, Die Verwaltung 42 (2009), S. 215-246.<\/p>\n\n\n\n<p>Country Report Germany, in: Johan W. van de Gronden\/Markus Krajewski\/Ulla Neergaard (<abbr title=\"Herausgeber\">Hrsg.<\/abbr>), The changing legal framework for Services of General Interest in Europe \u2013 Between competition and solidarity, TMC Asser Press, Den Haag, 2009, S. 327-355.<\/p>\n\n\n\n<p>Selbstbestimmungsrecht und Recht auf Demokratie, in: Peter Hilpold (<abbr title=\"Herausgeber\">Hrsg.<\/abbr>), Das Selbstbestimmungsrecht im 21. Jahrhundert \u2013 Vom umk\u00e4mpften Prinzip zum vieldeutigen Recht?, Peter Lang, Frankfurt a.M. 2009, S. 75-105.<\/p>\n\n\n\n<p>Migration und Menschenhandel in der EU \u2013 Grundrechtsschutz im Recht der polizeilichen und justiziellen Zusammenarbeit in Strafsachen, ZEuS 2008, S. 431-451.<\/p>\n\n\n\n<p>Networks in Public Law (gemeinsam mit Ferry B\u00fchring&nbsp;<abbr title=\"unter anderem\">u.a.<\/abbr>), German Law Journal 8 (2007), S. 1079-1090.<\/p>\n\n\n\n<p>Netzwerke im \u00d6ffentlichen Recht in: Sigrid Boysen&nbsp;<abbr title=\"unter anderem\">u.a.<\/abbr>&nbsp;(<abbr title=\"Herausgeber\">Hrsg.<\/abbr>), Netzwerke, 47. Assistententagung \u00d6ffentliches Recht (gemeinsam mit Ferry B\u00fchring <abbr title=\"unter anderem\">u.a.<\/abbr>), Nomos, Baden-Baden 2007, S. 289-300; Wiederabdruck in: Marcel Dalibor&nbsp;<abbr title=\"unter anderem\">u.a.<\/abbr>&nbsp;(<abbr title=\"Herausgeber\">Hrsg.<\/abbr>), Perspektiven des \u00d6ffentlichen Rechts, Festgabe 50 Jahre Assistententagung \u00d6ffentliches Recht, Nomos, Baden-Baden, 2011, S. 523-533.<\/p>\n\n\n\n<p>Kriegsverbrechen im Diskurs nationaler Gerichte, Archiv des V\u00f6lkerrechts 44 (2006), S.363-379.<\/p>\n\n\n\n<p>Wissenschafts- und Bildungspolitik im f\u00f6deralen Staat \u2013 ein strukturelles Problem?,<br>(gemeinsam mit Stefan Oeter), RdJB 2005, S.&nbsp;296-311.<\/p>\n\n\n\n<h3 class=\"wp-block-heading\">Didaktische Beitr\u00e4ge<\/h3>\n\n\n\n<p>Racial Profiling, JURA 42 (2020), S. 1192-1199.<\/p>\n\n\n\n<p>Staatsrecht, Reihe \u201estud. iur. Examenstraining\u201c, Nomos, Baden-Baden, 2001 (gemeinsam mit Andreas von Arnauld), 373 Seiten.<\/p>\n\n\n\n<h3 class=\"wp-block-heading\">Rezensionen, kleinere Beitr\u00e4ge<\/h3>\n\n\n\n<p><\/p>\n\n\n\n<p>Rezension von: Marie-Catherine Petersmann, When Environmental Protection and Human Rights Collide: The Politics of Conflict Management by Regional Courts, Cambrigde University Press, 2022, in: European Journal of International Law (EJIL) 34 (2023), 9 S. 1033\u20131058.<\/p>\n\n\n\n<p>Rezension von: Emmanuelle Tourme-Jouannet, What is a Fair International Society? International Law Between Development and Recognition, Hart Publishing, Oxford 2013, in: Archiv des V\u00f6lkerrechts (AVR) 53 (2015), S. 525-529.<\/p>\n\n\n\n<p>Rezension von: Michael Nunner, Kooperation internationaler Gerichte, Mohr Siebeck, T\u00fcbingen, 2009, in: Archiv des V\u00f6lkerrechts (AVR) 50 (2012), S. 250-252.<\/p>\n\n\n\n<p>Rezension von: Helmut Philip Aust, Complicity and the Law of State Responsibility, Cambridge University Press, Cambridge, 2011, in: Archiv des V\u00f6lkerrechts (AVR) 50 (2012), S. 247-250.<\/p>\n\n\n\n<p>Einleitender Diskussionsbeitrag, in: Philip Kunig\/Makoto Nagata (<abbr title=\"Herausgeber\">Hrsg.<\/abbr>), Pers\u00f6nlichkeitsschutz und Eigentumsfreiheit in Japan und Deutschland, Carl Heymanns Verlag, K\u00f6ln&nbsp;<abbr title=\"unter anderem\">u.a.<\/abbr>, 2009, S. 89-91.<\/p>\n\n\n\n<p>Netzwerke \u2013 Grundmodell einer neuen Ordnung?, fundiert 02\/2006, S. 38-45.<\/p>\n\n\n\n<p><\/p>\n\n\n\n<p><\/p>\n\n\n\n<p><\/p>\n\n\n\n<p><\/p>\n\n\n\n<p><\/p>\n\n\n\n<p><\/p>\n","protected":false},"excerpt":{"rendered":"<p>Selbst\u00e4ndige Ver\u00f6ffentlichungen Die postkoloniale Konstellation \u2013 Nat\u00fcrliche Ressourcen und das V\u00f6lkerrecht der Moderne, Jus Publicum Bd. 296, Mohr Siebeck, T\u00fcbingen, 2021, 382 S. Besprechungen in: \u00b7&nbsp;&nbsp;&nbsp;&nbsp;&nbsp; European Journal of International [&hellip;]<\/p>\n","protected":false},"author":2755,"featured_media":0,"parent":0,"menu_order":0,"comment_status":"closed","ping_status":"closed","template":"","meta":{"footnotes":""},"categories":[4],"tags":[],"class_list":["post-1337","page","type-page","status-publish","hentry","category-forschung"],"_links":{"self":[{"href":"https:\/\/www.hsu-hh.de\/voelkerrecht\/wp-json\/wp\/v2\/pages\/1337","targetHints":{"allow":["GET"]}}],"collection":[{"href":"https:\/\/www.hsu-hh.de\/voelkerrecht\/wp-json\/wp\/v2\/pages"}],"about":[{"href":"https:\/\/www.hsu-hh.de\/voelkerrecht\/wp-json\/wp\/v2\/types\/page"}],"author":[{"embeddable":true,"href":"https:\/\/www.hsu-hh.de\/voelkerrecht\/wp-json\/wp\/v2\/users\/2755"}],"replies":[{"embeddable":true,"href":"https:\/\/www.hsu-hh.de\/voelkerrecht\/wp-json\/wp\/v2\/comments?post=1337"}],"version-history":[{"count":11,"href":"https:\/\/www.hsu-hh.de\/voelkerrecht\/wp-json\/wp\/v2\/pages\/1337\/revisions"}],"predecessor-version":[{"id":1608,"href":"https:\/\/www.hsu-hh.de\/voelkerrecht\/wp-json\/wp\/v2\/pages\/1337\/revisions\/1608"}],"wp:attachment":[{"href":"https:\/\/www.hsu-hh.de\/voelkerrecht\/wp-json\/wp\/v2\/media?parent=1337"}],"wp:term":[{"taxonomy":"category","embeddable":true,"href":"https:\/\/www.hsu-hh.de\/voelkerrecht\/wp-json\/wp\/v2\/categories?post=1337"},{"taxonomy":"post_tag","embeddable":true,"href":"https:\/\/www.hsu-hh.de\/voelkerrecht\/wp-json\/wp\/v2\/tags?post=1337"}],"curies":[{"name":"wp","href":"https:\/\/api.w.org\/{rel}","templated":true}]}}