{"id":1335,"date":"2023-02-28T13:11:48","date_gmt":"2023-02-28T12:11:48","guid":{"rendered":"https:\/\/www.hsu-hh.de\/voelkerrecht\/?page_id=1335"},"modified":"2023-02-28T13:15:11","modified_gmt":"2023-02-28T12:15:11","slug":"curriculum-vitae","status":"publish","type":"page","link":"https:\/\/www.hsu-hh.de\/voelkerrecht\/curriculum-vitae","title":{"rendered":"Curriculum vitae"},"content":{"rendered":"\n<ul class=\"wp-block-list\">\n<li>Studium der Rechtswissenschaften in G\u00f6ttingen, Bristol und Hamburg <\/li>\n\n\n\n<li>1. Staatsexamen 1998 in Hamburg<\/li>\n\n\n\n<li>2. Staatsexamen 2004 in Hamburg<\/li>\n\n\n\n<li>2005 Promotion bei Stefan Oeter an der Universit\u00e4t Hamburg<\/li>\n\n\n\n<li>1998-2004 wissenschaftliche Mitarbeiterin bei Stefan Oeter an der Universit\u00e4t Hamburg<\/li>\n\n\n\n<li>2005-2006 bei Ulrich Haltern an der Universit\u00e4t Hannover<\/li>\n\n\n\n<li>2007-2011 bei Philip Kunig an der FU Berlin<\/li>\n\n\n\n<li>2011-2014 Juniorprofessorin f\u00fcr \u00d6ffentliches Recht, Europa- und V\u00f6lkerrecht an der Freien Universit\u00e4t Berlin<\/li>\n\n\n\n<li>Seit Februar 2014 Professorin f\u00fcr \u00d6ffentliches Recht, V\u00f6lker- und Europarecht an der Helmut-Schmidt-Universit\u00e4t<\/li>\n\n\n\n<li>Februar bis April 2014 Visiting Research Collaborator Princeton University (Woodrow Wilson School of Public and International Affairs)<\/li>\n\n\n\n<li>2018 Habilitation durch die Fakult\u00e4t f\u00fcr Rechtswissenschaft der Universit\u00e4t Hamburg<\/li>\n\n\n\n<li>Seit 2015 Mitherausgeberin der Zeitschrift \u201aArchiv des V\u00f6lkerrechts\u2018, seit 2019 gesch\u00e4ftsf\u00fchrend. <\/li>\n\n\n\n<li>August 2021 bis Juli 2022 Visiting Research Fellow am Institute for Global Law &amp; Policy der Harvard Law School, Cambridge MA. <\/li>\n\n\n\n<li>Seit November 2022 Richterin am Hamburgischen Verfassungsgericht<\/li>\n<\/ul>\n","protected":false},"excerpt":{"rendered":"","protected":false},"author":2755,"featured_media":0,"parent":0,"menu_order":0,"comment_status":"closed","ping_status":"closed","template":"","meta":{"footnotes":""},"categories":[4],"tags":[],"class_list":["post-1335","page","type-page","status-publish","hentry","category-forschung"],"_links":{"self":[{"href":"https:\/\/www.hsu-hh.de\/voelkerrecht\/wp-json\/wp\/v2\/pages\/1335","targetHints":{"allow":["GET"]}}],"collection":[{"href":"https:\/\/www.hsu-hh.de\/voelkerrecht\/wp-json\/wp\/v2\/pages"}],"about":[{"href":"https:\/\/www.hsu-hh.de\/voelkerrecht\/wp-json\/wp\/v2\/types\/page"}],"author":[{"embeddable":true,"href":"https:\/\/www.hsu-hh.de\/voelkerrecht\/wp-json\/wp\/v2\/users\/2755"}],"replies":[{"embeddable":true,"href":"https:\/\/www.hsu-hh.de\/voelkerrecht\/wp-json\/wp\/v2\/comments?post=1335"}],"version-history":[{"count":1,"href":"https:\/\/www.hsu-hh.de\/voelkerrecht\/wp-json\/wp\/v2\/pages\/1335\/revisions"}],"predecessor-version":[{"id":1336,"href":"https:\/\/www.hsu-hh.de\/voelkerrecht\/wp-json\/wp\/v2\/pages\/1335\/revisions\/1336"}],"wp:attachment":[{"href":"https:\/\/www.hsu-hh.de\/voelkerrecht\/wp-json\/wp\/v2\/media?parent=1335"}],"wp:term":[{"taxonomy":"category","embeddable":true,"href":"https:\/\/www.hsu-hh.de\/voelkerrecht\/wp-json\/wp\/v2\/categories?post=1335"},{"taxonomy":"post_tag","embeddable":true,"href":"https:\/\/www.hsu-hh.de\/voelkerrecht\/wp-json\/wp\/v2\/tags?post=1335"}],"curies":[{"name":"wp","href":"https:\/\/api.w.org\/{rel}","templated":true}]}}