{"id":73,"date":"2017-07-03T15:52:08","date_gmt":"2017-07-03T13:52:08","guid":{"rendered":"https:\/\/www.hsu-hh.de\/vorlage\/?page_id=73"},"modified":"2024-07-08T08:11:26","modified_gmt":"2024-07-08T06:11:26","slug":"startseite","status":"publish","type":"page","link":"https:\/\/www.hsu-hh.de\/verwwiss\/","title":{"rendered":""},"content":{"rendered":"<h2><img loading=\"lazy\" decoding=\"async\" class=\" wp-image-602 aligncenter\" src=\"https:\/\/www.hsu-hh.de\/verwwiss\/wp-content\/uploads\/sites\/695\/2020\/05\/bueste_hs-1024x721-1.jpg\" alt=\" \" width=\"525\" height=\"370\" data-credit=\"https:\/\/www.hsu-hh.de\/presse\" srcset=\"https:\/\/www.hsu-hh.de\/verwwiss\/wp-content\/uploads\/sites\/695\/2020\/05\/bueste_hs-1024x721-1.jpg 1024w, https:\/\/www.hsu-hh.de\/verwwiss\/wp-content\/uploads\/sites\/695\/2020\/05\/bueste_hs-1024x721-1-300x211.jpg 300w, https:\/\/www.hsu-hh.de\/verwwiss\/wp-content\/uploads\/sites\/695\/2020\/05\/bueste_hs-1024x721-1-768x541.jpg 768w\" sizes=\"auto, (max-width: 525px) 100vw, 525px\" \/><\/h2>\n<div class=\"background-grey\">\n<h2 style=\"text-align: center\">Professur f\u00fcr Verwaltungswissenschaft,<br \/>\ninsbesondere Steuerung \u00f6ffentlicher Organisationen<\/h2>\n<h3 style=\"text-align: center\"><a href=\"https:\/\/www.hsu-hh.de\/verwwiss\/schaefer\" target=\"_blank\" rel=\"noopener\"><em><abbr title=\"Professor\">Prof.<\/abbr> <abbr title=\"Doktor\">Dr.<\/abbr> Christina Schaefer<\/em><\/a><\/h3>\n<\/div>\n<p>Informationen \u00fcber Kontaktdaten oder Sprechzeiten von <abbr title=\"Professor\">Prof.<\/abbr> <abbr title=\"Doktor\">Dr.<\/abbr> Schaefer oder ihren Mitarbeitern finden Sie <a href=\"https:\/\/www.hsu-hh.de\/verwwiss\/team-1\">hier<\/a>.<\/p>\n<p>Informationen zu den Lehrveranstaltungen des aktuellen Trimesters sowie zu den Formalia, welche bei der Anmeldung oder Bearbeitung von Studienarbeiten beachtet werden m\u00fcssen, finden Sie <a href=\"https:\/\/www.hsu-hh.de\/verwwiss\/lehre\">hier<\/a>.<\/p>\n<p>Informationen zu aktuellen Forschungsvorhaben oder abgeschlossenen Forschungsprojekten finden Sie <a href=\"https:\/\/www.hsu-hh.de\/verwwiss\/forschung\">hier<\/a>.<\/p>\n<div class=\"clearfix\">\n<h3 style=\"text-align: center\">Neuigkeiten<\/h3>\n<\/div>\n<p style=\"text-align: center\">\n","protected":false},"excerpt":{"rendered":"<p>Professur f\u00fcr Verwaltungswissenschaft, insbesondere Steuerung \u00f6ffentlicher Organisationen Prof. Dr. Christina Schaefer Informationen \u00fcber Kontaktdaten oder Sprechzeiten von Prof. Dr. Schaefer oder ihren Mitarbeitern finden Sie hier. Informationen zu den Lehrveranstaltungen [&hellip;]<\/p>\n","protected":false},"author":1,"featured_media":0,"parent":0,"menu_order":0,"comment_status":"closed","ping_status":"closed","template":"faculty.php","meta":{"footnotes":""},"categories":[35],"tags":[],"class_list":["post-73","page","type-page","status-publish","hentry","category-startseite"],"_links":{"self":[{"href":"https:\/\/www.hsu-hh.de\/verwwiss\/wp-json\/wp\/v2\/pages\/73","targetHints":{"allow":["GET"]}}],"collection":[{"href":"https:\/\/www.hsu-hh.de\/verwwiss\/wp-json\/wp\/v2\/pages"}],"about":[{"href":"https:\/\/www.hsu-hh.de\/verwwiss\/wp-json\/wp\/v2\/types\/page"}],"author":[{"embeddable":true,"href":"https:\/\/www.hsu-hh.de\/verwwiss\/wp-json\/wp\/v2\/users\/1"}],"replies":[{"embeddable":true,"href":"https:\/\/www.hsu-hh.de\/verwwiss\/wp-json\/wp\/v2\/comments?post=73"}],"version-history":[{"count":32,"href":"https:\/\/www.hsu-hh.de\/verwwiss\/wp-json\/wp\/v2\/pages\/73\/revisions"}],"predecessor-version":[{"id":1242,"href":"https:\/\/www.hsu-hh.de\/verwwiss\/wp-json\/wp\/v2\/pages\/73\/revisions\/1242"}],"wp:attachment":[{"href":"https:\/\/www.hsu-hh.de\/verwwiss\/wp-json\/wp\/v2\/media?parent=73"}],"wp:term":[{"taxonomy":"category","embeddable":true,"href":"https:\/\/www.hsu-hh.de\/verwwiss\/wp-json\/wp\/v2\/categories?post=73"},{"taxonomy":"post_tag","embeddable":true,"href":"https:\/\/www.hsu-hh.de\/verwwiss\/wp-json\/wp\/v2\/tags?post=73"}],"curies":[{"name":"wp","href":"https:\/\/api.w.org\/{rel}","templated":true}]}}