{"id":138,"date":"2018-01-24T10:35:34","date_gmt":"2018-01-24T09:35:34","guid":{"rendered":"https:\/\/www.hsu-hh.de\/verwwiss\/?page_id=138"},"modified":"2023-02-09T11:17:57","modified_gmt":"2023-02-09T10:17:57","slug":"lehre","status":"publish","type":"page","link":"https:\/\/www.hsu-hh.de\/verwwiss\/lehre","title":{"rendered":"Lehre"},"content":{"rendered":"\n<h3 class=\"wp-block-heading\">Aktuelles Trimester<\/h3>\n\n\n\n<p>Auf alle Unterlagen zu den jeweiligen Kursen kann bei Ilias zugegriffen werden.<\/p>\n\n\n\n<hr class=\"wp-block-separator has-alpha-channel-opacity\" \/>\n\n\n\n<p><strong>Formalia zu Studienarbeiten<\/strong><\/p>\n\n\n\n<p>Bitte nutzen Sie die nachstehend verlinkten Formbl\u00e4tter f\u00fcr wissenschaftliche Arbeiten oder zur Bewerbung f\u00fcr die Betreuung Ihrer Abschlussarbeit. Die Dokumente stammen von der Seite des Pr\u00fcfungsamts, weshalb Sie <abbr title=\"gegebenenfalls\">ggf.<\/abbr> \u00fcber das Intranet der <abbr title=\"Helmut Schmidt Universit\u00e4t\">HSU<\/abbr> angemeldet sein m\u00fcssen, um auf diese zuzugreifen.<\/p>\n\n\n\n<p><strong>Wissenschaftliche Formalia<\/strong><\/p>\n\n\n\n<p>F\u00fcr <strong>alle wissenschaftlichen Arbeiten<\/strong> orientieren Sie sich bitte an den&nbsp;<a href=\"https:\/\/www.hsu-hh.de\/verwwiss\/wp-content\/uploads\/sites\/695\/2020\/05\/Richtlinie-f\u00fcr-die-Anfertigung-von-wissenschaftlichen-Arbeiten-2014.pdf\">Richtlinien f\u00fcr die Anfertigung von wissenschaftlichen Arbeiten<\/a>, wie sie von der Professur f\u00fcr <abbr title=\"Betriebswirtschaftslehre\">BWL<\/abbr>, insbesondere Leadership and Labour Relations ausgearbeitet wurden und von der Professur f\u00fcr <abbr title=\"Betriebswirtschaftslehre\">BWL<\/abbr>, insbesondere Ogranisationstheorie bereitgestellt werden. Hier finden Sie auf Seite 5 auch die Verpflichtungserkl\u00e4rung f\u00fcr Ihre wissenschaftliche Studienarbeit.<\/p>\n\n\n\n<p>Ein genormtes Deckblatt steht als Download&nbsp;<a href=\"https:\/\/www.hsu-hh.de\/verwwiss\/wp-content\/uploads\/sites\/695\/2021\/05\/Deckblatt_Pruefungen.pdf\">hier<\/a>&nbsp;zur Verf\u00fcgung.<\/p>\n\n\n\n<p><strong>Literaturhinweise zum wissenschaftlichen Arbeiten<\/strong> <strong>zu allgemeinen Monographien<\/strong><\/p>\n\n\n\n<ul class=\"wp-block-list\">\n<li>B\u00e4nsch 2009: Wissenschaftliches Arbeiten.<\/li>\n\n\n\n<li>Kornmeier 2007: Wissenschaftstheorie und wissenschaftliches Arbeiten: Eine Einf\u00fchrung f\u00fcr Wirtschaftswissenschaftler.<\/li>\n\n\n\n<li>Theisen 2005: Wissenschaftliches Arbeiten.<\/li>\n\n\n\n<li>Stickel-Wolf \/ Wolf 2006: Wissenschaftliches Arbeiten.<\/li>\n<\/ul>\n\n\n\n<p><strong>Literaturhinweise zum wissenschaftlichen Arbeiten zu einzelnen Methoden<\/strong><\/p>\n\n\n\n<ul class=\"wp-block-list\">\n<li>Berg 2006: Fallstudien als Methode betriebswirtschaftlicher Forschung, in: WiSt, S. 362-367.<\/li>\n\n\n\n<li>Borchard \/ G\u00f6thlich 2007: Erkenntnisgewinnung durch Fallstudien, in: Albers et al 2007 (<abbr title=\"Herausgeber\">Hrsg.<\/abbr>): Methodik der empirischen Forschung, S. 33-48.<\/li>\n\n\n\n<li>Kirchhoff et al 2010: Der Fragebogen: Datenbasis, Konstruktion und Auswertung.<br>Porst 2009: Fragebogen &#8211; Ein Arbeitsbuch.<\/li>\n<\/ul>\n\n\n\n<p>Gelegentlich bietet die Universit\u00e4tsbibliothek Fortbildungsangebote f\u00fcr diesen Themenkreis an, die sehr zu empfehlen sind!<\/p>\n\n\n\n<hr class=\"wp-block-separator has-alpha-channel-opacity\" \/>\n\n\n\n<p><strong>Anmeldung zu Abschlussarbeiten<\/strong><\/p>\n\n\n\n<p>Wenn Sie sich f\u00fcr eine <strong>Bachelor-<\/strong> oder <strong>Masterarbeit<\/strong> bei der Professur interessieren, nutzen Sie bitte unsere Formulare zur Bewerbung. Diese Dokumente stammen von der Seite des Pr\u00fcfungsamts. Um auf diese zuzugreifen, m\u00fcssen Sie daher <abbr title=\"gegebenenfalls\">ggf.<\/abbr> \u00fcber das Intranet der <abbr title=\"Helmut Schmidt Universit\u00e4t\">HSU<\/abbr> angemeldet sein.<\/p>\n\n\n\n<p><strong>Zulassung zur&nbsp; Bachelor-\/Masterarbeit<\/strong><br>Der Antrag beim Pr\u00fcfungsausschuss ben\u00f6tigt eine Unterschrift von <abbr><abbr title=\"Professor\">Prof.<\/abbr> <abbr title=\"Doktor\">Dr.<\/abbr> Schaefer. Sie k\u00f6nnen den ausgef\u00fcllten Antrag per Hauspost schicken oder zu den Sprechzeiten einreichen. Die Antr\u00e4ge werden anschlie\u00dfend an das Pr\u00fcfungsamt weitergeleitet.<\/p>\n\n\n\n<p><strong>Abgabe<\/strong><br>Die Abgabe der Arbeit erfolgt beim Pr\u00fcfungsamt gem\u00e4\u00df der aktuell geltenden Studienpr\u00fcfungsordnung.<\/p>\n","protected":false},"excerpt":{"rendered":"<p>Aktuelles Trimester Auf alle Unterlagen zu den jeweiligen Kursen kann bei Ilias zugegriffen werden. Formalia zu Studienarbeiten Bitte nutzen Sie die nachstehend verlinkten Formbl\u00e4tter f\u00fcr wissenschaftliche Arbeiten oder zur Bewerbung [&hellip;]<\/p>\n","protected":false},"author":162,"featured_media":0,"parent":0,"menu_order":0,"comment_status":"closed","ping_status":"closed","template":"","meta":{"footnotes":""},"categories":[4],"tags":[],"class_list":["post-138","page","type-page","status-publish","hentry","category-nahrichten"],"_links":{"self":[{"href":"https:\/\/www.hsu-hh.de\/verwwiss\/wp-json\/wp\/v2\/pages\/138","targetHints":{"allow":["GET"]}}],"collection":[{"href":"https:\/\/www.hsu-hh.de\/verwwiss\/wp-json\/wp\/v2\/pages"}],"about":[{"href":"https:\/\/www.hsu-hh.de\/verwwiss\/wp-json\/wp\/v2\/types\/page"}],"author":[{"embeddable":true,"href":"https:\/\/www.hsu-hh.de\/verwwiss\/wp-json\/wp\/v2\/users\/162"}],"replies":[{"embeddable":true,"href":"https:\/\/www.hsu-hh.de\/verwwiss\/wp-json\/wp\/v2\/comments?post=138"}],"version-history":[{"count":30,"href":"https:\/\/www.hsu-hh.de\/verwwiss\/wp-json\/wp\/v2\/pages\/138\/revisions"}],"predecessor-version":[{"id":1137,"href":"https:\/\/www.hsu-hh.de\/verwwiss\/wp-json\/wp\/v2\/pages\/138\/revisions\/1137"}],"wp:attachment":[{"href":"https:\/\/www.hsu-hh.de\/verwwiss\/wp-json\/wp\/v2\/media?parent=138"}],"wp:term":[{"taxonomy":"category","embeddable":true,"href":"https:\/\/www.hsu-hh.de\/verwwiss\/wp-json\/wp\/v2\/categories?post=138"},{"taxonomy":"post_tag","embeddable":true,"href":"https:\/\/www.hsu-hh.de\/verwwiss\/wp-json\/wp\/v2\/tags?post=138"}],"curies":[{"name":"wp","href":"https:\/\/api.w.org\/{rel}","templated":true}]}}