{"id":1141,"date":"2023-02-09T11:23:46","date_gmt":"2023-02-09T10:23:46","guid":{"rendered":"https:\/\/www.hsu-hh.de\/verwwiss\/?page_id=1141"},"modified":"2023-02-09T12:59:18","modified_gmt":"2023-02-09T11:59:18","slug":"aktuelle-forschungsvorhaben","status":"publish","type":"page","link":"https:\/\/www.hsu-hh.de\/verwwiss\/aktuelle-forschungsvorhaben","title":{"rendered":"Aktuelle Forschungsvorhaben"},"content":{"rendered":"\n<p><\/p>\n\n\n\n<ul class=\"wp-block-list\">\n<li>Smarte Systeme: Erh\u00f6hung der Nutzungsqualit\u00e4t von E-Government<br>Das \u00fcbergeordnete Ziel des Projektes ist es, die Nutzungsqualit\u00e4t und -intensit\u00e4t von E-Government auf lokaler Ebene zu erh\u00f6hen und so einen wichtigen Beitrag zur Steigerung der digitalen Souver\u00e4nit\u00e4t Deutschlands auf kommunaler Ebene zu leisten. Erreicht werden soll dies mit der Entwicklung einer Smarten Systemarchitektur f\u00fcr kommunales E-Government durch drei distinkte Outputs, 1) der Entwicklung eines Demonstrators zur Digitalisierung des kommunalen Bauwesens zusammen mit der Stadt Ludwigsburg (\u201eDigitales Bauamt\u201c), 2) der Entwicklung eines Fortbildungsprogramms f\u00fcr Kommunen zur systematischen, interaktiven und didaktisch spezifischen Vermittlung des im Projekt neu erarbeiteten Wissens (\u201eHybride Weiterbildungskonzepte\u201c) und 3) der Entwicklung einer Blaupause f\u00fcr E-Government auf kommunaler Ebene (\u201eBlaupause\u201c). Eine enge konzeptionelle und inhaltliche Verzahnung von Theorie und Praxis wird durch iterative und rekursive Ausgestaltung des Forschungsprozesses sichergestellt. Hier geht es zur <a href=\"https:\/\/dtecbw.de\/home\/forschung\/hsu\/projekt-smart-systeme\" target=\"_blank\" rel=\"noreferrer noopener\">Homepage<\/a><br><br>\n<ul class=\"wp-block-list\"><\/ul>\n<\/li>\n\n\n\n<li>Smart und agil, statt entleert und abgeh\u00e4ngt: Den digitalen Wandel im l\u00e4ndlichen Raum gestalten<br>Das \u00fcbergeordnete Ziel des Projektes ist es, nachhaltige Entwicklungsimpulse f\u00fcr die digitale Daseinsvorsorge in ausgew\u00e4hlten l\u00e4ndlichen Regionen zu setzen, um damit zur Herstellung <abbr title=\"beziehungsweise\">bzw.<\/abbr> Erhaltung gleichwertiger Lebensverh\u00e4ltnisse beizutragen. Die Weiterentwicklung des Angebots an digitaler \u00f6ffentlicher Infrastruktur im l\u00e4ndlichen Raum wird im Kontext dieses Projektes nicht nur als technische, sondern auch und gerade als eine wirtschaftliche, politisch-administrative, soziale und kulturelle Herausforderung verstanden. Der Mehrwert des Projektes besteht in der Zusammenf\u00fchrung von zwei aktuellen Reformstr\u00e4ngen: der Debatte \u00fcber digitale Innovationen in Staat und Verwaltung und die Diskussion \u00fcber Start-ups, Social Entrepreneurs und Hochschulen als Innovationsakteure, gerade auch in strukturschwachen, l\u00e4ndlichen R\u00e4umen. Das Projekt hat vor dem Hintergrund der anhaltenden \u00f6ffentlichen Debatte \u00fcber die Herstellung von <abbr title=\"beziehungsweise\">bzw.<\/abbr> die Gew\u00e4hrleistung von gleichwertigen Lebensverh\u00e4ltnissen in Deutschland nicht nur eine hohe wirtschaftliche, sondern auch eine politische und gesellschaftliche Relevanz. Hier geht es zur <a href=\"https:\/\/dtecbw.de\/home\/forschung\/hsu\" target=\"_blank\" rel=\"noreferrer noopener\">Homepage<\/a><br><br><\/li>\n\n\n\n<li><strong>CIRIEC-Projekt: Joint production and co-production of public goods and commons 2019-2020 (<a href=\"http:\/\/www.ciriec.uliege.be\/en\/research\/transversal-working-group\/transversal-themes\/joint-production-and-co-production-of-public-goods-and-commons\" target=\"_blank\" rel=\"noreferrer noopener\">Link<\/a>)<br><\/strong>(Benjamin Friedl\u00e4nder und Christina Schaefer)<br>The purpose of this publication-project is to carry out an in-depth analysis of the institutional transformation of public service provision and to study their impact on the deployment of new modes of governance. The research will be deployed via working groups dealing in particular with:<br>The role played by public and social economy organisations\/enterprises in the joint production and co-production of public goods and commons in those new collective action processes, and the impact of those new multi-partner governance forms with respect to sustainable development at local and\/or global level.<br>Possible complementarity and synergy between public and social economy organisations, in a perspective of co-construction of collective action according to new logics of general interest and sustainable development.<br>Public policies to stimulate or facilitate the joint action of public and\/or social economy organisations\/enterprises in the production of common and public goods, and the possible emergence of a new paradigm of collective action based on those partnerships.<br>The alternative between either the co-construction of public policies or the joint production of public goods and commons.<br>Benjamin Friedl\u00e4nder und Christina Schaefer beteiligen sich an dem Forschungsprojekt mit einem gemeinsamen Beitrag zum Thema &#8222;Co-production of Public Goods in Shrinking Rural Regions in Germany: Why Does Public Action Still Matter?&#8220;.<br><br><\/li>\n\n\n\n<li>Drittmittelprojekt: Geschlechterforschung Controllerinnen, Drittmittelgeber: Bundesagentur f\u00fcr Arbeit, Laufzeit 16.05.2019-28.02.2021. Projektmitarbeiter: Jan Dumkow<br>Die Geschlechterforschung in der <abbr title=\"Betriebswirtschaftslehre\">BWL<\/abbr> nimmt immer noch einen weitgehend marginalen Bestandteil der wissenschaftlichen Diskussion ein. W\u00e4hrend in Teilgebieten des Personalmanagements \u00fcber Gender Studies oder Diversity- <abbr title=\"beziehungsweise\">bzw.<\/abbr> Gender-Mainstreaming-Ans\u00e4tzen mittlerweile eine gute Datenbasis besteht, existieren in Teilbereichen wie dem Controlling bislang kaum wissenschaftlich fundierte Ergebnisse. In diesem Bereich soll das Projekt ansetzen und die Datenbasis, sowie den wissenschaftlichen Diskurs voranbringen und unterst\u00fctzen.<\/li>\n<\/ul>\n","protected":false},"excerpt":{"rendered":"","protected":false},"author":2389,"featured_media":0,"parent":0,"menu_order":0,"comment_status":"closed","ping_status":"closed","template":"","meta":{"footnotes":""},"categories":[4],"tags":[],"class_list":["post-1141","page","type-page","status-publish","hentry","category-nahrichten"],"_links":{"self":[{"href":"https:\/\/www.hsu-hh.de\/verwwiss\/wp-json\/wp\/v2\/pages\/1141","targetHints":{"allow":["GET"]}}],"collection":[{"href":"https:\/\/www.hsu-hh.de\/verwwiss\/wp-json\/wp\/v2\/pages"}],"about":[{"href":"https:\/\/www.hsu-hh.de\/verwwiss\/wp-json\/wp\/v2\/types\/page"}],"author":[{"embeddable":true,"href":"https:\/\/www.hsu-hh.de\/verwwiss\/wp-json\/wp\/v2\/users\/2389"}],"replies":[{"embeddable":true,"href":"https:\/\/www.hsu-hh.de\/verwwiss\/wp-json\/wp\/v2\/comments?post=1141"}],"version-history":[{"count":8,"href":"https:\/\/www.hsu-hh.de\/verwwiss\/wp-json\/wp\/v2\/pages\/1141\/revisions"}],"predecessor-version":[{"id":1184,"href":"https:\/\/www.hsu-hh.de\/verwwiss\/wp-json\/wp\/v2\/pages\/1141\/revisions\/1184"}],"wp:attachment":[{"href":"https:\/\/www.hsu-hh.de\/verwwiss\/wp-json\/wp\/v2\/media?parent=1141"}],"wp:term":[{"taxonomy":"category","embeddable":true,"href":"https:\/\/www.hsu-hh.de\/verwwiss\/wp-json\/wp\/v2\/categories?post=1141"},{"taxonomy":"post_tag","embeddable":true,"href":"https:\/\/www.hsu-hh.de\/verwwiss\/wp-json\/wp\/v2\/tags?post=1141"}],"curies":[{"name":"wp","href":"https:\/\/api.w.org\/{rel}","templated":true}]}}