{"id":1102,"date":"2023-02-09T10:45:40","date_gmt":"2023-02-09T09:45:40","guid":{"rendered":"https:\/\/www.hsu-hh.de\/verwwiss\/?page_id=1102"},"modified":"2025-03-17T10:06:08","modified_gmt":"2025-03-17T09:06:08","slug":"jan-dumkow","status":"publish","type":"page","link":"https:\/\/www.hsu-hh.de\/verwwiss\/jan-dumkow","title":{"rendered":"Dr. Jan Dumkow"},"content":{"rendered":"<div class=\"wp-block-image\">\n<figure class=\"alignright size-large is-resized\"><img loading=\"lazy\" decoding=\"async\" width=\"1024\" height=\"683\" src=\"https:\/\/www.hsu-hh.de\/verwwiss\/wp-content\/uploads\/sites\/695\/2025\/03\/20250303_Dumkow_Dr_Jan_Portraits_1041_CG_s-1024x683.jpg\" data-credit=\"HSU\/Gelhausen\" alt=\"Bild Dr. Jan Dumkow\" class=\"wp-image-1278\" style=\"width:393px;height:auto\" srcset=\"https:\/\/www.hsu-hh.de\/verwwiss\/wp-content\/uploads\/sites\/695\/2025\/03\/20250303_Dumkow_Dr_Jan_Portraits_1041_CG_s-1024x683.jpg 1024w, https:\/\/www.hsu-hh.de\/verwwiss\/wp-content\/uploads\/sites\/695\/2025\/03\/20250303_Dumkow_Dr_Jan_Portraits_1041_CG_s-300x200.jpg 300w, https:\/\/www.hsu-hh.de\/verwwiss\/wp-content\/uploads\/sites\/695\/2025\/03\/20250303_Dumkow_Dr_Jan_Portraits_1041_CG_s-768x512.jpg 768w, https:\/\/www.hsu-hh.de\/verwwiss\/wp-content\/uploads\/sites\/695\/2025\/03\/20250303_Dumkow_Dr_Jan_Portraits_1041_CG_s-1536x1024.jpg 1536w, https:\/\/www.hsu-hh.de\/verwwiss\/wp-content\/uploads\/sites\/695\/2025\/03\/20250303_Dumkow_Dr_Jan_Portraits_1041_CG_s-2048x1365.jpg 2048w, https:\/\/www.hsu-hh.de\/verwwiss\/wp-content\/uploads\/sites\/695\/2025\/03\/20250303_Dumkow_Dr_Jan_Portraits_1041_CG_s-1100x733.jpg 1100w\" sizes=\"auto, (max-width: 1024px) 100vw, 1024px\" \/><\/figure>\n<\/div>\n\n\n<p><strong>Postanschrift<br><\/strong>Holstenhofweg 85<br>22043 Hamburg<br>Geb\u00e4ude H1, Raum 2501<\/p>\n\n\n\n<p><strong>Telefonnummer<br><\/strong>Tel. +49 (0)40 \u2013 65 41 2891<br>Fax +49 (0)40 \u2013 65 41 35 22<\/p>\n\n\n\n<p><strong>E-Mail-Adresse<br><\/strong>dumkow@hsu-hh.de<\/p>\n\n\n\n<p><strong>Sprechzeit<br><\/strong>nach Vereinbarung<\/p>\n\n\n\n<hr class=\"wp-block-separator has-alpha-channel-opacity\" \/>\n\n\n\n<p><strong>Werdegang<\/strong><\/p>\n\n\n\n<p><abbr title=\"Doktor\">Dr.<\/abbr> Jan Dumkow ist wissenschaftlicher Mitarbeiter und PostDoc an der Professur f\u00fcr Verwaltungswissenschaft, <abbr title=\"insbesondere\">insb.<\/abbr> Steuerung \u00f6ffentlicher Organisationen an der Helmut-Schmidt-Universit\u00e4t\/UniBW. Sein Bachelorstudium absolvierte Jan Dumkow in Betriebswirtschaft an der Hochschule Aschaffenburg und der St. Mary&#8217;s University in Halifax, Kanada. Es folgte ein Masterstudium in Business Development und Staatswissenschaften an der Leuphana Universit\u00e4t L\u00fcneburg inklusive eines Forschungsaufenthaltes an der University of Rwanda in Kigali. Neben der wissenschaftlichen Arbeit umfassen seine beruflichen Stationen praktische Erfahrungen in der Managementberatung, der Entwicklungszusammenarbeit sowie dem Forschungsmanagement.<\/p>\n\n\n\n<p>Ein zentrales Interesse von <abbr title=\"Doktor\">Dr.<\/abbr> Dumkow gilt der Frage, wie Menschen ohne eine gemeinsame Basis \u2013 etwa in Bezug auf Kultur, Disziplin oder (Fach-)Sprache \u2013 erfolgreich zusammenarbeiten k\u00f6nnen, um gesellschaftliche Herausforderungen zu bew\u00e4ltigen. In seiner theoretisch-konzeptionellen Dissertation mit dem Titel \u201e<em>Kooperationsformen \u00fcbergreifender Wissensproduktion: konzeptionelle Grundlagen und praktische Implikationen am Beispiel der Verwaltungswissenschaft<\/em>\u201c untersuchte er, wie verschiedene Zug\u00e4nge der Verwaltungswissenschaft \u00fcber ihre Grenzen hinweg zur gemeinsamen Wissensproduktion beitragen k\u00f6nnen. Auf dieser Grundlage forscht und lehrt Jan Dumkow zu Kooperations- und Koproduktionsformen zwischen ungleichen Partnern, wie etwa der Daseinsvorsorge im l\u00e4ndlichen Raum.<\/p>\n\n\n\n<p><strong>Forschungsinteressen:<\/strong><\/p>\n\n\n\n<p>Public Management; Daseinsvorsorge; Politikfeld Infrastruktur; Koproduktion; Interdisziplinarit\u00e4t; Transdisziplinarit\u00e4t; Wissenschaftsphilosophie<\/p>\n\n\n\n<p><strong>Publikationen:<\/strong><\/p>\n\n\n\n<p><em>Monografien<\/em><\/p>\n\n\n\n<p>Dumkow, Jan. (2025). <em>Kooperationsformen \u00fcbergreifender Wissensproduktion: konzeptionelle Grundlagen und praktische Implikationen am Beispiel der Verwaltungswissenschaft.<\/em> Nomos. <a href=\"https:\/\/www.nomos-elibrary.de\/de\/10.5771\/9783748949190\/kooperationsformen-uebergreifender-wissensproduktion?page=1\" data-type=\"link\" data-id=\"https:\/\/www.nomos-elibrary.de\/de\/10.5771\/9783748949190\/kooperationsformen-uebergreifender-wissensproduktion?page=1\" rel='nofollow'>https:\/\/doi.org\/10.5771\/9783748949190<\/a><\/p>\n\n\n\n<p><em>Artikel in referierten Fachzeitschriften<\/em><\/p>\n\n\n\n<p>Friedl\u00e4nder, B., Dumkow, J. &amp; Schaefer, C. (2023). Steuerung und Governance \u00f6ffentlicher Gro\u00dfprojekte: Theoretische Perspektiven und Implikationen f\u00fcr die Praxis. <em>dms \u2013 der moderne Staat \u2013 Zeitschrift f\u00fcr Public Policy, Recht und Management<\/em>, 2\/2023, 387-405. <a href=\"https:\/\/doi.org\/10.3224\/dms.v16i2.07\" rel='nofollow'>https:\/\/doi.org\/10.3224\/dms.v16i2.07 <span><a href=\"\" rel='nofollow'><img decoding=\"async\" title=\"Titel anhand dieser DOI in Citavi-Projekt \u00fcbernehmen\" class=\"citavipicker\" style=\"border: 0px none!important;width: 16px!important;height: 16px!important;margin-left:1px !important;margin-right:1px !important\" src=\"image\/svg+xml;base64,PD94bWwgdmVyc2lvbj0iMS4wIiBlbmNvZGluZz0idXRmLTgiPz48IURPQ1RZUEUgc3ZnIFBVQkxJQyAiLS8vVzNDLy9EVEQgU1ZHIDEuMS8vRU4iICJodHRwOi8vd3d3LnczLm9yZy9HcmFwaGljcy9TVkcvMS4xL0RURC9zdmcxMS5kdGQiPjxzdmcgdmVyc2lvbj0iMS4xIiBpZD0iRWJlbmVfMSIgeG1sbnM9Imh0dHA6Ly93d3cudzMub3JnLzIwMDAvc3ZnIiB4bWxuczp4bGluaz0iaHR0cDovL3d3dy53My5vcmcvMTk5OS94bGluayIgeD0iMHB4IiB5PSIwcHgiIHdpZHRoPSIxNnB4IiBoZWlnaHQ9IjE2cHgiIHZpZXdCb3g9IjAgMCAxNiAxNiIgZW5hYmxlLWJhY2tncm91bmQ9Im5ldyAwIDAgMTYgMTYiIHhtbDpzcGFjZT0icHJlc2VydmUiPjxnPjxnPjxwYXRoIGZpbGw9IiNGRkZGRkYiIGQ9Ik04LjAwMSwxNS41QzMuODY0LDE1LjUsMC41LDEyLjEzNiwwLjUsOGMwLTQuMTM1LDMuMzY1LTcuNSw3LjUwMS03LjVTMTUuNSwzLjg2NCwxNS41LDhTMTIuMTM3LDE1LjUsOC4wMDEsMTUuNXoiLz48cGF0aCBmaWxsPSIjRDUyQjFFIiBkPSJNOC4wMDEsMUMxMS44NiwxLDE1LDQuMTQxLDE1LDhzLTMuMTM5LDctNi45OTksN0M0LjE0LDE1LDEsMTEuODU5LDEsOFM0LjE0LDEsOC4wMDEsMSBNOC4wMDEsMEMzLjU4MiwwLDAsMy41ODIsMCw4czMuNTgyLDgsOC4wMDEsOEMxMi40MTgsMTYsMTYsMTIuNDE4LDE2LDhTMTIuNDE4LDAsOC4wMDEsMEw4LjAwMSwweiIvPjwvZz48cGF0aCBmaWxsPSIjRDUyQjFFIiBkPSJNNi43NDUsMTIuNTg5Yy0wLjIyNywwLjEyMi0wLjQ5NywwLjI0Ny0wLjY4NCwwLjI0N2MtMC4zMTgsMC0wLjUwMS0wLjE2NC0wLjUwMS0wLjQ1MmMwLTAuMjA3LDAuMTQtMC4zNzUsMC41OTUtMC42MjJjMS41NDktMC45MDQsMi41OTQtMi4yNzIsMi41OTQtMy43MjFjMC0wLjgyNS0wLjIyNy0xLjExOS0wLjY4MS0xLjExOWMtMC4xMzUsMC0wLjMyLDAuMjE5LTAuNjM2LDAuMjE5SDcuMTU3QzYuMTAyLDcuMTQzLDUuMzMzLDYuMjY0LDUuMzMzLDUuMjNjMC0xLjE1MiwwLjk1OC0yLjAwNiwyLjI4LTIuMDA2YzEuNzc3LDAsMy4wNTMsMS4zNzMsMy4wNTMsMy40M0MxMC42NjYsOS4yMTUsOS4yMDMsMTEuMjcsNi43NDUsMTIuNTg5Ii8+PC9nPjwvc3ZnPg\"><\/a><\/span><\/a><\/p>\n\n\n\n<p>Friedl\u00e4nder, B., Dumkow, J. &amp; Schaefer, C. (2023). \u00d6ffentliche Unternehmen und innovative \u00f6ffentliche Aufgabenerf\u00fcllung im l\u00e4ndlichen Raum am Beispiel des Politikfeldes \u201eInfrastruktur\u201c. <em>Zeitschrift f\u00fcr Gemeinwirtschaft und Gemeinwohl<\/em>, 1\/2023, 33-50. <a href=\"https:\/\/www.nomos-elibrary.de\/de\/10.5771\/2701-4193-2023-1-33\/oeffentliche-unternehmen-und-innovative-oeffentliche-aufgabenerfuellung-im-laendlichen-raum-am-beispiel-des-politikfeldes-infrastruktur-jahrgang-46-2023-heft-1?page=1\" data-type=\"link\" data-id=\"https:\/\/www.nomos-elibrary.de\/de\/10.5771\/2701-4193-2023-1-33\/oeffentliche-unternehmen-und-innovative-oeffentliche-aufgabenerfuellung-im-laendlichen-raum-am-beispiel-des-politikfeldes-infrastruktur-jahrgang-46-2023-heft-1?page=1\" rel='nofollow'>https:\/\/doi.org\/10.5771\/2701-4193-2023-1-33<\/a><a> <span><a href=\"\" rel='nofollow'><img decoding=\"async\" title=\"Titel anhand dieser DOI in Citavi-Projekt \u00fcbernehmen\" class=\"citavipicker\" style=\"border: 0px none!important;width: 16px!important;height: 16px!important;margin-left:1px !important;margin-right:1px !important\" src=\"image\/svg+xml;base64,PD94bWwgdmVyc2lvbj0iMS4wIiBlbmNvZGluZz0idXRmLTgiPz48IURPQ1RZUEUgc3ZnIFBVQkxJQyAiLS8vVzNDLy9EVEQgU1ZHIDEuMS8vRU4iICJodHRwOi8vd3d3LnczLm9yZy9HcmFwaGljcy9TVkcvMS4xL0RURC9zdmcxMS5kdGQiPjxzdmcgdmVyc2lvbj0iMS4xIiBpZD0iRWJlbmVfMSIgeG1sbnM9Imh0dHA6Ly93d3cudzMub3JnLzIwMDAvc3ZnIiB4bWxuczp4bGluaz0iaHR0cDovL3d3dy53My5vcmcvMTk5OS94bGluayIgeD0iMHB4IiB5PSIwcHgiIHdpZHRoPSIxNnB4IiBoZWlnaHQ9IjE2cHgiIHZpZXdCb3g9IjAgMCAxNiAxNiIgZW5hYmxlLWJhY2tncm91bmQ9Im5ldyAwIDAgMTYgMTYiIHhtbDpzcGFjZT0icHJlc2VydmUiPjxnPjxnPjxwYXRoIGZpbGw9IiNGRkZGRkYiIGQ9Ik04LjAwMSwxNS41QzMuODY0LDE1LjUsMC41LDEyLjEzNiwwLjUsOGMwLTQuMTM1LDMuMzY1LTcuNSw3LjUwMS03LjVTMTUuNSwzLjg2NCwxNS41LDhTMTIuMTM3LDE1LjUsOC4wMDEsMTUuNXoiLz48cGF0aCBmaWxsPSIjRDUyQjFFIiBkPSJNOC4wMDEsMUMxMS44NiwxLDE1LDQuMTQxLDE1LDhzLTMuMTM5LDctNi45OTksN0M0LjE0LDE1LDEsMTEuODU5LDEsOFM0LjE0LDEsOC4wMDEsMSBNOC4wMDEsMEMzLjU4MiwwLDAsMy41ODIsMCw4czMuNTgyLDgsOC4wMDEsOEMxMi40MTgsMTYsMTYsMTIuNDE4LDE2LDhTMTIuNDE4LDAsOC4wMDEsMEw4LjAwMSwweiIvPjwvZz48cGF0aCBmaWxsPSIjRDUyQjFFIiBkPSJNNi43NDUsMTIuNTg5Yy0wLjIyNywwLjEyMi0wLjQ5NywwLjI0Ny0wLjY4NCwwLjI0N2MtMC4zMTgsMC0wLjUwMS0wLjE2NC0wLjUwMS0wLjQ1MmMwLTAuMjA3LDAuMTQtMC4zNzUsMC41OTUtMC42MjJjMS41NDktMC45MDQsMi41OTQtMi4yNzIsMi41OTQtMy43MjFjMC0wLjgyNS0wLjIyNy0xLjExOS0wLjY4MS0xLjExOWMtMC4xMzUsMC0wLjMyLDAuMjE5LTAuNjM2LDAuMjE5SDcuMTU3QzYuMTAyLDcuMTQzLDUuMzMzLDYuMjY0LDUuMzMzLDUuMjNjMC0xLjE1MiwwLjk1OC0yLjAwNiwyLjI4LTIuMDA2YzEuNzc3LDAsMy4wNTMsMS4zNzMsMy4wNTMsMy40M0MxMC42NjYsOS4yMTUsOS4yMDMsMTEuMjcsNi43NDUsMTIuNTg5Ii8+PC9nPjwvc3ZnPg\"><\/a><\/span><\/a><\/p>\n\n\n\n<p><\/p>\n","protected":false},"excerpt":{"rendered":"<p>PostanschriftHolstenhofweg 8522043 HamburgGeb\u00e4ude H1, Raum 2501 TelefonnummerTel. +49 (0)40 \u2013 65 41 2891Fax +49 (0)40 \u2013 65 41 35 22 E-Mail-Adressedumkow@hsu-hh.de Sprechzeitnach Vereinbarung Werdegang Dr. Jan Dumkow ist wissenschaftlicher Mitarbeiter [&hellip;]<\/p>\n","protected":false},"author":2389,"featured_media":0,"parent":0,"menu_order":0,"comment_status":"closed","ping_status":"closed","template":"","meta":{"footnotes":""},"categories":[4],"tags":[],"class_list":["post-1102","page","type-page","status-publish","hentry","category-nahrichten"],"_links":{"self":[{"href":"https:\/\/www.hsu-hh.de\/verwwiss\/wp-json\/wp\/v2\/pages\/1102","targetHints":{"allow":["GET"]}}],"collection":[{"href":"https:\/\/www.hsu-hh.de\/verwwiss\/wp-json\/wp\/v2\/pages"}],"about":[{"href":"https:\/\/www.hsu-hh.de\/verwwiss\/wp-json\/wp\/v2\/types\/page"}],"author":[{"embeddable":true,"href":"https:\/\/www.hsu-hh.de\/verwwiss\/wp-json\/wp\/v2\/users\/2389"}],"replies":[{"embeddable":true,"href":"https:\/\/www.hsu-hh.de\/verwwiss\/wp-json\/wp\/v2\/comments?post=1102"}],"version-history":[{"count":17,"href":"https:\/\/www.hsu-hh.de\/verwwiss\/wp-json\/wp\/v2\/pages\/1102\/revisions"}],"predecessor-version":[{"id":1282,"href":"https:\/\/www.hsu-hh.de\/verwwiss\/wp-json\/wp\/v2\/pages\/1102\/revisions\/1282"}],"wp:attachment":[{"href":"https:\/\/www.hsu-hh.de\/verwwiss\/wp-json\/wp\/v2\/media?parent=1102"}],"wp:term":[{"taxonomy":"category","embeddable":true,"href":"https:\/\/www.hsu-hh.de\/verwwiss\/wp-json\/wp\/v2\/categories?post=1102"},{"taxonomy":"post_tag","embeddable":true,"href":"https:\/\/www.hsu-hh.de\/verwwiss\/wp-json\/wp\/v2\/tags?post=1102"}],"curies":[{"name":"wp","href":"https:\/\/api.w.org\/{rel}","templated":true}]}}