{"id":1094,"date":"2023-02-09T10:40:12","date_gmt":"2023-02-09T09:40:12","guid":{"rendered":"https:\/\/www.hsu-hh.de\/verwwiss\/?page_id=1094"},"modified":"2023-02-21T13:30:30","modified_gmt":"2023-02-21T12:30:30","slug":"christian-haseloff-m-sc","status":"publish","type":"page","link":"https:\/\/www.hsu-hh.de\/verwwiss\/christian-haseloff-m-sc","title":{"rendered":"Christian Haseloff, M. Sc."},"content":{"rendered":"\n<p><strong>Postanschrift<\/strong><br>Holstenhofweg 85<br>22043 Hamburg<br>Geb\u00e4ude H1, Raum 2508<\/p>\n\n\n\n<p><strong>Telefonnummer<\/strong><br>040-6541-2786<\/p>\n\n\n\n<p><strong>E-Mail-Adresse<\/strong><br>haselofc@hsu-hh.de<\/p>\n\n\n\n<p><strong>Sprechzeit<\/strong><br>nach Vereinbarung<\/p>\n\n\n\n<hr class=\"wp-block-separator has-alpha-channel-opacity\" \/>\n\n\n\n<p><strong>Lebenslauf<\/strong><\/p>\n\n\n\n<ul class=\"wp-block-list\">\n<li>seit 01.09.2018: Wissenschaftlicher Mitarbeiter am Lehrstuhl f\u00fcr Verwaltungswissenschaft, insbesondere Steuerung \u00f6ffentlicher Organisationen an der Helmut-Schmidt-Universit\u00e4t in Hamburg<\/li>\n\n\n\n<li>07.2017-08.2018: Wissenschaftliche Lehrkraft an der Hochschule der Bundesagentur f\u00fcr Arbeit in Schwerin<\/li>\n\n\n\n<li>09.2016: Master of Science Volkswirtschaftslehre mit dem Schwerpunkt \u00d6konometrie an der Universit\u00e4t Rostock<\/li>\n\n\n\n<li>04.2016-09.2016: Studentische Hilfskraft am Lehrstuhl f\u00fcr Statistik und \u00d6konometrie an der Universit\u00e4t Rostock<\/li>\n\n\n\n<li>04.2016-09.2016: Studentische Hilfskraft am Lehrstuhl f\u00fcr&nbsp;Mikro\u00f6konomie&nbsp;an der Universit\u00e4t Rostock<\/li>\n\n\n\n<li>04.2016-09.2016: Studentische Hilfskraft am Lehrstuhl f\u00fcr&nbsp;Finanzwissenschaften an der Universit\u00e4t Rostock<\/li>\n\n\n\n<li>02.2014: Bachelor of Science Wirtschaftswissenschaften an der Universit\u00e4t Rotock<\/li>\n<\/ul>\n\n\n\n<hr class=\"wp-block-separator has-alpha-channel-opacity\" \/>\n\n\n\n<p><strong>Publikationen<\/strong><\/p>\n\n\n\n<ul class=\"wp-block-list\">\n<li>Haseloff, C. (2020). Infra- und Suprastrukturen: Ein Ansatz zur Weiterentwicklung des Infrastrukturbegriffs. InfrastrukturRecht (IR) &#8211; Energie, Verkehr, Abfall, Wasser, 17(1), 30\u201333.<\/li>\n<\/ul>\n","protected":false},"excerpt":{"rendered":"<p>PostanschriftHolstenhofweg 8522043 HamburgGeb\u00e4ude H1, Raum 2508 Telefonnummer040-6541-2786 E-Mail-Adressehaselofc@hsu-hh.de Sprechzeitnach Vereinbarung Lebenslauf Publikationen<\/p>\n","protected":false},"author":2389,"featured_media":0,"parent":0,"menu_order":0,"comment_status":"closed","ping_status":"closed","template":"","meta":{"footnotes":""},"categories":[4],"tags":[],"class_list":["post-1094","page","type-page","status-publish","hentry","category-nahrichten"],"_links":{"self":[{"href":"https:\/\/www.hsu-hh.de\/verwwiss\/wp-json\/wp\/v2\/pages\/1094","targetHints":{"allow":["GET"]}}],"collection":[{"href":"https:\/\/www.hsu-hh.de\/verwwiss\/wp-json\/wp\/v2\/pages"}],"about":[{"href":"https:\/\/www.hsu-hh.de\/verwwiss\/wp-json\/wp\/v2\/types\/page"}],"author":[{"embeddable":true,"href":"https:\/\/www.hsu-hh.de\/verwwiss\/wp-json\/wp\/v2\/users\/2389"}],"replies":[{"embeddable":true,"href":"https:\/\/www.hsu-hh.de\/verwwiss\/wp-json\/wp\/v2\/comments?post=1094"}],"version-history":[{"count":5,"href":"https:\/\/www.hsu-hh.de\/verwwiss\/wp-json\/wp\/v2\/pages\/1094\/revisions"}],"predecessor-version":[{"id":1111,"href":"https:\/\/www.hsu-hh.de\/verwwiss\/wp-json\/wp\/v2\/pages\/1094\/revisions\/1111"}],"wp:attachment":[{"href":"https:\/\/www.hsu-hh.de\/verwwiss\/wp-json\/wp\/v2\/media?parent=1094"}],"wp:term":[{"taxonomy":"category","embeddable":true,"href":"https:\/\/www.hsu-hh.de\/verwwiss\/wp-json\/wp\/v2\/categories?post=1094"},{"taxonomy":"post_tag","embeddable":true,"href":"https:\/\/www.hsu-hh.de\/verwwiss\/wp-json\/wp\/v2\/tags?post=1094"}],"curies":[{"name":"wp","href":"https:\/\/api.w.org\/{rel}","templated":true}]}}