{"id":1070,"date":"2023-02-09T10:17:41","date_gmt":"2023-02-09T09:17:41","guid":{"rendered":"https:\/\/www.hsu-hh.de\/verwwiss\/?page_id=1070"},"modified":"2025-12-16T08:20:23","modified_gmt":"2025-12-16T07:20:23","slug":"lebenslauf-schaefer","status":"publish","type":"page","link":"https:\/\/www.hsu-hh.de\/verwwiss\/lebenslauf-schaefer","title":{"rendered":"Lebenslauf"},"content":{"rendered":"\n<p>07\/2024 &#8211; heute: Vizepr\u00e4sidentin Internationales an der Helmut-Schmidt Universit\u00e4t \/ UniBw H<\/p>\n\n\n\n<p>2017 \u2013 1\/2019: Dekanin der Fakult\u00e4t f\u00fcr Wirtschafts- und Sozialwissenschaften an der Helmut-Schmidt Universit\u00e4t \/ UniBw H<\/p>\n\n\n\n<p>2015 \u2013 2017: Prodekanin der Fakult\u00e4t f\u00fcr Wirtschafts- und Sozialwissenschaften an der Helmut-Schmidt Universit\u00e4t \/ UniBw H<\/p>\n\n\n\n<p>2010 \u2013 heute: Professorin f\u00fcr Verwaltungswissenschaft, insbes. Steuerung \u00f6ffentlicher Organisationen an der Helmut-Schmidt Universit\u00e4t \/ UniBw H<\/p>\n\n\n\n<p>2008: Ruf an die Zeppelin University Friedrichshafen auf eine Professur f\u00fcr \u00d6ffentliche Betriebswirtschaftslehre (abgelehnt)<\/p>\n\n\n\n<p>2004 \u2013 2009: Professorin f\u00fcr Public Management an der HTW Berlin<\/p>\n\n\n\n<p>2003: Habilitation an der Universit\u00e4t Hamburg, Venia Legendi in Allgemeiner Betriebswirtschaftslehre<\/p>\n\n\n\n<p>1997 \u2013 2004: Wissenschaftliche Assistentin an der Universit\u00e4t Hamburg, Institut f\u00fcr \u00d6ffentliche Wirtschaft und Personalwirtschaft<\/p>\n\n\n\n<p>1997: Promotion zum&nbsp;<abbr title=\"Doktor\">Dr.<\/abbr>&nbsp;<abbr title=\"rerum\">rer.<\/abbr>&nbsp;<abbr title=\"politicarum\">pol.<\/abbr>, Universit\u00e4t Hamburg<\/p>\n\n\n\n<p>1993 \u2013 1997: Wissenschaftliche Mitarbeiterin an der Universit\u00e4t Hamburg, Institut f\u00fcr \u00d6ffentliche Wirtschaft und Personalwirtschaft<\/p>\n\n\n\n<p>1991 \u2013 1997: Freiberufliche T\u00e4tigkeit als EDV- und Organisationsberaterin in Versicherungsunternehmen<\/p>\n\n\n\n<p>1988 \u2013 1993: Studium der Mathematik an der Universit\u00e4t Hamburg und Abschluss zur Diplom-Mathematikerin<\/p>\n\n\n\n<p>1988: Abitur<\/p>\n\n\n\n<p>1986: High School Diplom (Prospect Park, Pa. USA)<\/p>\n","protected":false},"excerpt":{"rendered":"<p>07\/2024 &#8211; heute: Vizepr\u00e4sidentin Internationales an der Helmut-Schmidt Universit\u00e4t \/ UniBw H 2017 \u2013 1\/2019: Dekanin der Fakult\u00e4t f\u00fcr Wirtschafts- und Sozialwissenschaften an der Helmut-Schmidt Universit\u00e4t \/ UniBw H 2015 [&hellip;]<\/p>\n","protected":false},"author":2389,"featured_media":0,"parent":0,"menu_order":0,"comment_status":"closed","ping_status":"closed","template":"","meta":{"footnotes":""},"categories":[4],"tags":[],"class_list":["post-1070","page","type-page","status-publish","hentry","category-nahrichten"],"_links":{"self":[{"href":"https:\/\/www.hsu-hh.de\/verwwiss\/wp-json\/wp\/v2\/pages\/1070","targetHints":{"allow":["GET"]}}],"collection":[{"href":"https:\/\/www.hsu-hh.de\/verwwiss\/wp-json\/wp\/v2\/pages"}],"about":[{"href":"https:\/\/www.hsu-hh.de\/verwwiss\/wp-json\/wp\/v2\/types\/page"}],"author":[{"embeddable":true,"href":"https:\/\/www.hsu-hh.de\/verwwiss\/wp-json\/wp\/v2\/users\/2389"}],"replies":[{"embeddable":true,"href":"https:\/\/www.hsu-hh.de\/verwwiss\/wp-json\/wp\/v2\/comments?post=1070"}],"version-history":[{"count":4,"href":"https:\/\/www.hsu-hh.de\/verwwiss\/wp-json\/wp\/v2\/pages\/1070\/revisions"}],"predecessor-version":[{"id":1296,"href":"https:\/\/www.hsu-hh.de\/verwwiss\/wp-json\/wp\/v2\/pages\/1070\/revisions\/1296"}],"wp:attachment":[{"href":"https:\/\/www.hsu-hh.de\/verwwiss\/wp-json\/wp\/v2\/media?parent=1070"}],"wp:term":[{"taxonomy":"category","embeddable":true,"href":"https:\/\/www.hsu-hh.de\/verwwiss\/wp-json\/wp\/v2\/categories?post=1070"},{"taxonomy":"post_tag","embeddable":true,"href":"https:\/\/www.hsu-hh.de\/verwwiss\/wp-json\/wp\/v2\/tags?post=1070"}],"curies":[{"name":"wp","href":"https:\/\/api.w.org\/{rel}","templated":true}]}}