{"id":641,"date":"2017-10-26T13:50:58","date_gmt":"2017-10-26T11:50:58","guid":{"rendered":"https:\/\/www.hsu-hh.de\/verwaltung\/?page_id=641"},"modified":"2026-01-08T08:01:49","modified_gmt":"2026-01-08T07:01:49","slug":"zustaendigkeiten-dezernat-iii","status":"publish","type":"page","link":"https:\/\/www.hsu-hh.de\/verwaltung\/zustaendigkeiten-dezernat-iii","title":{"rendered":"Abteilung III Rechts- und Pr\u00fcfungsangelegenheiten"},"content":{"rendered":"\n<div class=\"wp-block-columns is-layout-flex wp-container-core-columns-is-layout-9d6595d7 wp-block-columns-is-layout-flex\">\n<div class=\"wp-block-column is-layout-flow wp-block-column-is-layout-flow\">\n<div style=\"height:33px\" aria-hidden=\"true\" class=\"wp-block-spacer\"><\/div>\n<\/div>\n<\/div>\n\n\n\n<details class=\"wp-block-details has-medium-font-size is-layout-flow wp-block-details-is-layout-flow\" style=\"font-style:normal;font-weight:600\"><summary>Leitung<\/summary>\n<div style=\"height:44px\" aria-hidden=\"true\" class=\"wp-block-spacer\"><\/div>\n\n\n\n<p><abbr title=\"Doktor\">Dr.<\/abbr> iur. Andrea von Schroeders<br>Telefon: (040) 6541 3237<br>E-Mail: andrea.vonschroeders@hsu.hamburg<\/p>\n\n\n\n<p><strong>Vertreter:<\/strong><br><abbr title=\"Doktor\">Dr.<\/abbr> iur. Torsten Breder, Telefon: (040) 6541 3530 E-Mail: torsten.breder@hsu.hamburg<\/p>\n\n\n\n<p>Postanschrift<br>Helmut-Schmidt-Universit\u00e4t\/Universit\u00e4t der Bundeswehr Hamburg<br>Abteilung III<br>Postfach 700822<br>22008 Hamburg<\/p>\n\n\n\n<p>Besucheranschrift<br>Helmut-Schmidt-Universit\u00e4t\/Universit\u00e4t der Bundeswehr Hamburg<br>Abteilung III<br>Geb\u00e4ude H 11<br>Holstenhofweg 85<br>22043 Hamburg<\/p>\n\n\n\n<p>Fax: (040) 6541 2072<\/p>\n\n\n\n<div style=\"height:44px\" aria-hidden=\"true\" class=\"wp-block-spacer\"><\/div>\n<\/details>\n\n\n\n<details class=\"wp-block-details has-medium-font-size is-layout-flow wp-block-details-is-layout-flow\" style=\"font-style:normal;font-weight:600\"><summary>Dezernat III 1 Justitiariat<\/summary>\n<div style=\"height:44px\" aria-hidden=\"true\" class=\"wp-block-spacer\"><\/div>\n\n\n\n<p>Im Justitiariat werden u. a. die vielf\u00e4ltigen Rechtsangelegenheiten bearbeitet, die im akademischen Bereich anfallen.<br>Ein Schwerpunkt liegt dabei auf der Beratung der Universit\u00e4tsleitung, der Fakult\u00e4ten und des Pr\u00fcfungsamts\/Studiensekretariats in rechtlichen Einzelfragen aus dem Bereich des akademischen Rechts, ein anderer auf den Rechtsmittelverfahren in Pr\u00fcfungsangelegenheiten. Dar\u00fcber hinaus wird an der Weiterentwicklung von Rechtsnormen zur Regelung universit\u00e4rer Abl\u00e4ufe (z. B. Immatrikulationsordnung, Pr\u00fcfungsordnungen) mitgewirkt.<\/p>\n\n\n\n<p><em>zentrale E-Mail f\u00fcr alle Angelegenheiten: justitiariat@hsu-hh.de<\/em><\/p>\n\n\n\n<p style=\"text-decoration:underline\">Dezernatsleitung<\/p>\n\n\n\n<p>&nbsp;&nbsp;&nbsp;&nbsp;&nbsp;&nbsp; <abbr title=\"Doktor\">Dr.<\/abbr> iur. Torsten Breder<br>&nbsp;&nbsp;&nbsp;&nbsp;&nbsp;&nbsp; Telefon: (040) 6541 3530<br>&nbsp;&nbsp;&nbsp;&nbsp;&nbsp;&nbsp; E-Mail: torsten.breder@hsu.hamburg<\/p>\n\n\n\n<p style=\"text-decoration:underline\">Sachbearbeitung<\/p>\n\n\n\n<p>&nbsp;&nbsp;&nbsp;&nbsp;&nbsp;&nbsp; Julia M\u00f6ckelmann<br>&nbsp;&nbsp;&nbsp;&nbsp;&nbsp;&nbsp; Telefon: (040) 6541 3364<br>&nbsp;&nbsp;&nbsp;&nbsp;&nbsp;&nbsp; E-Mail: julia.moeckelmann@hsu.hamburg<\/p>\n\n\n\n<p>&nbsp;&nbsp;&nbsp;&nbsp;&nbsp;&nbsp; Nadine Rauschenberger<br>&nbsp;&nbsp;&nbsp;&nbsp;&nbsp;&nbsp; Telefon: (040) 6541 2281<br>&nbsp;&nbsp;&nbsp;&nbsp;&nbsp;&nbsp; E-Mail: nadine.rauschenberger@hsu.hamburg<\/p>\n\n\n\n<p style=\"text-decoration:underline\">Sachbearbeitung DTEC.Bw<\/p>\n\n\n\n<p>&nbsp;&nbsp;&nbsp;&nbsp;&nbsp;&nbsp; Sascha Richter<br>&nbsp;&nbsp;&nbsp;&nbsp;&nbsp;&nbsp; Telefon: (040) 6541 2950<br>&nbsp;&nbsp;&nbsp;&nbsp;&nbsp;&nbsp; E-Mail: richter.sascha@hsu.hamburg<\/p>\n\n\n\n<p>&nbsp;&nbsp;&nbsp;&nbsp;&nbsp;&nbsp; Angela Eiternick<br>&nbsp;&nbsp;&nbsp;&nbsp;&nbsp;&nbsp; Telefon: (040) 6541 3664<br>&nbsp;&nbsp;&nbsp;&nbsp;&nbsp;&nbsp; E-Mail: angela.eiternick@hsu.hamburg&nbsp;&nbsp;&nbsp;<\/p>\n\n\n\n<div style=\"height:44px\" aria-hidden=\"true\" class=\"wp-block-spacer\"><\/div>\n\n\n\n<div class=\"wp-block-columns is-layout-flex wp-container-core-columns-is-layout-9d6595d7 wp-block-columns-is-layout-flex\">\n<div class=\"wp-block-column is-layout-flow wp-block-column-is-layout-flow\"><\/div>\n<\/div>\n<\/details>\n\n\n\n<div class=\"wp-block-columns is-layout-flex wp-container-core-columns-is-layout-9d6595d7 wp-block-columns-is-layout-flex\">\n<div class=\"wp-block-column is-layout-flow wp-block-column-is-layout-flow\">\n<details class=\"wp-block-details has-medium-font-size is-layout-flow wp-block-details-is-layout-flow\" style=\"font-style:normal;font-weight:600\"><summary>Dezernat III 2 Pr\u00fcfungsamt\/Studiensekretariat<\/summary>\n<div style=\"height:44px\" aria-hidden=\"true\" class=\"wp-block-spacer\"><\/div>\n\n\n\n<p>Das Personal vom Pr\u00fcfungsamt\/Studiensekretariat ist Ansprechpartner f\u00fcr die verwaltungsm\u00e4\u00dfige Abwicklung der Studien- und Pr\u00fcfungsangelegenheiten.<\/p>\n\n\n\n<p>In den Aufgabenbereich Studiensekretariat geh\u00f6ren dabei grundlegende Vorg\u00e4nge wie Immatrikulation, R\u00fcckmeldung\/Beurlaubung vom Studium und Exmatrikulation sowie das F\u00fchren von Hochschulstatistiken und die Bearbeitung von Gasth\u00f6rerangelegenheiten.<\/p>\n\n\n\n<p>Im Aufgabenbereich Pr\u00fcfungsamt werden die Pr\u00fcfungsaussch\u00fcsse der Fakult\u00e4ten in ihrer Zust\u00e4ndigkeit f\u00fcr die Organisation der Pr\u00fcfungen ihrer Studieng\u00e4nge unterst\u00fctzt. Es werden die Pr\u00fcfungsakten aller Studierenden gef\u00fchrt, wobei abgelegte Pr\u00fcfungsleistungen ebenso dokumentiert werden wie ein Vers\u00e4umnis oder R\u00fccktritt von einer Pr\u00fcfung. Dar\u00fcber hinaus werden Aufgaben im Zusammenhang mit der in den Studien- und Pr\u00fcfungsordnungen vorgesehenen Zulassung zu Modulpr\u00fcfungen und Fortschrittskontrolle wahrgenommen. Im Rahmen dieser Pr\u00fcfungsverwaltung wird ein elektronisches Campus Management System (CMS) eingesetzt.<\/p>\n\n\n\n<p>Schlie\u00dflich werden Ausk\u00fcnfte erteilt zu dem formellen Ablauf des Studiums, wie er sich aus der jeweiligen Studien- und Pr\u00fcfungsordnung ergibt. Materielle Studienberatung findet an der jeweiligen Fakult\u00e4t statt.<\/p>\n\n\n\n<p><em>zentrale E-Mail f\u00fcr alle Angelegenheiten: pruefungsamt@hsu-hh.de<\/em><\/p>\n\n\n\n<p style=\"text-decoration:underline\">Dezernatsleitung, Grundsatzfragen<\/p>\n\n\n\n<p>Andrea Vries<br>Telefon: (040) 6541 2704<br>E-Mail: andrea.vries@hsu.hamburg<\/p>\n\n\n\n<p>Hier geht es zur <a href=\"https:\/\/www.hsu-hh.de\/campusinfo\/\">Homepage des Pr\u00fcfungsamts\/Studiensekretariats<\/a>.<\/p>\n\n\n\n<div style=\"height:44px\" aria-hidden=\"true\" class=\"wp-block-spacer\"><\/div>\n<\/details>\n<\/div>\n<\/div>\n\n\n\n<div class=\"wp-block-columns is-layout-flex wp-container-core-columns-is-layout-9d6595d7 wp-block-columns-is-layout-flex\">\n<div class=\"wp-block-column is-layout-flow wp-block-column-is-layout-flow\">\n<details class=\"wp-block-details has-medium-font-size is-layout-flow wp-block-details-is-layout-flow\" style=\"font-style:normal;font-weight:600\"><summary>Dezernat III 3 Systembetreuung EDV-gest\u00fctzte Pr\u00fcfungsverwaltung, Administration Internet- und Intranetpr\u00e4senz Abt. III<\/summary>\n<div style=\"height:44px\" aria-hidden=\"true\" class=\"wp-block-spacer\"><\/div>\n\n\n\n<p>Zu den Hauptaufgaben des Dezernates geh\u00f6ren <abbr title=\"unter anderem\">u.a.<\/abbr> die Abbildung der Pr\u00fcfungsordnungen in der Datenbank der Pr\u00fcfungsverwaltung sowie die Verwaltung der Bearbeitungsrechte f\u00fcr Pr\u00fcfende und Mitarbeitende im Campus Management System.<\/p>\n\n\n\n<p><em>zentrale E-Mail f\u00fcr alle Angelegenheiten: <abbr title=\"Informationstechnologie\">IT<\/abbr>-PV@hsu-hh.de<\/em><\/p>\n\n\n\n<p style=\"text-decoration:underline\">Dezernatsleitung, Grundsatzfragen<\/p>\n\n\n\n<p>Frau Kutzner<br>Telefon: (040) 6541 2585<\/p>\n\n\n\n<p style=\"text-decoration:underline\">Sachbearbeitung<\/p>\n\n\n\n<p>Frau Eisentraudt<br>Telefon: (040) 6541 3089<\/p>\n\n\n\n<p style=\"text-decoration:underline\">Sachbearbeitung<\/p>\n\n\n\n<p>Frau Fell<br>Telefon: (040) 6541 2992<\/p>\n\n\n\n<p style=\"text-decoration:underline\">B\u00fcrosachbearbeitung<\/p>\n\n\n\n<p>Frau Sch\u00f6nberg<br>Telefon: (040) 6541 3581<\/p>\n\n\n\n<div style=\"height:44px\" aria-hidden=\"true\" class=\"wp-block-spacer\"><\/div>\n<\/details>\n<\/div>\n<\/div>\n\n\n\n<div style=\"height:100px\" aria-hidden=\"true\" class=\"wp-block-spacer\"><\/div>\n\n\n\n<p><\/p>\n\n\n\n<p><\/p>\n\n\n\n<p><\/p>\n\n\n\n<p><\/p>\n","protected":false},"excerpt":{"rendered":"","protected":false},"author":32,"featured_media":0,"parent":0,"menu_order":0,"comment_status":"closed","ping_status":"closed","template":"","meta":{"footnotes":""},"categories":[4],"tags":[],"class_list":["post-641","page","type-page","status-publish","hentry","category-forschung"],"_links":{"self":[{"href":"https:\/\/www.hsu-hh.de\/verwaltung\/wp-json\/wp\/v2\/pages\/641","targetHints":{"allow":["GET"]}}],"collection":[{"href":"https:\/\/www.hsu-hh.de\/verwaltung\/wp-json\/wp\/v2\/pages"}],"about":[{"href":"https:\/\/www.hsu-hh.de\/verwaltung\/wp-json\/wp\/v2\/types\/page"}],"author":[{"embeddable":true,"href":"https:\/\/www.hsu-hh.de\/verwaltung\/wp-json\/wp\/v2\/users\/32"}],"replies":[{"embeddable":true,"href":"https:\/\/www.hsu-hh.de\/verwaltung\/wp-json\/wp\/v2\/comments?post=641"}],"version-history":[{"count":87,"href":"https:\/\/www.hsu-hh.de\/verwaltung\/wp-json\/wp\/v2\/pages\/641\/revisions"}],"predecessor-version":[{"id":2505,"href":"https:\/\/www.hsu-hh.de\/verwaltung\/wp-json\/wp\/v2\/pages\/641\/revisions\/2505"}],"wp:attachment":[{"href":"https:\/\/www.hsu-hh.de\/verwaltung\/wp-json\/wp\/v2\/media?parent=641"}],"wp:term":[{"taxonomy":"category","embeddable":true,"href":"https:\/\/www.hsu-hh.de\/verwaltung\/wp-json\/wp\/v2\/categories?post=641"},{"taxonomy":"post_tag","embeddable":true,"href":"https:\/\/www.hsu-hh.de\/verwaltung\/wp-json\/wp\/v2\/tags?post=641"}],"curies":[{"name":"wp","href":"https:\/\/api.w.org\/{rel}","templated":true}]}}