{"id":580,"date":"2017-10-23T13:52:43","date_gmt":"2017-10-23T11:52:43","guid":{"rendered":"https:\/\/www.hsu-hh.de\/verwaltung\/?page_id=580"},"modified":"2026-03-25T09:04:38","modified_gmt":"2026-03-25T08:04:38","slug":"zustaendigkeiten-dezernat-iv","status":"publish","type":"page","link":"https:\/\/www.hsu-hh.de\/verwaltung\/zustaendigkeiten-dezernat-iv","title":{"rendered":"Abteilung IV Personalangelegenheiten"},"content":{"rendered":"<script>\tvar sosereDefaults = {\"allowfullscreen\":true,\"fit\":\"contain\",\"transition\":\"crossfade\",\"loop\":true,\"autoplay\":\"3000\",\"stopautoplayontouch\":true,\"keyboard\":true,\"nav\":\"thumbs\"}<\/script><div class='sosere--wp' data-ids='2524,2361'data-link='file'data-itemtag='dl'data-icontag='dt'data-captiontag='dd'data-columns='0'data-size='large'data-width='1024'data-auto='false'data-max-width='100%'data-ratio='1.8318425760286'><div id='gallery-1' class='gallery galleryid-580 gallery-columns-0 gallery-size-thumbnail'><dl class='gallery-item'>\n\t\t\t<dt class='gallery-icon landscape'>\n\t\t\t\t<a href='https:\/\/www.hsu-hh.de\/verwaltung\/wp-content\/uploads\/sites\/503\/2026\/03\/Abteilung-IV-Personal-Stand-25.03.2026-1024x559.png' data-full='https:\/\/www.hsu-hh.de\/verwaltung\/wp-content\/uploads\/sites\/503\/2026\/03\/Abteilung-IV-Personal-Stand-25.03.2026.png' data-credit=\"IV 2.3\"><img loading=\"lazy\" decoding=\"async\" width=\"150\" height=\"150\" src=\"https:\/\/www.hsu-hh.de\/verwaltung\/wp-content\/uploads\/sites\/503\/2026\/03\/Abteilung-IV-Personal-Stand-25.03.2026-150x150.png\" class=\"attachment-thumbnail size-thumbnail\" alt=\"\" srcset=\"https:\/\/www.hsu-hh.de\/verwaltung\/wp-content\/uploads\/sites\/503\/2026\/03\/Abteilung-IV-Personal-Stand-25.03.2026-150x150.png 150w, https:\/\/www.hsu-hh.de\/verwaltung\/wp-content\/uploads\/sites\/503\/2026\/03\/Abteilung-IV-Personal-Stand-25.03.2026-100x100.png 100w\" sizes=\"auto, (max-width: 150px) 100vw, 150px\" \/><\/a>\n\t\t\t<\/dt><\/dl>\n\t\t<\/div>\n<\/div>\n\n<h3>Leitung<\/h3>\n<p>Petra Terwey-Gagaik, RDir\u2019in<br \/>Geb. H 1, R. 0710<br \/>Telefon: 040 \/ 6541 -2829<br \/>E-Mail: terwey-gagaik@hsu.hamburg<\/p>\n<p>Vertreterin:<br \/>Claudia B\u00f6schen, ROAR\u00b4in, Telefon: (040) 6541 -2710, E-Mail: boeschen@hsu.hamburg<\/p>\n<p>Postanschrift:<br \/>Helmut-Schmidt-Universit\u00e4t\/Universit\u00e4t der Bundeswehr Hamburg<br \/>Abteilung IV<br \/>Postfach 700822<br \/>22008 Hamburg<\/p>\n<p>Besucheranschrift:<br \/>Helmut-Schmidt-Universit\u00e4t\/Universit\u00e4t der Bundeswehr Hamburg<br \/>Abteilung IV<br \/>Holstenhofweg 85<br \/>22043 Hamburg<\/p>\n<h3>Dezernat IV 1 \u201eBerufungsmanagement\u201c<\/h3>\n<p>ist zust\u00e4ndig f\u00fcr Berufungsangelegenheiten, sowie f\u00fcr die Angelegenheiten der Lehr- und Unterrichtsbeauftragten, Ansprechstelle f\u00fcr Dual Career, Nutzerbetreuung SAP PersWiSys<\/p>\n<p><strong>IV 1 &#8211; Dezernatsleitung<\/strong><\/p>\n<p>Claudia B\u00f6schen, ROAR\u2019in<br \/>Geb. H 1, R. 0723<br \/>Telefon: 040 \/ 6541 -2710<br \/>E-Mail: boeschen@hsu.hamburg<\/p>\n<p><strong>IV 1.1 Sachbearbeitung IV 1<\/strong><\/p>\n<p>Frances Iden, ROI\u00b4in<br \/>Geb. H 1, R. 0722<br \/>Telefon: 040 \/ 6541 -2273<br \/>E-Mail: idenf@hsu.hamburg<\/p>\n<p><strong>IV 1.2 Lehr- und Unterrichtsauftr\u00e4ge, Personalstellenwirtschaft SAP<\/strong><\/p>\n<p>Peggy Nahrstedt<br \/>Geb. H1, R. 0722<br \/>Telefon: 040 \/ 6541 -3686<br \/>E-Mail: nahrstedt@hsu.hamburg<\/p>\n<p><strong>IV 1.3 Nutzerbetreuung PersWiSys<\/strong><\/p>\n<p>Thomas Kosti, RAI<br \/>Geb. H 1, R. 0730<br \/>Telefon: 040 \/ 6541 -2443<br \/>E-Mail: tkosti@hsu.hamburg<\/p>\n<h3>Dezernat IV 2 \u201eProfessor*innen \/ Beamte*innen \/ Hilfskr\u00e4fte \/ Wechselstellen\u201c<\/h3>\n<p>ist zust\u00e4ndig f\u00fcr die Personalangelegenheiten der Beamtinnen und Beamten, der Professorinnen und Professoren, der Professurvertreterinnen und Professurvertreter, der Gastwissenschaftlerinnen und Gastwissenschaftler, der Wissenschaftlichen und Studentischen Hilfskr\u00e4fte, der Beantragung und Nutzung von Wechselstellen sowie f\u00fcr Grundsatzangelegenheiten im Beamten- und Laufbahnrecht.<\/p>\n<p><strong>IV 2 \u2013 Dezernatsleitung Beamten- und Hilfskraftangelegenheiten<br \/><\/strong><\/p>\n<p>Lars Anders, ROAR<br \/>Geb. H 1, R. 0728<br \/>Telefon: 040 \/ 6541 -3621<br \/>E-Mail: andersl@hsu.hamburg<\/p>\n<p><strong>IV 2.1 Einzelpersonalsachbearbeitung der Beamtinnen und Beamten des gehobenen und h\u00f6heren Dienstes<\/strong><\/p>\n<p>Arne Schmidt, RAR<br \/>Geb. H 1, R. 0726<br \/>Telefon: 040 \/ 6541 -3774<br \/>E-Mail: schmidta@hsu.hamburg<\/p>\n<p><strong>IV 2.1.1 B\u00fcrosachbearbeitung f\u00fcr IV 2.1 und IV 2.2<br \/><\/strong><\/p>\n<p>Bianka Schulz, RHS\u00b4in<br \/>Geb. H 1, R. 0727<br \/>Telefon: 040 \/ 6541 -2746<br \/>E-Mail: schulzb@hsu.hamburg<\/p>\n<p><strong>IV 2.2 Einzelpersonalsachbearbeitung der Professorinnen und Professoren, Professurvertreterinnen und Professurvertreter, Gastwissenschaftlerinnen und Gastwissenschaftler, Beamtinnen und Beamte des mittleren Dienstes<br \/><\/strong><\/p>\n<p>Ester Ens<br \/>Geb. H 1, R. 0726<br \/>Telefon: 040 \/ 6541 -3427<br \/>E-Mail: e.ens@hsu.hamburg<\/p>\n<p><strong>IV 2.3 Einzelpersonalsachbearbeitung Studentische Hilfskr\u00e4fte, sowie Bearbeitung Beantragung\/Nutzung von Wechselstellen<\/strong><\/p>\n<p>Daniela Stiewe, RAI\u00b4in<br \/>Geb. H 1, R. 0727<br \/>Telefon: 040 \/ 6541 -2280<br \/>E-Mail: stiewe@hsu.hamburg<\/p>\n<h3>Dezernat IV 3 \u201eAus- und Fortbildung\u201c<\/h3>\n<p>ist zust\u00e4ndig f\u00fcr Aus- und Fortbildungsangelegenheiten, Betriebliches Gesundheitsmanagement, Praktikantinnen und Praktikanten, Referendarinnen und Referendare und die Administration der Studierenden Rechtswissenschaften in der \u00f6ffentlichen Verwaltung sowie f\u00fcr Personalentwicklung (PE) Tarifpersonal <abbr title=\"inclusive\">inkl.<\/abbr> PE wissenschaftlicher Mittelbau.<\/p>\n<p><strong>IV 3 &#8211; Dezernatsleitung Fortbildung\/Lehrg\u00e4nge, BGM, Praktikanten, Referendare, R\u00d6V<br \/><\/strong><\/p>\n<p>Ines Mahler, RAR\u00b4in<br \/>Geb. H 1, R. 0716<br \/>Telefon: 040 \/ 6541 -2246<br \/>E-Mail: mahler@hsu.hamburg<\/p>\n<p><strong>IV 3.1 &#8211; B\u00fcrosachbearbeitung IV 3<br \/><\/strong><\/p>\n<div>\n<p>Stefanie Engelskirchen, RHS\u00b4in<br \/>Geb. H 1, R. 0716<br \/>Telefon: 040 \/ 6541 -3391<br \/>E-Mail: engelskirchen@hsu.hamburg<\/p>\n<\/div>\n<p>Ann-Kathrin Knittel, RHS\u00b4in<br \/>Geb. H 1, R. 0725<br \/>Telefon: 040 \/ 6541 -3722<br \/>E-Mail: wrucka@hsu.hamburg<\/p>\n<p><strong>IV 3.2 &#8211; B\u00fcrosachbearbeitung IV 3<br \/><\/strong><\/p>\n<p>Golfam Mossayeb, ROS\u00b4in<br \/>Geb. H 1, R. 0716<br \/>Telefon: 040 \/ 6541 -2967<br \/>E-Mail: golfam.mossayeb@hsu.hamburg<\/p>\n<p><strong>IV 3.3 &#8211; Sachbearbeitung Ausbildung, BGM, Nachwuchsf\u00f6rderung, R\u00d6V<\/strong><\/p>\n<p>Olga Baden-Ingardia, ROI\u00b4in<br \/>Geb. H 1, R. 0725<br \/>Telefon: 040 \/ 6541 -3727<br \/>E-Mail: olga.baden-ingardia@hsu.hamburg<\/p>\n<h3>Dezernat IV 4 \u201eTarifpersonal\u201c<\/h3>\n<p>ist zust\u00e4ndig f\u00fcr die Personalangelegenheiten des gesamten Tarifpersonals der <abbr title=\"Helmut Schmidt Universit\u00e4t\">HSU<\/abbr>\/UniBw H (wissenschaftliches und nichtwissenschaftliches) sowie f\u00fcr Grundsatzangelegenheiten des Tarif- und Sozialversicherungsrecht. &#8211; stellv. VwtDS<\/p>\n<p><strong>IV 4 &#8211; Dezernatsleitung<\/strong><\/p>\n<p>Ariane Kaiser, RAR\u00b4in<br \/>Geb. H 1, R. 0709<br \/>Telefon: 040 \/ 6541 -2384<br \/>E-Mail:\u00a0<\/p>\n<p><strong>IV 4.0.1 B\u00fcrosachbearbeitung Querschnittsangelegenheiten, Administration Ticketsystem<br \/><\/strong><\/p>\n<p>Caroline G\u00f6llnitz, RHS\u00b4in<br \/>Geb. H 1, R. 0730<br \/>Telefon: 040 \/ 6541 -3355<br \/>E-Mail: caroline.goellnitz@hsu.hamburg<\/p>\n<p><strong>IV 4.1 Einzelpersonalsachbearbeitung Tarifpersonal aus den Bereichen:<\/strong><br \/><strong>Zentrale Werkst\u00e4tten, Grundsatz Arbeits- und Tarifrecht<br \/><\/strong><\/p>\n<p>Thorsten Krasser, RAR<br \/>Geb. H 1, R. 0705<br \/>Telefon: 040 \/ 6541 -3521<br \/>E-Mail: krasser@hsu.hamburg<\/p>\n<p><strong>IV 4.1.1 B\u00fcrosachbearbeitung IV 4.1<\/strong><\/p>\n<p>N.N.<br \/>Geb. H 1, R.<br \/>Telefon: <br \/>E-Mail:<\/p>\n<p><strong>IV 4.2 Einzelpersonalsachbearbeitung Tarifpersonal aus den Bereichen:<\/strong><br \/><strong>Geistes- und Sozialwissenschaften (<abbr title=\"Geistes- und Sozialwissenschaften\">GeiSo<\/abbr>) <abbr title=\"inclusive\">inkl.<\/abbr> DTEC, Universit\u00e4tsbibliothek (UB), Fachkraft f\u00fcr Arbeitssicherheit (FAS), Studierendenbereich (StudB)<br \/><\/strong><\/p>\n<p>Denise Jahnke<br \/>Geb. H 1, R. 0706<br \/>Telefon: 040 \/ 6541 -2107<br \/>E-Mail: jahnked@hsu.hamburg<\/p>\n<p><strong>IV 4.2.1 B\u00fcrosachbearbeitung IV 4.2<\/strong><\/p>\n<p>Doris Essou<br \/>Geb. H 1, R. 0706<br \/>Telefon: 040 \/ 6541 -2439<br \/>E-Mail: essoud@hsu.hamburg<\/p>\n<p><strong>IV 4.3 Einzelpersonalsachbearbeitung Tarifpersonal aus dem Bereich: Maschinenbau (MB)<br \/><\/strong><\/p>\n<p>Claudia Upts<br \/>Geb. H 1, R. 0717<br \/>Telefon: 040 \/ 6541-3470 <br \/>E-Mail: uptsc@hsu.hamburg<\/p>\n<p><strong>IV 4.3.1 B\u00fcrosachbearbeitung IV 4.3<\/strong><\/p>\n<p>Kevin Heuermann, RHS<br \/>Geb. H 1, R. 0717<br \/>Telefon: 040 \/ 6541 -2242<br \/>E-Mail: kheuer@hsu.hamburg<\/p>\n<p><strong>IV 4.4 <\/strong><\/p>\n<p><strong>Einzelpersonalsachbearbeitung Tarifpersonal aus dem Bereich: Zentrale Verwaltung, Kraftfahrer:innen, Rechenzentrum und Medienzentrum<br \/><\/strong><\/p>\n<p>Sarina D\u00f6scher, RAmtfr<br \/>Geb. H 1, R. 0707<br \/>Telefon: 040 \/ 6541 -2855<br \/>E-Mail: sdoescher@hsu.hamburg<\/p>\n<p><strong>IV 4.4.1 B\u00fcrosachbearbeitung IV 4.4<\/strong><\/p>\n<p>Sarah Drewanz, ROS\u00b4in<br \/>Geb. H 1, R. 0707<br \/>Telefon: 040 \/ 6541 -2935<br \/>E-Mail: drewanzs@hsu.hamburg<\/p>\n<p><strong>IV 4.5 Einzelpersonalsachbearbeitung Tarifpersonal aus dem Bereich: Wirtschafts- und Sozialwissenschaften (<abbr title=\"Wirtschafts- und Sozialwissenschaften\">WiSo<\/abbr>) <abbr title=\"inclusive\">inkl.<\/abbr> DTEC, Pr\u00e4sidialabteilung, GIDS, ISA-Zentrum, Zentrum f\u00fcr wissenschaftliche Weiterbildung, Sportzentrum und Sprachenzentrum<br \/><\/strong><\/p>\n<p>Christina Zaun, RAmtfr<br \/>Geb. H 1, R. 0708<br \/>Telefon: 040 \/ 6541 -3618<br \/>E-Mail: zaunc@hsu.hamburg<\/p>\n<p><strong>IV 4.5.1 B\u00fcrosachbearbeitung IV 4.5<\/strong><\/p>\n<p>Antje Weigelt, RHS\u00b4in<br \/>Geb. H 1, R. 0708<br \/>Telefon: 040 \/ 6541 -2618<br \/>E-Mail: antje.weigelt@hsu.hamburg<\/p>\n<p><strong>IV 4.6 Einzelpersonalsachbearbeitung Tarifpersonal aus den Bereichen: MB-DTEC, Zentrum f\u00fcr technologiegest\u00fctzte Bildung<br \/><\/strong><\/p>\n<p>Claudia Upts<br \/>Geb. H 1, R. 0717<br \/>Telefon: 040 \/ 6541 &#8211; 3470<br \/>E-Mail: uptsc@hsu.hamburg<\/p>\n<p><strong>IV 4.6.1 B\u00fcrosachbearbeitung IV 4.6<\/strong><\/p>\n<p>Kevin Heuermann, RHS\u00b4in<br \/>Geb. H 1, R. 0717<br \/>Telefon: 040 \/ 6541 -2242<br \/>E-Mail: kheuer@hsu.hamburg<\/p>\n<p><strong>IV 4.7 Einzelpersonalsachbearbeitung Tarifpersonal aus den Bereichen: Elektrotechnik und Bauingenieurwesen <abbr title=\"inclusive\">inkl.<\/abbr> DTEC<\/strong><\/p>\n<p>Jasmin Fr\u00f6hlich, ROI\u00b4in<br \/>Geb. H 1, R. 0711<br \/>Telefon: 040 \/ 6541 &#8211; 3553<br \/>E-Mail: jasmin.froehlich@hsu.hamburg<\/p>\n<p><strong>IV 4.7.1 B\u00fcrosachbearbeitung IV 4.7<\/strong><\/p>\n<p>Mohammed Abdul-Karim<br \/>Geb. H 1, R. 0711<br \/>Telefon: 040 \/ 6541 -3352<br \/>E-Mail: abdulkam@hsu.hamburg<\/p>\n<h3>Anschrift<\/h3>\n<p><strong>Postanschrift<\/strong><br \/>Helmut-Schmidt-Universit\u00e4t \/ Universit\u00e4t der Bundeswehr Hamburg<br \/>Abteilung IV<br \/>Postfach 70 08 22<br \/>22008 Hamburg<\/p>","protected":false},"excerpt":{"rendered":"<p>Leitung Petra Terwey-Gagaik, RDir\u2019inGeb. H 1, R. 0710Telefon: 040 \/ 6541 -2829E-Mail: terwey-gagaik@hsu.hamburg Vertreterin:Claudia B\u00f6schen, ROAR\u00b4in, Telefon: (040) 6541 -2710, E-Mail: boeschen@hsu.hamburg Postanschrift:Helmut-Schmidt-Universit\u00e4t\/Universit\u00e4t der Bundeswehr HamburgAbteilung IVPostfach 70082222008 Hamburg Besucheranschrift:Helmut-Schmidt-Universit\u00e4t\/Universit\u00e4t [&hellip;]<\/p>\n","protected":false},"author":32,"featured_media":0,"parent":0,"menu_order":0,"comment_status":"closed","ping_status":"closed","template":"","meta":{"footnotes":""},"categories":[4],"tags":[],"class_list":["post-580","page","type-page","status-publish","hentry","category-forschung"],"_links":{"self":[{"href":"https:\/\/www.hsu-hh.de\/verwaltung\/wp-json\/wp\/v2\/pages\/580","targetHints":{"allow":["GET"]}}],"collection":[{"href":"https:\/\/www.hsu-hh.de\/verwaltung\/wp-json\/wp\/v2\/pages"}],"about":[{"href":"https:\/\/www.hsu-hh.de\/verwaltung\/wp-json\/wp\/v2\/types\/page"}],"author":[{"embeddable":true,"href":"https:\/\/www.hsu-hh.de\/verwaltung\/wp-json\/wp\/v2\/users\/32"}],"replies":[{"embeddable":true,"href":"https:\/\/www.hsu-hh.de\/verwaltung\/wp-json\/wp\/v2\/comments?post=580"}],"version-history":[{"count":234,"href":"https:\/\/www.hsu-hh.de\/verwaltung\/wp-json\/wp\/v2\/pages\/580\/revisions"}],"predecessor-version":[{"id":2526,"href":"https:\/\/www.hsu-hh.de\/verwaltung\/wp-json\/wp\/v2\/pages\/580\/revisions\/2526"}],"wp:attachment":[{"href":"https:\/\/www.hsu-hh.de\/verwaltung\/wp-json\/wp\/v2\/media?parent=580"}],"wp:term":[{"taxonomy":"category","embeddable":true,"href":"https:\/\/www.hsu-hh.de\/verwaltung\/wp-json\/wp\/v2\/categories?post=580"},{"taxonomy":"post_tag","embeddable":true,"href":"https:\/\/www.hsu-hh.de\/verwaltung\/wp-json\/wp\/v2\/tags?post=580"}],"curies":[{"name":"wp","href":"https:\/\/api.w.org\/{rel}","templated":true}]}}