{"id":1063,"date":"2017-12-12T09:28:26","date_gmt":"2017-12-12T08:28:26","guid":{"rendered":"https:\/\/www.hsu-hh.de\/verwaltung\/?page_id=1063"},"modified":"2023-03-07T15:56:44","modified_gmt":"2023-03-07T14:56:44","slug":"veranstaltungsmanagement","status":"publish","type":"page","link":"https:\/\/www.hsu-hh.de\/verwaltung\/veranstaltungsmanagement","title":{"rendered":"Veranstaltungsmanagement"},"content":{"rendered":"<p>Das Veranstaltungsmanagement der <abbr title=\"Helmut Schmidt Universit\u00e4t\">HSU<\/abbr>\/ UniBw H m\u00f6chte Sie bei der Durchf\u00fchrung Ihrer Veranstaltungen gerne unterst\u00fctzen. Die Inanspruchnahme der Leistungen des Veranstaltungsmanagement bedarf der Meldung und Antragstellung.<\/p>\n<p>Das Team ist gerne Ihr Ansprechpartner in Bezug auf Veranstaltungen an der <abbr title=\"Helmut Schmidt Universit\u00e4t\">HSU<\/abbr>\/ UniBw H.<\/p>\n<p>Hochschulangeh\u00f6rige finden weitere Informationen im Intranet (nur aus dem Campus-Netz oder \u00fcber VPN):<br \/>\n<a href=\"https:\/\/webbox.hsu-hh.de\/veranstaltung\/\" rel='nofollow'>https:\/\/webbox.hsu-hh.de\/veranstaltung\/<\/a><\/p>\n<h3>Kontakt<\/h3>\n<p>Wir freuen uns \u00fcber eine Kontaktaufnahme \u00fcber veranstaltungsmanagement@hsu-hh.de&nbsp; oder postalisch an<\/p>\n<p>Helmut-Schmidt-Universit\u00e4t\/ Universit\u00e4t der Bundeswehr Hamburg<br \/>\nVeranstaltungsmanagement<br \/>\nHolstenhofweg 85<br \/>\n22043 Hamburg<\/p>\n<h3>Leitung des Veranstaltungsmanagements<\/h3>\n<p><strong>Oberstleutnant Michael H\u00fclcher<\/strong><\/p>\n<p>Telefon: 040-6541-3851<\/p>\n<p>E-Mail: michael.huelcher@hsu-hh.de<\/p>\n<p><strong>Vertretung:<\/strong><\/p>\n<p>Sabrina Kirschstein<\/p>\n<p>Telefon: 040-6541-3876<\/p>\n<p>E-Mail: sabrina.kirschstein@hsu-hh.de<\/p>\n<p>Postanschrift<\/p>\n<p>Helmut-Schmidt-Universit\u00e4t \/ Universit\u00e4t der Bundeswehr Hamburg<\/p>\n<p>Veranstaltungsmanagement<\/p>\n<p>Holstenhofweg 85<\/p>\n<p>22043 Hamburg<\/p>\n<h3>Veranstaltungsmanagerin<\/h3>\n<p><strong>Sabrina Kirschstein<br \/>\n<\/strong><\/p>\n<p>Telefon: 040-6541-3876<\/p>\n<p>E-Mail: sabrina.kirschstein@hsu-hh.de<\/p>\n<p>Postanschrift<\/p>\n<p>Helmut-Schmidt-Universit\u00e4t \/ Universit\u00e4t der Bundeswehr Hamburg<\/p>\n<p>Veranstaltungsmanagement<\/p>\n<p>Holstenhofweg 85<\/p>\n<p>22043 Hamburg<\/p>\n<h3>Veranstaltungsassistentin<\/h3>\n<p><strong>Antonia Halfen-Obieglo<\/strong><\/p>\n<p>Telefon: 040-6541-3703<\/p>\n<p>E-Mail: antonia.halfen@hsu-hh.de<\/p>\n<p>Postanschrift<\/p>\n<p>Helmut-Schmidt-Universit\u00e4t \/ Universit\u00e4t der Bundeswehr Hamburg<\/p>\n<p>Veranstaltungsmanagement<\/p>\n<p>Holstenhofweg 85<\/p>\n<p>22043 Hamburg<\/p>\n<h3>B\u00fcrosachbearbeiterin<\/h3>\n<p><strong>Sonja D\u00f6pke<\/strong><\/p>\n<p>Telefon: 040-6541-3591<\/p>\n<p>E-Mail: doepkes@hsu-hh.de<\/p>\n<p>Postanschrift<\/p>\n<p>Helmut-Schmidt-Universit\u00e4t \/ Universit\u00e4t der Bundeswehr Hamburg<\/p>\n<p>Veranstaltungsmanagement<\/p>\n<p>Holstenhofweg 85<\/p>\n<p>22043 Hamburg<\/p>\n","protected":false},"excerpt":{"rendered":"<p>Das Veranstaltungsmanagement der HSU\/ UniBw H m\u00f6chte Sie bei der Durchf\u00fchrung Ihrer Veranstaltungen gerne unterst\u00fctzen. Die Inanspruchnahme der Leistungen des Veranstaltungsmanagement bedarf der Meldung und Antragstellung. Das Team ist gerne [&hellip;]<\/p>\n","protected":false},"author":2620,"featured_media":0,"parent":0,"menu_order":0,"comment_status":"closed","ping_status":"closed","template":"","meta":{"footnotes":""},"categories":[4],"tags":[],"class_list":["post-1063","page","type-page","status-publish","hentry","category-forschung"],"_links":{"self":[{"href":"https:\/\/www.hsu-hh.de\/verwaltung\/wp-json\/wp\/v2\/pages\/1063","targetHints":{"allow":["GET"]}}],"collection":[{"href":"https:\/\/www.hsu-hh.de\/verwaltung\/wp-json\/wp\/v2\/pages"}],"about":[{"href":"https:\/\/www.hsu-hh.de\/verwaltung\/wp-json\/wp\/v2\/types\/page"}],"author":[{"embeddable":true,"href":"https:\/\/www.hsu-hh.de\/verwaltung\/wp-json\/wp\/v2\/users\/2620"}],"replies":[{"embeddable":true,"href":"https:\/\/www.hsu-hh.de\/verwaltung\/wp-json\/wp\/v2\/comments?post=1063"}],"version-history":[{"count":45,"href":"https:\/\/www.hsu-hh.de\/verwaltung\/wp-json\/wp\/v2\/pages\/1063\/revisions"}],"predecessor-version":[{"id":2033,"href":"https:\/\/www.hsu-hh.de\/verwaltung\/wp-json\/wp\/v2\/pages\/1063\/revisions\/2033"}],"wp:attachment":[{"href":"https:\/\/www.hsu-hh.de\/verwaltung\/wp-json\/wp\/v2\/media?parent=1063"}],"wp:term":[{"taxonomy":"category","embeddable":true,"href":"https:\/\/www.hsu-hh.de\/verwaltung\/wp-json\/wp\/v2\/categories?post=1063"},{"taxonomy":"post_tag","embeddable":true,"href":"https:\/\/www.hsu-hh.de\/verwaltung\/wp-json\/wp\/v2\/tags?post=1063"}],"curies":[{"name":"wp","href":"https:\/\/api.w.org\/{rel}","templated":true}]}}