{"id":1029,"date":"2017-12-12T09:26:57","date_gmt":"2017-12-12T08:26:57","guid":{"rendered":"https:\/\/www.hsu-hh.de\/verwaltung\/?page_id=1029"},"modified":"2026-02-04T13:36:39","modified_gmt":"2026-02-04T12:36:39","slug":"verwaltungseinrichtungen","status":"publish","type":"page","link":"https:\/\/www.hsu-hh.de\/verwaltung\/verwaltungseinrichtungen","title":{"rendered":"Verwaltungseinrichtungen"},"content":{"rendered":"<div>\n<div>\n<h2>Abteilungen<\/h2>\n<p style=\"padding-left: 30px\"><a href=\"https:\/\/www.hsu-hh.de\/verwaltung\/mitarbeiter-dez-1\">Abteilung I<\/a><\/p>\n<p style=\"padding-left: 60px\">\u2022 Dez. I 1 Innerer Dienst, Organisation<\/p>\n<p style=\"padding-left: 60px\">\u2022 Dez. I 2 Infrastruktur<\/p>\n<p style=\"padding-left: 60px\">\u2022 Dez. I 3 <abbr title=\"Informationstechnologie\">IT<\/abbr>-Management<\/p>\n<p style=\"padding-left: 60px\">\u2022 Dez. I 4 Veranstaltungsmanagement<\/p>\n<p style=\"padding-left: 30px\"><a href=\"https:\/\/www.hsu-hh.de\/verwaltung\/zustaendigkeiten-dezernat-ii\">Abteilung II Finanzangelegenheiten<\/a><\/p>\n<p style=\"padding-left: 60px\">\u2022 Dez. II 1 Finanzen und Steuern<\/p>\n<p style=\"padding-left: 60px\">\u2022 Dez. II 2 Travel Management<\/p>\n<p style=\"padding-left: 60px\">\u2022 Dez. II 3 Einkauf<\/p>\n<p style=\"padding-left: 60px\">\u2022 Dez. II 4 Technischer Einkauf<\/p>\n<p style=\"padding-left: 30px\"><a href=\"https:\/\/www.hsu-hh.de\/verwaltung\/zustaendigkeiten-dezernat-iii\">Abteilung III Rechts- und Pr\u00fcfungsangelegenheiten<\/a><\/p>\n<p style=\"padding-left: 60px\">\u2022 Dez. III 1 Justitiariat<\/p>\n<p style=\"padding-left: 60px\">\u2022 Dez. III 2 Pr\u00fcfungsamt und Studiensekretariat<\/p>\n<p>\u00a0\u00a0\u00a0\u00a0\u00a0\u00a0\u00a0\u00a0\u00a0\u00a0\u00a0 \u00a0\u00a0 \u2022 Dez. III 3 Systembetreuung f\u00fcr die EDV-gest\u00fctzte Pr\u00fcfungsverwaltung<\/p>\n<p style=\"padding-left: 30px\"><a href=\"https:\/\/www.hsu-hh.de\/verwaltung\/zustaendigkeiten-dezernat-iv\">Abteilung IV Personalsangelegenheiten<\/a><\/p>\n<p style=\"padding-left: 60px\">\u2022 Dez. I Berufungsmanagement<\/p>\n<p style=\"padding-left: 60px\">\u2022 Dez. II Professorinnen\/ Professoren, Beamtinnen\/ Beamte, Hilfskr\u00e4fte<\/p>\n<p style=\"padding-left: 60px\">\u2022 Dez. III Aus- und Fortbildung<\/p>\n<p style=\"padding-left: 60px\">\u2022 Dez. IV Tarifpersonal<\/p>\n<h2><strong>Fakult\u00e4tsverwaltungen<\/strong><\/h2>\n<p style=\"padding-left: 30px\"><a href=\"https:\/\/www.hsu-hh.de\/fkvet\/\">Eletrotechnik<\/a><\/p>\n<p style=\"padding-left: 30px\"><a href=\"https:\/\/www.hsu-hh.de\/fkvmb\/\">Maschinenbau<\/a><\/p>\n<p style=\"padding-left: 30px\"><a href=\"https:\/\/www.hsu-hh.de\/wiso\/fakultaetsverwaltung\">Wirtschafts- und Sozialwissenschaften<\/a><\/p>\n<p style=\"padding-left: 30px\"><a href=\"https:\/\/www.hsu-hh.de\/geiso\/fakultaetsverwaltung-edv\">Geistes- und Sozialwissenschaften<\/a><\/p>\n<h2>Sonstige Einrichtungen<\/h2>\n<p style=\"padding-left: 30px\"><a href=\"https:\/\/www.hsu-hh.de\/verwaltung\/fas\">Gruppe: Arbeitssicherheit &#8211; Gefahrgut &#8211; Umweltschutz<\/a><\/p>\n<\/div>\n<\/div>\n","protected":false},"excerpt":{"rendered":"<p>Abteilungen Abteilung I \u2022 Dez. I 1 Innerer Dienst, Organisation \u2022 Dez. I 2 Infrastruktur \u2022 Dez. I 3 IT-Management \u2022 Dez. I 4 Veranstaltungsmanagement Abteilung II Finanzangelegenheiten \u2022 Dez. [&hellip;]<\/p>\n","protected":false},"author":32,"featured_media":0,"parent":0,"menu_order":0,"comment_status":"closed","ping_status":"closed","template":"","meta":{"footnotes":""},"categories":[4],"tags":[],"class_list":["post-1029","page","type-page","status-publish","hentry","category-forschung"],"_links":{"self":[{"href":"https:\/\/www.hsu-hh.de\/verwaltung\/wp-json\/wp\/v2\/pages\/1029","targetHints":{"allow":["GET"]}}],"collection":[{"href":"https:\/\/www.hsu-hh.de\/verwaltung\/wp-json\/wp\/v2\/pages"}],"about":[{"href":"https:\/\/www.hsu-hh.de\/verwaltung\/wp-json\/wp\/v2\/types\/page"}],"author":[{"embeddable":true,"href":"https:\/\/www.hsu-hh.de\/verwaltung\/wp-json\/wp\/v2\/users\/32"}],"replies":[{"embeddable":true,"href":"https:\/\/www.hsu-hh.de\/verwaltung\/wp-json\/wp\/v2\/comments?post=1029"}],"version-history":[{"count":52,"href":"https:\/\/www.hsu-hh.de\/verwaltung\/wp-json\/wp\/v2\/pages\/1029\/revisions"}],"predecessor-version":[{"id":2500,"href":"https:\/\/www.hsu-hh.de\/verwaltung\/wp-json\/wp\/v2\/pages\/1029\/revisions\/2500"}],"wp:attachment":[{"href":"https:\/\/www.hsu-hh.de\/verwaltung\/wp-json\/wp\/v2\/media?parent=1029"}],"wp:term":[{"taxonomy":"category","embeddable":true,"href":"https:\/\/www.hsu-hh.de\/verwaltung\/wp-json\/wp\/v2\/categories?post=1029"},{"taxonomy":"post_tag","embeddable":true,"href":"https:\/\/www.hsu-hh.de\/verwaltung\/wp-json\/wp\/v2\/tags?post=1029"}],"curies":[{"name":"wp","href":"https:\/\/api.w.org\/{rel}","templated":true}]}}