{"id":599,"date":"2018-01-31T12:42:14","date_gmt":"2018-01-31T11:42:14","guid":{"rendered":"https:\/\/www.hsu-hh.de\/verglreg\/?page_id=599"},"modified":"2018-01-31T13:56:20","modified_gmt":"2018-01-31T12:56:20","slug":"regierungssysteme-in-mittel-und-osteuropa-die-neuen-eu-staaten-im-vergleich","status":"publish","type":"page","link":"https:\/\/www.hsu-hh.de\/verglreg\/regierungssysteme-in-mittel-und-osteuropa-die-neuen-eu-staaten-im-vergleich","title":{"rendered":"Regierungssysteme in Mittel- und Osteuropa. Die neuen EU-Staaten im Vergleich"},"content":{"rendered":"<p>Systematisch-vergleichende Bestandsaufnahme der zentralen Dimension der Regierungssysteme in den mittel- und osteurop\u00e4ischen EU-Staaten in Kooperation mit f\u00fchrenden Expert\/innen aus dem deutschsprachigen Raum. Die Ver\u00f6ffentlichung erfolgte 2011 im VS Verlag.<\/p>\n<p>Kooperationspartner: Prof. <abbr title=\"Doktor\">Dr.<\/abbr> Ferdinand M\u00fcller-Rommel (Leuphana Universit\u00e4t L\u00fcneburg).<\/p>\n<p>Finanzierung: Fritz-Thyssen-Stiftung.<\/p>\n<p>Laufzeit: 01.04.2009-30.09.2010.<\/p>\n<p>&nbsp;<\/p>\n<p>&nbsp;<\/p>\n","protected":false},"excerpt":{"rendered":"<p>Systematisch-vergleichende Bestandsaufnahme der zentralen Dimension der Regierungssysteme in den mittel- und osteurop\u00e4ischen EU-Staaten in Kooperation mit f\u00fchrenden Expert\/innen aus dem deutschsprachigen Raum. Die Ver\u00f6ffentlichung erfolgte 2011 im VS Verlag. Kooperationspartner: [&hellip;]<\/p>\n","protected":false},"author":138,"featured_media":0,"parent":0,"menu_order":0,"comment_status":"closed","ping_status":"closed","template":"","meta":{"footnotes":""},"categories":[4],"tags":[],"class_list":["post-599","page","type-page","status-publish","hentry","category-forschung"],"_links":{"self":[{"href":"https:\/\/www.hsu-hh.de\/verglreg\/wp-json\/wp\/v2\/pages\/599","targetHints":{"allow":["GET"]}}],"collection":[{"href":"https:\/\/www.hsu-hh.de\/verglreg\/wp-json\/wp\/v2\/pages"}],"about":[{"href":"https:\/\/www.hsu-hh.de\/verglreg\/wp-json\/wp\/v2\/types\/page"}],"author":[{"embeddable":true,"href":"https:\/\/www.hsu-hh.de\/verglreg\/wp-json\/wp\/v2\/users\/138"}],"replies":[{"embeddable":true,"href":"https:\/\/www.hsu-hh.de\/verglreg\/wp-json\/wp\/v2\/comments?post=599"}],"version-history":[{"count":1,"href":"https:\/\/www.hsu-hh.de\/verglreg\/wp-json\/wp\/v2\/pages\/599\/revisions"}],"predecessor-version":[{"id":600,"href":"https:\/\/www.hsu-hh.de\/verglreg\/wp-json\/wp\/v2\/pages\/599\/revisions\/600"}],"wp:attachment":[{"href":"https:\/\/www.hsu-hh.de\/verglreg\/wp-json\/wp\/v2\/media?parent=599"}],"wp:term":[{"taxonomy":"category","embeddable":true,"href":"https:\/\/www.hsu-hh.de\/verglreg\/wp-json\/wp\/v2\/categories?post=599"},{"taxonomy":"post_tag","embeddable":true,"href":"https:\/\/www.hsu-hh.de\/verglreg\/wp-json\/wp\/v2\/tags?post=599"}],"curies":[{"name":"wp","href":"https:\/\/api.w.org\/{rel}","templated":true}]}}