{"id":583,"date":"2018-01-31T10:41:55","date_gmt":"2018-01-31T09:41:55","guid":{"rendered":"https:\/\/www.hsu-hh.de\/verglreg\/?page_id=583"},"modified":"2018-02-05T14:12:13","modified_gmt":"2018-02-05T13:12:13","slug":"weitere-abgeschlossene-forschungsprojekte","status":"publish","type":"page","link":"https:\/\/www.hsu-hh.de\/verglreg\/weitere-abgeschlossene-forschungsprojekte","title":{"rendered":"Archiv weiterer Forschungsprojekte"},"content":{"rendered":"<p>&nbsp;<\/p>\n<p>&nbsp;<\/p>\n<p>&nbsp;<\/p>\n<h3><strong>Regierungssysteme in Mittel- und Osteuropa. Die neuen EU-Staaten im Vergleich<\/strong><\/h3>\n<p>Systematisch-vergleichende Bestandsaufnahme der zentralen Dimension der Regierungssysteme in den mittel- und osteurop\u00e4ischen EU-Staaten in Kooperation mit f\u00fchrenden Expert\/innen aus dem deutschsprachigen Raum. Die Ver\u00f6ffentlichung erfolgte 2011 im VS Verlag.<\/p>\n<p>Kooperationspartner: Prof. <abbr title=\"Doktor\">Dr.<\/abbr> Ferdinand M\u00fcller-Rommel (Leuphana Universit\u00e4t L\u00fcneburg).<\/p>\n<p>Finanzierung: Fritz-Thyssen-Stiftung.<\/p>\n<p>Laufzeit: 01.04.2009-30.09.2010.<\/p>\n<p>&nbsp;<\/p>\n<p>**********<\/p>\n<p>&nbsp;<\/p>\n<h3><strong>Party Governments in Central and Eastern Europe: Formation and Duration<\/strong><\/h3>\n<p>Vergleichende Analyse der Bildung und Stabilit\u00e4t und Regierungskoalitionen in den post-sozialistischen Demokratien Mittel- und Osteuropas. Ver\u00f6ffentlichung der Untersuchungsergebnisse in mehreren deutsch- und englischsprachigen Beitr\u00e4gen.<\/p>\n<p>Kooperationspartner: Prof. <abbr title=\"Doktor\">Dr.<\/abbr> Till Weber (EUI Florenz\/CUNY, New York).<\/p>\n<p>Laufzeit: 2009-2015.<\/p>\n<p>&nbsp;<\/p>\n<p>**********<\/p>\n<p>&nbsp;<\/p>\n<h3>Constitutional Development and Internationalisation<\/h3>\n<p>Publikationsprojekt zur Entwicklung des Konstitutionalismus auf nationalstaatlicher und supranationaler Ebene unter Mitwirkung europ\u00e4ischer, US-amerikanischer und ostasiatischer Rechts-, Wirtschafts- und Sozialwissenschaftler; Ver\u00f6ffentlichung der Untersuchungsergebnisse in Buchform (de Gruyter) sowie als Doppelheft der \u201eZeitschrift f\u00fcr Staats- und Europawissenschaften\/Journal for Comparative Government and European Policy\u201c (ZSE).<\/p>\n<p>Kooperationspartner: Prof. <abbr title=\"Doktor\">Dr.<\/abbr> Theo A.J. Toonen, University of Leiden.<\/p>\n<p>Laufzeit: 01.10.2006-31.12.2007.<\/p>\n<p>&nbsp;<\/p>\n<p>**********<\/p>\n<p>&nbsp;<\/p>\n<h3>Begleitforschung zum \u201eEU-Verfassungskonvent\u201c<\/h3>\n<p>Leitung: Prof. <abbr title=\"Doktor\">Dr.<\/abbr> Joachim Jens Hesse, Internationalen Instituts f\u00fcr Staats- und Europawissenschaften (ISE), Berlin.<\/p>\n<p>Laufzeit: 01.03.2002-31.12.2003.<\/p>\n<p>&nbsp;<\/p>\n<p>**********<\/p>\n<p>&nbsp;<\/p>\n<h3>Europ\u00e4isierung und nationale Staatsorganisation. Institutionenpolitik in f\u00f6deralen und unitarischen EU-Staaten im Vergleich<\/h3>\n<p>Habilitationsprojekt; Ver\u00f6ffentlichung der Studie im Nomos Verlag (2007).<\/p>\n<p>Laufzeit: 01.01.2002-31.05.2006.<\/p>\n<p>&nbsp;<\/p>\n<p>**********<\/p>\n<p>&nbsp;<\/p>\n<h3>Die Professionalisierung Europas: Kompetenzordnung, Transparenz und Effizienz im Rahmen der Europ\u00e4ischen Union<\/h3>\n<p>Vergleichende Untersuchung zur Reform der vertikalen und horizontalen Aufgabenteilung zwischen europ\u00e4ischer, nationaler und gliedstaatlicher Ebene; Ver\u00f6ffentlichung einer aktualisierten und erweiterten Buchfassung 2005 (Duncker &amp; Humblot).<\/p>\n<p>Projektleitung: Prof. <abbr title=\"Doktor\">Dr.<\/abbr> Joachim Jens Hesse, Internationalen Instituts f\u00fcr Staats- und Europawissenschaften (ISE), Berlin.<\/p>\n<p>Finanzierung: Taxpayers Association of Europe.<\/p>\n<p>Laufzeit: 01.10.2001-31.12.2002.<\/p>\n<p>&nbsp;<\/p>\n<p>**********<\/p>\n<p>&nbsp;<\/p>\n<h3>External Voting: Comparative Analysis of Electoral Legislation<\/h3>\n<p>Erstellung einer international-vergleichenden Studie zur institutionellen Regelung des Auslandswahlrechts.<\/p>\n<p>Leitung: Prof. <abbr title=\"Doktor\">Dr.<\/abbr> Dieter Nohlen, Universit\u00e4t Heidelberg.<\/p>\n<p>Finanzierung: International IDEA, Stockholm.<\/p>\n<p>Laufzeit: 01.04.2000-30.09.2000.<\/p>\n<p>&nbsp;<\/p>\n<p>**********<\/p>\n<p>&nbsp;<\/p>\n<h3>Elections in Asia and the Pacific<\/h3>\n<p>Erstellung eines historisch und geographisch vollst\u00e4ndigen Wahldatenhandbuchs f\u00fcr alle unabh\u00e4ngigen Staaten Asiens und des Pazifik unter Mitwirkung von ca. 50 Wissenschaftler\/innen aus mehr als 20 L\u00e4ndern; Ver\u00f6ffentlichung bei Oxford University Press (2 B\u00e4nde).<\/p>\n<p>Projektleitung: Prof. <abbr title=\"Doktor\">Dr.<\/abbr> Dieter Nohlen, Universit\u00e4t Heidelberg.<\/p>\n<p>Finanzierung: Deutsche Forschungsgemeinschaft.<\/p>\n<p>Laufzeit: 01.10.1998-30.09.2001.<\/p>\n<p>&nbsp;<\/p>\n<p>&nbsp;<\/p>\n<p>&nbsp;<\/p>\n","protected":false},"excerpt":{"rendered":"<p>&nbsp; &nbsp; &nbsp; Regierungssysteme in Mittel- und Osteuropa. Die neuen EU-Staaten im Vergleich Systematisch-vergleichende Bestandsaufnahme der zentralen Dimension der Regierungssysteme in den mittel- und osteurop\u00e4ischen EU-Staaten in Kooperation mit f\u00fchrenden [&hellip;]<\/p>\n","protected":false},"author":138,"featured_media":0,"parent":0,"menu_order":0,"comment_status":"closed","ping_status":"closed","template":"","meta":{"footnotes":""},"categories":[4],"tags":[],"class_list":["post-583","page","type-page","status-publish","hentry","category-forschung"],"_links":{"self":[{"href":"https:\/\/www.hsu-hh.de\/verglreg\/wp-json\/wp\/v2\/pages\/583","targetHints":{"allow":["GET"]}}],"collection":[{"href":"https:\/\/www.hsu-hh.de\/verglreg\/wp-json\/wp\/v2\/pages"}],"about":[{"href":"https:\/\/www.hsu-hh.de\/verglreg\/wp-json\/wp\/v2\/types\/page"}],"author":[{"embeddable":true,"href":"https:\/\/www.hsu-hh.de\/verglreg\/wp-json\/wp\/v2\/users\/138"}],"replies":[{"embeddable":true,"href":"https:\/\/www.hsu-hh.de\/verglreg\/wp-json\/wp\/v2\/comments?post=583"}],"version-history":[{"count":6,"href":"https:\/\/www.hsu-hh.de\/verglreg\/wp-json\/wp\/v2\/pages\/583\/revisions"}],"predecessor-version":[{"id":706,"href":"https:\/\/www.hsu-hh.de\/verglreg\/wp-json\/wp\/v2\/pages\/583\/revisions\/706"}],"wp:attachment":[{"href":"https:\/\/www.hsu-hh.de\/verglreg\/wp-json\/wp\/v2\/media?parent=583"}],"wp:term":[{"taxonomy":"category","embeddable":true,"href":"https:\/\/www.hsu-hh.de\/verglreg\/wp-json\/wp\/v2\/categories?post=583"},{"taxonomy":"post_tag","embeddable":true,"href":"https:\/\/www.hsu-hh.de\/verglreg\/wp-json\/wp\/v2\/tags?post=583"}],"curies":[{"name":"wp","href":"https:\/\/api.w.org\/{rel}","templated":true}]}}