{"id":562,"date":"2018-01-31T10:14:38","date_gmt":"2018-01-31T09:14:38","guid":{"rendered":"https:\/\/www.hsu-hh.de\/verglreg\/?page_id=562"},"modified":"2018-01-31T13:55:06","modified_gmt":"2018-01-31T12:55:06","slug":"das-deutsche-wahlsystem-ein-modell-fuer-mittel-und-osteuropaeische-transformationsstaaten","status":"publish","type":"page","link":"https:\/\/www.hsu-hh.de\/verglreg\/das-deutsche-wahlsystem-ein-modell-fuer-mittel-und-osteuropaeische-transformationsstaaten","title":{"rendered":"Das deutsche Wahlsystem: ein Modell f\u00fcr mittel- und osteurop\u00e4ische Transformationsstaaten"},"content":{"rendered":"<p>&nbsp;<\/p>\n<p>Kooperationspartner: Prof. <abbr title=\"Doktor\">Dr.<\/abbr> Nikolaj Grischin, Universit\u00e4t Astrachan, Russl\u00e4ndische F\u00f6deration.<\/p>\n<p>Finanzierung: DAAD.<\/p>\n<p>Laufzeit: 01.10.2013-30.11.2013.<\/p>\n<p>&nbsp;<\/p>\n<p>&nbsp;<\/p>\n<p>&nbsp;<\/p>\n","protected":false},"excerpt":{"rendered":"<p>&nbsp; Kooperationspartner: Prof. Dr. Nikolaj Grischin, Universit\u00e4t Astrachan, Russl\u00e4ndische F\u00f6deration. Finanzierung: DAAD. Laufzeit: 01.10.2013-30.11.2013. &nbsp; &nbsp; &nbsp;<\/p>\n","protected":false},"author":138,"featured_media":0,"parent":0,"menu_order":0,"comment_status":"closed","ping_status":"closed","template":"","meta":{"footnotes":""},"categories":[4],"tags":[],"class_list":["post-562","page","type-page","status-publish","hentry","category-forschung"],"_links":{"self":[{"href":"https:\/\/www.hsu-hh.de\/verglreg\/wp-json\/wp\/v2\/pages\/562","targetHints":{"allow":["GET"]}}],"collection":[{"href":"https:\/\/www.hsu-hh.de\/verglreg\/wp-json\/wp\/v2\/pages"}],"about":[{"href":"https:\/\/www.hsu-hh.de\/verglreg\/wp-json\/wp\/v2\/types\/page"}],"author":[{"embeddable":true,"href":"https:\/\/www.hsu-hh.de\/verglreg\/wp-json\/wp\/v2\/users\/138"}],"replies":[{"embeddable":true,"href":"https:\/\/www.hsu-hh.de\/verglreg\/wp-json\/wp\/v2\/comments?post=562"}],"version-history":[{"count":1,"href":"https:\/\/www.hsu-hh.de\/verglreg\/wp-json\/wp\/v2\/pages\/562\/revisions"}],"predecessor-version":[{"id":563,"href":"https:\/\/www.hsu-hh.de\/verglreg\/wp-json\/wp\/v2\/pages\/562\/revisions\/563"}],"wp:attachment":[{"href":"https:\/\/www.hsu-hh.de\/verglreg\/wp-json\/wp\/v2\/media?parent=562"}],"wp:term":[{"taxonomy":"category","embeddable":true,"href":"https:\/\/www.hsu-hh.de\/verglreg\/wp-json\/wp\/v2\/categories?post=562"},{"taxonomy":"post_tag","embeddable":true,"href":"https:\/\/www.hsu-hh.de\/verglreg\/wp-json\/wp\/v2\/tags?post=562"}],"curies":[{"name":"wp","href":"https:\/\/api.w.org\/{rel}","templated":true}]}}