{"id":522,"date":"2018-01-31T09:42:50","date_gmt":"2018-01-31T08:42:50","guid":{"rendered":"https:\/\/www.hsu-hh.de\/verglreg\/?page_id=522"},"modified":"2018-01-31T13:54:27","modified_gmt":"2018-01-31T12:54:27","slug":"agenda-setting-oder-agenda-kontrolle-die-praeferenzen-der-buerger-fuer-direktdemokratische-institutionen-in-deutschland","status":"publish","type":"page","link":"https:\/\/www.hsu-hh.de\/verglreg\/agenda-setting-oder-agenda-kontrolle-die-praeferenzen-der-buerger-fuer-direktdemokratische-institutionen-in-deutschland","title":{"rendered":"Agenda-Setting oder Agenda-Kontrolle? Die Pr\u00e4ferenzen der B\u00fcrger f\u00fcr direktdemokratische Institutionen in Deutschland"},"content":{"rendered":"<p>&nbsp;<\/p>\n<p>Das Projekt untersucht die gesellschaftliche Unterst\u00fctzung f\u00fcr direktdemokratische Institutionen. Im Mittelpunkt steht die Frage, inwiefern bestimmte Gruppen von B\u00fcrger\/innen spezifische Formen direktdemokratischer Beteiligung bevorzugen. Ziel ist es, die Pr\u00e4ferenzen f\u00fcr unterschiedliche direktdemokratische Institutionen durch politische Orientierungen und sozio-demografische Merkmale zu erkl\u00e4ren. Empirisch st\u00fctzt sich das Projekt auf einen Panel-Datensatz, der 2017 im Rahmen der Voting-Advice-Application (VAA) \u201eBundeswahlkompass\u201c erhoben wurde.<\/p>\n<p>Leitung: Prof. <abbr title=\"Doktor\">Dr.<\/abbr> Florian Grotz, <abbr title=\"Doktor\">Dr.<\/abbr> Marcel Lewandowsky (HSU Hamburg)<\/p>\n<p>&nbsp;<\/p>\n<p>&nbsp;<\/p>\n<p>&nbsp;<\/p>\n","protected":false},"excerpt":{"rendered":"<p>&nbsp; Das Projekt untersucht die gesellschaftliche Unterst\u00fctzung f\u00fcr direktdemokratische Institutionen. Im Mittelpunkt steht die Frage, inwiefern bestimmte Gruppen von B\u00fcrger\/innen spezifische Formen direktdemokratischer Beteiligung bevorzugen. Ziel ist es, die Pr\u00e4ferenzen [&hellip;]<\/p>\n","protected":false},"author":138,"featured_media":0,"parent":0,"menu_order":0,"comment_status":"closed","ping_status":"closed","template":"","meta":{"footnotes":""},"categories":[4],"tags":[],"class_list":["post-522","page","type-page","status-publish","hentry","category-forschung"],"_links":{"self":[{"href":"https:\/\/www.hsu-hh.de\/verglreg\/wp-json\/wp\/v2\/pages\/522","targetHints":{"allow":["GET"]}}],"collection":[{"href":"https:\/\/www.hsu-hh.de\/verglreg\/wp-json\/wp\/v2\/pages"}],"about":[{"href":"https:\/\/www.hsu-hh.de\/verglreg\/wp-json\/wp\/v2\/types\/page"}],"author":[{"embeddable":true,"href":"https:\/\/www.hsu-hh.de\/verglreg\/wp-json\/wp\/v2\/users\/138"}],"replies":[{"embeddable":true,"href":"https:\/\/www.hsu-hh.de\/verglreg\/wp-json\/wp\/v2\/comments?post=522"}],"version-history":[{"count":2,"href":"https:\/\/www.hsu-hh.de\/verglreg\/wp-json\/wp\/v2\/pages\/522\/revisions"}],"predecessor-version":[{"id":572,"href":"https:\/\/www.hsu-hh.de\/verglreg\/wp-json\/wp\/v2\/pages\/522\/revisions\/572"}],"wp:attachment":[{"href":"https:\/\/www.hsu-hh.de\/verglreg\/wp-json\/wp\/v2\/media?parent=522"}],"wp:term":[{"taxonomy":"category","embeddable":true,"href":"https:\/\/www.hsu-hh.de\/verglreg\/wp-json\/wp\/v2\/categories?post=522"},{"taxonomy":"post_tag","embeddable":true,"href":"https:\/\/www.hsu-hh.de\/verglreg\/wp-json\/wp\/v2\/tags?post=522"}],"curies":[{"name":"wp","href":"https:\/\/api.w.org\/{rel}","templated":true}]}}