{"id":501,"date":"2018-01-31T09:29:23","date_gmt":"2018-01-31T08:29:23","guid":{"rendered":"https:\/\/www.hsu-hh.de\/verglreg\/?page_id=501"},"modified":"2018-01-31T13:55:19","modified_gmt":"2018-01-31T12:55:19","slug":"mehr-demokratie-durch-demokratische-innovationen-die-veraenderung-politischer-gleichheit-durch-neue-beteiligungsformate","status":"publish","type":"page","link":"https:\/\/www.hsu-hh.de\/verglreg\/mehr-demokratie-durch-demokratische-innovationen-die-veraenderung-politischer-gleichheit-durch-neue-beteiligungsformate","title":{"rendered":"Mehr Demokratie durch demokratische Innovationen? Die Ver\u00e4nderung politischer Gleichheit durch neue Beteiligungsformate"},"content":{"rendered":"<p>&nbsp;<\/p>\n<p>Das Projekt ist an der Nahtstelle von normativer und empirischer Demokratieforschung angesiedelt. Es zielt darauf ab, die Realisierung eines zentralen Ideals der Demokratie \u2013 der politischen Gleichheit \u2013 in Bezug auf neue Beteiligungsformen (demokratische Innovationen) differenzierter zu verstehen. Forschungsleitende Annahme ist, dass demokratische Innovationen die Selektivit\u00e4t der Partizipation in der repr\u00e4sentativen Demokratie intensivieren und somit eine potenzielle Gef\u00e4hrdung des politischen Gleichheitsideals darstellen.<\/p>\n<p>Untersuchungsgegenstand sind innovative Beteiligungsformen in Deutschland auf Ebene der L\u00e4nder und Kommunen. Im Unterschied zur vorliegenden Literatur, die im Wesentlichen auf Befunden der Einstellungsforschung basiert, konzentriert sich das Projekt auf die systematische Rekonstruktion und Analyse institutionenpolitischer Diskurse.<\/p>\n<p>Die Diskursanalysen beziehen drei unterschiedliche Ebenen ein: die juristische, die politische und die massenmediale. Au\u00dferdem umfassen sie einen gro\u00dfen Zeitraum, da die Debatten \u00fcber neue Beteiligungsformen \u2013 insbesondere bei der direkten Demokratie \u2013 die gesamte Geschichte der Bundesrepublik durchziehen. Deshalb greift das Projekt auf Text-Mining-Tools zur\u00fcck, um umfangreiche Korpora im Volltext analysieren zu k\u00f6nnen.<\/p>\n<p>Das \u00fcbergeordnete Ziel des explorativen Forschungsvorhabens ist die Erarbeitung konzeptionell-theoretischer, methodischer und empirischer Grundlagen, die die Basis f\u00fcr einen gr\u00f6\u00dferen Drittmittelantrag bilden sollen.<\/p>\n<p>Leitung: Prof. <abbr title=\"Doktor\">Dr.<\/abbr> Florian Grotz, Prof. <abbr title=\"Doktor\">Dr.<\/abbr> Gary S. Schaal (HSU Hamburg).<\/p>\n<p>Mitarbeiter\/innen: Fr\u00e4nze Wilhelm, M.A.; Christoph Deppe M.A.<br \/>\nFinanzierung: Interne Forschungsf\u00f6rderung der HSU Hamburg.<br \/>\nLaufzeit: 01.07.2017-30.06.2019.<\/p>\n<p>&nbsp;<\/p>\n<p>&nbsp;<\/p>\n<p>&nbsp;<\/p>\n","protected":false},"excerpt":{"rendered":"<p>&nbsp; Das Projekt ist an der Nahtstelle von normativer und empirischer Demokratieforschung angesiedelt. Es zielt darauf ab, die Realisierung eines zentralen Ideals der Demokratie \u2013 der politischen Gleichheit \u2013 in [&hellip;]<\/p>\n","protected":false},"author":138,"featured_media":0,"parent":0,"menu_order":0,"comment_status":"closed","ping_status":"closed","template":"","meta":{"footnotes":""},"categories":[4],"tags":[],"class_list":["post-501","page","type-page","status-publish","hentry","category-forschung"],"_links":{"self":[{"href":"https:\/\/www.hsu-hh.de\/verglreg\/wp-json\/wp\/v2\/pages\/501","targetHints":{"allow":["GET"]}}],"collection":[{"href":"https:\/\/www.hsu-hh.de\/verglreg\/wp-json\/wp\/v2\/pages"}],"about":[{"href":"https:\/\/www.hsu-hh.de\/verglreg\/wp-json\/wp\/v2\/types\/page"}],"author":[{"embeddable":true,"href":"https:\/\/www.hsu-hh.de\/verglreg\/wp-json\/wp\/v2\/users\/138"}],"replies":[{"embeddable":true,"href":"https:\/\/www.hsu-hh.de\/verglreg\/wp-json\/wp\/v2\/comments?post=501"}],"version-history":[{"count":5,"href":"https:\/\/www.hsu-hh.de\/verglreg\/wp-json\/wp\/v2\/pages\/501\/revisions"}],"predecessor-version":[{"id":608,"href":"https:\/\/www.hsu-hh.de\/verglreg\/wp-json\/wp\/v2\/pages\/501\/revisions\/608"}],"wp:attachment":[{"href":"https:\/\/www.hsu-hh.de\/verglreg\/wp-json\/wp\/v2\/media?parent=501"}],"wp:term":[{"taxonomy":"category","embeddable":true,"href":"https:\/\/www.hsu-hh.de\/verglreg\/wp-json\/wp\/v2\/categories?post=501"},{"taxonomy":"post_tag","embeddable":true,"href":"https:\/\/www.hsu-hh.de\/verglreg\/wp-json\/wp\/v2\/tags?post=501"}],"curies":[{"name":"wp","href":"https:\/\/api.w.org\/{rel}","templated":true}]}}